
{"id":748,"date":"2014-11-11T11:14:05","date_gmt":"2014-11-11T11:14:05","guid":{"rendered":"http:\/\/anpsthemes.com\/constructo\/?page_id=11"},"modified":"2023-06-08T13:42:35","modified_gmt":"2023-06-08T13:42:35","slug":"uber-uns","status":"publish","type":"page","link":"https:\/\/ponistra-schaul.lu\/fr\/apropos\/","title":{"rendered":"\u00c0 propos de nous"},"content":{"rendered":"Nous sommes des experts dans la fabrication et l&rsquo;installation de fen\u00eatres en PVC, en aluminium et en bois, de portes d&rsquo;entr\u00e9e, de portes blind\u00e9es, de portes de garage, de volets roulants dans toutes leurs variations, de pergolas, de stores, ainsi que de protections solaires et anti-insectes. Vous pouvez \u00e9galement compter sur notre service de r\u00e9paration.\r\n\r\nPonistra Schaul s&rsquo;appuie sur plusieurs d\u00e9cennies d&rsquo;exp\u00e9rience. Que ce soit pour votre propri\u00e9t\u00e9 priv\u00e9e, un b\u00e2timent commercial ou des unit\u00e9s multifonctionnelles, nous sommes votre partenaire fiable au Luxembourg. De nombreux projets et r\u00e9f\u00e9rences clients t\u00e9moignent de notre savoir-faire. Avec l&rsquo;acquisition de l&rsquo;entreprise traditionnelle luxembourgeoise Schaul Serge &amp; Cie en 2020, nous avons franchi une \u00e9tape importante dans le cadre de nos activit\u00e9s, associant expertise, exp\u00e9rience et l&rsquo;utilisation de produits de haute qualit\u00e9.\r\n\r\nLe mot \u00ab\u00a0ponistra\u00a0\u00bb vient du croate et est principalement utilis\u00e9 dans la r\u00e9gion de la Dalmatie. Il signifie \u00ab\u00a0fen\u00eatre\u00a0\u00bb et reste un \u00e9l\u00e9ment central de notre nom d&rsquo;entreprise.\r\n\r\nNous sommes une entreprise de formation et travaillons avec les meilleurs partenaires et fournisseurs. Notre gamme de services est constamment mise \u00e0 jour. Vous nous trouverez \u00e9galement sur toutes les foires pertinentes du secteur dans la r\u00e9gion. <a href=\"mailto: info@ponistra-schaul.lu\">N&rsquo;h\u00e9sitez pas \u00e0 nous contacter avec votre demande.<\/a>.\r\n\r\n\r\n<figure class=\"wp-block-image size-full\"><img decoding=\"async\" loading=\"lazy\" width=\"502\" height=\"133\" class=\"wp-image-2913\" src=\"https:\/\/ponistra-schaul.lu\/wp-content\/uploads\/2023\/05\/logo-new-2023-2.jpg\" alt=\"\" srcset=\"https:\/\/ponistra-schaul.lu\/wp-content\/uploads\/2023\/05\/logo-new-2023-2.jpg 502w, https:\/\/ponistra-schaul.lu\/wp-content\/uploads\/2023\/05\/logo-new-2023-2-300x79.jpg 300w, https:\/\/ponistra-schaul.lu\/wp-content\/uploads\/2023\/05\/logo-new-2023-2-370x98.jpg 370w, https:\/\/ponistra-schaul.lu\/wp-content\/uploads\/2023\/05\/logo-new-2023-2-360x95.jpg 360w\" sizes=\"(max-width: 502px) 100vw, 502px\" \/><\/figure>\r\n","protected":false},"excerpt":{"rendered":"<p>Nous sommes des experts dans la fabrication et l&rsquo;installation de fen\u00eatres en PVC, en aluminium et en bois, de portes d&rsquo;entr\u00e9e, de portes blind\u00e9es, de portes de garage, de volets roulants dans toutes leurs variations, de pergolas, de stores, ainsi&#8230;<\/p>\n","protected":false},"author":1,"featured_media":0,"parent":0,"menu_order":0,"comment_status":"open","ping_status":"open","template":"","meta":[],"_links":{"self":[{"href":"https:\/\/ponistra-schaul.lu\/fr\/wp-json\/wp\/v2\/pages\/748"}],"collection":[{"href":"https:\/\/ponistra-schaul.lu\/fr\/wp-json\/wp\/v2\/pages"}],"about":[{"href":"https:\/\/ponistra-schaul.lu\/fr\/wp-json\/wp\/v2\/types\/page"}],"author":[{"embeddable":true,"href":"https:\/\/ponistra-schaul.lu\/fr\/wp-json\/wp\/v2\/users\/1"}],"replies":[{"embeddable":true,"href":"https:\/\/ponistra-schaul.lu\/fr\/wp-json\/wp\/v2\/comments?post=748"}],"version-history":[{"count":6,"href":"https:\/\/ponistra-schaul.lu\/fr\/wp-json\/wp\/v2\/pages\/748\/revisions"}],"predecessor-version":[{"id":3002,"href":"https:\/\/ponistra-schaul.lu\/fr\/wp-json\/wp\/v2\/pages\/748\/revisions\/3002"}],"wp:attachment":[{"href":"https:\/\/ponistra-schaul.lu\/fr\/wp-json\/wp\/v2\/media?parent=748"}],"curies":[{"name":"wp","href":"https:\/\/api.w.org\/{rel}","templated":true}]}}