
{"id":747,"date":"2014-11-11T11:13:51","date_gmt":"2014-11-11T11:13:51","guid":{"rendered":"http:\/\/anpsthemes.com\/constructo\/?page_id=9"},"modified":"2025-04-04T16:38:23","modified_gmt":"2025-04-04T16:38:23","slug":"leistungen","status":"publish","type":"page","link":"https:\/\/ponistra-schaul.lu\/fr\/prestations\/","title":{"rendered":"Prestations"},"content":{"rendered":"<p>[vc_row][vc_column][vc_column_text]La fabrication et l&rsquo;installation professionnelle de fen\u00eatres et de portes (de maison) occupent une place centrale dans la large gamme de services de l&rsquo;entreprise Ponistra Schaul. Dans notre atelier situ\u00e9 dans la zone industrielle Haneboesch \u00e0 Niederkorn, nous produisons des fen\u00eatres et des portes en PVC. Nous proposons \u00e9galement \u00e0 nos clients des fen\u00eatres en aluminium ou en bois, que nous \u00e9quipons bien entendu de syst\u00e8mes de volets roulants, de la technologie des stores ext\u00e9rieurs et de protections contre les insectes ad\u00e9quats et intelligents.<\/p>\n<p>Nous consid\u00e9rons \u00e9galement la porte d&rsquo;entr\u00e9e comme l\u2019image de votre maison. Nous collaborons avec des partenaires renomm\u00e9s et innovants pour trouver une solution attractive, stable et s\u00e9curis\u00e9e pour votre entr\u00e9e. En association avec une bo\u00eete aux lettres appropri\u00e9e, elle aura d&rsquo;ailleurs une meilleure apparence.<\/p>\n<p>La pose de portes sectionnelles de garage et de portes de service de notre partenaire H\u00f6rmann fait \u00e9galement partie de nos domaines d&rsquo;activit\u00e9, offrant une utilisation optimale de l&rsquo;ouverture compl\u00e8te du garage.<\/p>\n<p>Les protections solaires et les pergolas sont tr\u00e8s populaires, souvent utilis\u00e9es comme liaison entre la maison et la terrasse et fabriqu\u00e9es \u00e0 partir de diff\u00e9rents mat\u00e9riaux. Les pergolas bioclimatiques sont particuli\u00e8rement tendances.<\/p>\n<p>Enfin, Ponistra Schaul prend \u00e9galement en charge les services, la maintenance et les r\u00e9parations de fen\u00eatres, de portes, de portes de garage, de volets roulants, etc. Nous sommes toujours disponibles pour vous, appelez-nous et fixez un <a href=\"info@ponistra-schaul.lu\">RDV<\/a>.<\/p>\n<p><img decoding=\"async\" loading=\"lazy\" class=\"alignnone size-medium wp-image-2913\" src=\"https:\/\/ponistra-schaul.lu\/wp-content\/uploads\/2023\/05\/logo-new-2023-2-300x79.jpg\" alt=\"\" width=\"300\" height=\"79\" srcset=\"https:\/\/ponistra-schaul.lu\/wp-content\/uploads\/2023\/05\/logo-new-2023-2-300x79.jpg 300w, https:\/\/ponistra-schaul.lu\/wp-content\/uploads\/2023\/05\/logo-new-2023-2-370x98.jpg 370w, https:\/\/ponistra-schaul.lu\/wp-content\/uploads\/2023\/05\/logo-new-2023-2-360x95.jpg 360w, https:\/\/ponistra-schaul.lu\/wp-content\/uploads\/2023\/05\/logo-new-2023-2.jpg 502w\" sizes=\"(max-width: 300px) 100vw, 300px\" \/><\/p>\n","protected":false},"excerpt":{"rendered":"<p>[vc_row][vc_column][vc_column_text]La fabrication et l&rsquo;installation professionnelle de fen\u00eatres et de portes (de maison) occupent une place centrale dans la large gamme de services de l&rsquo;entreprise Ponistra Schaul. Dans notre atelier situ\u00e9 dans la zone industrielle Haneboesch \u00e0 Niederkorn, nous produisons des&#8230;<\/p>\n","protected":false},"author":1,"featured_media":0,"parent":0,"menu_order":0,"comment_status":"open","ping_status":"open","template":"","meta":[],"_links":{"self":[{"href":"https:\/\/ponistra-schaul.lu\/fr\/wp-json\/wp\/v2\/pages\/747"}],"collection":[{"href":"https:\/\/ponistra-schaul.lu\/fr\/wp-json\/wp\/v2\/pages"}],"about":[{"href":"https:\/\/ponistra-schaul.lu\/fr\/wp-json\/wp\/v2\/types\/page"}],"author":[{"embeddable":true,"href":"https:\/\/ponistra-schaul.lu\/fr\/wp-json\/wp\/v2\/users\/1"}],"replies":[{"embeddable":true,"href":"https:\/\/ponistra-schaul.lu\/fr\/wp-json\/wp\/v2\/comments?post=747"}],"version-history":[{"count":13,"href":"https:\/\/ponistra-schaul.lu\/fr\/wp-json\/wp\/v2\/pages\/747\/revisions"}],"predecessor-version":[{"id":3370,"href":"https:\/\/ponistra-schaul.lu\/fr\/wp-json\/wp\/v2\/pages\/747\/revisions\/3370"}],"wp:attachment":[{"href":"https:\/\/ponistra-schaul.lu\/fr\/wp-json\/wp\/v2\/media?parent=747"}],"curies":[{"name":"wp","href":"https:\/\/api.w.org\/{rel}","templated":true}]}}