
{"id":597,"date":"2014-11-11T11:09:47","date_gmt":"2014-11-11T11:09:47","guid":{"rendered":"http:\/\/anpsthemes.com\/constructo\/?page_id=5"},"modified":"2023-07-04T08:26:42","modified_gmt":"2023-07-04T08:26:42","slug":"home","status":"publish","type":"page","link":"https:\/\/ponistra-schaul.lu\/fr\/","title":{"rendered":"Accueil"},"content":{"rendered":"<p>[vc_row has_content=\u00a0\u00bbtrue\u00a0\u00bb][vc_column][rev_slider_vc alias=\u00a0\u00bbmain-slider-1&Prime;][vc_empty_space][vc_row_inner][vc_column_inner width=\u00a0\u00bb1\/3&Prime;]<a href=\"leistungen\/fenster\/\" class=\"f-content f-content--style-1\"><div class=\"f-content__image\"><img width=\"2560\" height=\"2211\" src=\"https:\/\/ponistra-schaul.lu\/wp-content\/uploads\/2023\/05\/portfolio-fenster-scaled.jpg\" class=\"attachment-full size-full\" alt=\"\" decoding=\"async\" loading=\"lazy\" srcset=\"https:\/\/ponistra-schaul.lu\/wp-content\/uploads\/2023\/05\/portfolio-fenster-scaled.jpg 2560w, https:\/\/ponistra-schaul.lu\/wp-content\/uploads\/2023\/05\/portfolio-fenster-300x259.jpg 300w, https:\/\/ponistra-schaul.lu\/wp-content\/uploads\/2023\/05\/portfolio-fenster-1024x884.jpg 1024w, https:\/\/ponistra-schaul.lu\/wp-content\/uploads\/2023\/05\/portfolio-fenster-768x663.jpg 768w, https:\/\/ponistra-schaul.lu\/wp-content\/uploads\/2023\/05\/portfolio-fenster-1536x1327.jpg 1536w, https:\/\/ponistra-schaul.lu\/wp-content\/uploads\/2023\/05\/portfolio-fenster-2048x1769.jpg 2048w, https:\/\/ponistra-schaul.lu\/wp-content\/uploads\/2023\/05\/portfolio-fenster-370x320.jpg 370w, https:\/\/ponistra-schaul.lu\/wp-content\/uploads\/2023\/05\/portfolio-fenster-1200x1036.jpg 1200w, https:\/\/ponistra-schaul.lu\/wp-content\/uploads\/2023\/05\/portfolio-fenster-360x311.jpg 360w, https:\/\/ponistra-schaul.lu\/wp-content\/uploads\/2023\/05\/portfolio-fenster-600x518.jpg 600w\" sizes=\"(max-width: 2560px) 100vw, 2560px\" \/><\/div><div class=\"f-content__wrap\"><div class=\"f-content__inner-wrap\"><div class=\"f-content__icon\"><i class=\"fa fa-hand-o-up\"><\/i><\/div><div class=\"f-content__title\">Fen\u00eatres<\/div><div class=\"f-content__divider\"><\/div><\/div><div class=\"f-content__content\"><\/div><\/div><\/a>[\/vc_column_inner][vc_column_inner width=\u00a0\u00bb1\/3&Prime;]<a href=\"leistungen\/haustueren\/\" class=\"f-content f-content--style-1\"><div class=\"f-content__image\"><img width=\"2560\" height=\"2211\" src=\"https:\/\/ponistra-schaul.lu\/wp-content\/uploads\/2023\/05\/portfolio-haustuere-scaled.jpg\" class=\"attachment-full size-full\" alt=\"\" decoding=\"async\" loading=\"lazy\" srcset=\"https:\/\/ponistra-schaul.lu\/wp-content\/uploads\/2023\/05\/portfolio-haustuere-scaled.jpg 2560w, https:\/\/ponistra-schaul.lu\/wp-content\/uploads\/2023\/05\/portfolio-haustuere-300x259.jpg 300w, https:\/\/ponistra-schaul.lu\/wp-content\/uploads\/2023\/05\/portfolio-haustuere-1024x884.jpg 1024w, https:\/\/ponistra-schaul.lu\/wp-content\/uploads\/2023\/05\/portfolio-haustuere-768x663.jpg 768w, https:\/\/ponistra-schaul.lu\/wp-content\/uploads\/2023\/05\/portfolio-haustuere-1536x1327.jpg 1536w, https:\/\/ponistra-schaul.lu\/wp-content\/uploads\/2023\/05\/portfolio-haustuere-2048x1769.jpg 2048w, https:\/\/ponistra-schaul.lu\/wp-content\/uploads\/2023\/05\/portfolio-haustuere-370x320.jpg 370w, https:\/\/ponistra-schaul.lu\/wp-content\/uploads\/2023\/05\/portfolio-haustuere-1200x1036.jpg 1200w, https:\/\/ponistra-schaul.lu\/wp-content\/uploads\/2023\/05\/portfolio-haustuere-360x311.jpg 360w, https:\/\/ponistra-schaul.lu\/wp-content\/uploads\/2023\/05\/portfolio-haustuere-600x518.jpg 600w\" sizes=\"(max-width: 2560px) 100vw, 2560px\" \/><\/div><div class=\"f-content__wrap\"><div class=\"f-content__inner-wrap\"><div class=\"f-content__icon\"><i class=\"fa fa-hand-o-up\"><\/i><\/div><div class=\"f-content__title\">Portes d'entr\u00e9e<\/div><div class=\"f-content__divider\"><\/div><\/div><div class=\"f-content__content\"><\/div><\/div><\/a>[\/vc_column_inner][vc_column_inner width=\u00a0\u00bb1\/3&Prime;]<a href=\"leistungen\/garagentore\/\" class=\"f-content f-content--style-1\"><div class=\"f-content__image\"><img width=\"2560\" height=\"2211\" src=\"https:\/\/ponistra-schaul.lu\/wp-content\/uploads\/2023\/05\/portfolio-garage-1-scaled.jpg\" class=\"attachment-full size-full\" alt=\"\" decoding=\"async\" loading=\"lazy\" srcset=\"https:\/\/ponistra-schaul.lu\/wp-content\/uploads\/2023\/05\/portfolio-garage-1-scaled.jpg 2560w, https:\/\/ponistra-schaul.lu\/wp-content\/uploads\/2023\/05\/portfolio-garage-1-300x259.jpg 300w, https:\/\/ponistra-schaul.lu\/wp-content\/uploads\/2023\/05\/portfolio-garage-1-1024x884.jpg 1024w, https:\/\/ponistra-schaul.lu\/wp-content\/uploads\/2023\/05\/portfolio-garage-1-768x663.jpg 768w, https:\/\/ponistra-schaul.lu\/wp-content\/uploads\/2023\/05\/portfolio-garage-1-1536x1327.jpg 1536w, https:\/\/ponistra-schaul.lu\/wp-content\/uploads\/2023\/05\/portfolio-garage-1-2048x1769.jpg 2048w, https:\/\/ponistra-schaul.lu\/wp-content\/uploads\/2023\/05\/portfolio-garage-1-370x320.jpg 370w, https:\/\/ponistra-schaul.lu\/wp-content\/uploads\/2023\/05\/portfolio-garage-1-1200x1036.jpg 1200w, https:\/\/ponistra-schaul.lu\/wp-content\/uploads\/2023\/05\/portfolio-garage-1-360x311.jpg 360w, https:\/\/ponistra-schaul.lu\/wp-content\/uploads\/2023\/05\/portfolio-garage-1-600x518.jpg 600w\" sizes=\"(max-width: 2560px) 100vw, 2560px\" \/><\/div><div class=\"f-content__wrap\"><div class=\"f-content__inner-wrap\"><div class=\"f-content__icon\"><i class=\"fa fa-hand-o-up\"><\/i><\/div><div class=\"f-content__title\">Portes de garage<\/div><div class=\"f-content__divider\"><\/div><\/div><div class=\"f-content__content\"><\/div><\/div><\/a>[\/vc_column_inner][\/vc_row_inner][vc_row_inner][vc_column_inner width=\u00a0\u00bb1\/3&Prime;]<a href=\"leistungen\/rolladentechnik\/\" class=\"f-content f-content--style-2\"><div class=\"f-content__image\"><img width=\"2560\" height=\"2211\" src=\"https:\/\/ponistra-schaul.lu\/wp-content\/uploads\/2023\/05\/portfolio-rolladen-scaled.jpg\" class=\"attachment-full size-full\" alt=\"\" decoding=\"async\" loading=\"lazy\" srcset=\"https:\/\/ponistra-schaul.lu\/wp-content\/uploads\/2023\/05\/portfolio-rolladen-scaled.jpg 2560w, https:\/\/ponistra-schaul.lu\/wp-content\/uploads\/2023\/05\/portfolio-rolladen-300x259.jpg 300w, https:\/\/ponistra-schaul.lu\/wp-content\/uploads\/2023\/05\/portfolio-rolladen-1024x884.jpg 1024w, https:\/\/ponistra-schaul.lu\/wp-content\/uploads\/2023\/05\/portfolio-rolladen-768x663.jpg 768w, https:\/\/ponistra-schaul.lu\/wp-content\/uploads\/2023\/05\/portfolio-rolladen-1536x1327.jpg 1536w, https:\/\/ponistra-schaul.lu\/wp-content\/uploads\/2023\/05\/portfolio-rolladen-2048x1769.jpg 2048w, https:\/\/ponistra-schaul.lu\/wp-content\/uploads\/2023\/05\/portfolio-rolladen-370x320.jpg 370w, https:\/\/ponistra-schaul.lu\/wp-content\/uploads\/2023\/05\/portfolio-rolladen-1200x1036.jpg 1200w, https:\/\/ponistra-schaul.lu\/wp-content\/uploads\/2023\/05\/portfolio-rolladen-360x311.jpg 360w, https:\/\/ponistra-schaul.lu\/wp-content\/uploads\/2023\/05\/portfolio-rolladen-600x518.jpg 600w\" sizes=\"(max-width: 2560px) 100vw, 2560px\" \/><\/div><div class=\"f-content__wrap\"><div class=\"f-content__inner-wrap\"><div class=\"f-content__icon\"><i class=\"fa fa-hand-o-up\"><\/i><\/div><div class=\"f-content__title\">Volet roulant \/ Raffstore<\/div><div class=\"f-content__divider\"><\/div><\/div><div class=\"f-content__content\"><\/div><\/div><\/a><a href=\"leistungen\/blindoturen\/\" class=\"f-content f-content--style-2\"><div class=\"f-content__image\"><img width=\"2560\" height=\"2211\" src=\"https:\/\/ponistra-schaul.lu\/wp-content\/uploads\/2023\/05\/portfolio-blindo-scaled.jpg\" class=\"attachment-full size-full\" alt=\"\" decoding=\"async\" loading=\"lazy\" srcset=\"https:\/\/ponistra-schaul.lu\/wp-content\/uploads\/2023\/05\/portfolio-blindo-scaled.jpg 2560w, https:\/\/ponistra-schaul.lu\/wp-content\/uploads\/2023\/05\/portfolio-blindo-300x259.jpg 300w, https:\/\/ponistra-schaul.lu\/wp-content\/uploads\/2023\/05\/portfolio-blindo-1024x884.jpg 1024w, https:\/\/ponistra-schaul.lu\/wp-content\/uploads\/2023\/05\/portfolio-blindo-768x663.jpg 768w, https:\/\/ponistra-schaul.lu\/wp-content\/uploads\/2023\/05\/portfolio-blindo-1536x1327.jpg 1536w, https:\/\/ponistra-schaul.lu\/wp-content\/uploads\/2023\/05\/portfolio-blindo-2048x1769.jpg 2048w, https:\/\/ponistra-schaul.lu\/wp-content\/uploads\/2023\/05\/portfolio-blindo-370x320.jpg 370w, https:\/\/ponistra-schaul.lu\/wp-content\/uploads\/2023\/05\/portfolio-blindo-1200x1036.jpg 1200w, https:\/\/ponistra-schaul.lu\/wp-content\/uploads\/2023\/05\/portfolio-blindo-360x311.jpg 360w, https:\/\/ponistra-schaul.lu\/wp-content\/uploads\/2023\/05\/portfolio-blindo-600x518.jpg 600w\" sizes=\"(max-width: 2560px) 100vw, 2560px\" \/><\/div><div class=\"f-content__wrap\"><div class=\"f-content__inner-wrap\"><div class=\"f-content__icon\"><i class=\"fa fa-hand-o-up\"><\/i><\/div><div class=\"f-content__title\">Portes blind\u00e9es<\/div><div class=\"f-content__divider\"><\/div><\/div><div class=\"f-content__content\"><\/div><\/div><\/a>[\/vc_column_inner][vc_column_inner width=\u00a0\u00bb1\/3&Prime;]<a href=\"leistungen\/marquisen-pergolas\/\" class=\"f-content f-content--style-1\"><div class=\"f-content__image\"><img width=\"2560\" height=\"2211\" src=\"https:\/\/ponistra-schaul.lu\/wp-content\/uploads\/2023\/05\/portfolio-pergola-scaled.jpg\" class=\"attachment-full size-full\" alt=\"\" decoding=\"async\" loading=\"lazy\" srcset=\"https:\/\/ponistra-schaul.lu\/wp-content\/uploads\/2023\/05\/portfolio-pergola-scaled.jpg 2560w, https:\/\/ponistra-schaul.lu\/wp-content\/uploads\/2023\/05\/portfolio-pergola-300x259.jpg 300w, https:\/\/ponistra-schaul.lu\/wp-content\/uploads\/2023\/05\/portfolio-pergola-1024x884.jpg 1024w, https:\/\/ponistra-schaul.lu\/wp-content\/uploads\/2023\/05\/portfolio-pergola-768x663.jpg 768w, https:\/\/ponistra-schaul.lu\/wp-content\/uploads\/2023\/05\/portfolio-pergola-1536x1327.jpg 1536w, https:\/\/ponistra-schaul.lu\/wp-content\/uploads\/2023\/05\/portfolio-pergola-2048x1769.jpg 2048w, https:\/\/ponistra-schaul.lu\/wp-content\/uploads\/2023\/05\/portfolio-pergola-370x320.jpg 370w, https:\/\/ponistra-schaul.lu\/wp-content\/uploads\/2023\/05\/portfolio-pergola-1200x1036.jpg 1200w, https:\/\/ponistra-schaul.lu\/wp-content\/uploads\/2023\/05\/portfolio-pergola-360x311.jpg 360w, https:\/\/ponistra-schaul.lu\/wp-content\/uploads\/2023\/05\/portfolio-pergola-600x518.jpg 600w\" sizes=\"(max-width: 2560px) 100vw, 2560px\" \/><\/div><div class=\"f-content__wrap\"><div class=\"f-content__inner-wrap\"><div class=\"f-content__icon\"><i class=\"fa fa-hand-o-up\"><\/i><\/div><div class=\"f-content__title\">Pergolas \/ Marquises<\/div><div class=\"f-content__divider\"><\/div><\/div><div class=\"f-content__content\"><\/div><\/div><\/a><a href=\"leistungen\/briefkastenanlagen\/\" class=\"f-content f-content--style-1\"><div class=\"f-content__image\"><img width=\"2560\" height=\"2211\" src=\"https:\/\/ponistra-schaul.lu\/wp-content\/uploads\/2023\/05\/portfolio-briefkasten-scaled.jpg\" class=\"attachment-full size-full\" alt=\"\" decoding=\"async\" loading=\"lazy\" srcset=\"https:\/\/ponistra-schaul.lu\/wp-content\/uploads\/2023\/05\/portfolio-briefkasten-scaled.jpg 2560w, https:\/\/ponistra-schaul.lu\/wp-content\/uploads\/2023\/05\/portfolio-briefkasten-300x259.jpg 300w, https:\/\/ponistra-schaul.lu\/wp-content\/uploads\/2023\/05\/portfolio-briefkasten-1024x884.jpg 1024w, https:\/\/ponistra-schaul.lu\/wp-content\/uploads\/2023\/05\/portfolio-briefkasten-768x663.jpg 768w, https:\/\/ponistra-schaul.lu\/wp-content\/uploads\/2023\/05\/portfolio-briefkasten-1536x1327.jpg 1536w, https:\/\/ponistra-schaul.lu\/wp-content\/uploads\/2023\/05\/portfolio-briefkasten-2048x1769.jpg 2048w, https:\/\/ponistra-schaul.lu\/wp-content\/uploads\/2023\/05\/portfolio-briefkasten-370x320.jpg 370w, https:\/\/ponistra-schaul.lu\/wp-content\/uploads\/2023\/05\/portfolio-briefkasten-1200x1036.jpg 1200w, https:\/\/ponistra-schaul.lu\/wp-content\/uploads\/2023\/05\/portfolio-briefkasten-360x311.jpg 360w, https:\/\/ponistra-schaul.lu\/wp-content\/uploads\/2023\/05\/portfolio-briefkasten-600x518.jpg 600w\" sizes=\"(max-width: 2560px) 100vw, 2560px\" \/><\/div><div class=\"f-content__wrap\"><div class=\"f-content__inner-wrap\"><div class=\"f-content__icon\"><i class=\"fa fa-hand-o-up\"><\/i><\/div><div class=\"f-content__title\">Bo\u00eetes aux lettres<\/div><div class=\"f-content__divider\"><\/div><\/div><div class=\"f-content__content\"><\/div><\/div><\/a>[\/vc_column_inner][vc_column_inner width=\u00a0\u00bb1\/3&Prime;]<a href=\"leistungen\/fliegengitter\/\" class=\"f-content f-content--style-1\"><div class=\"f-content__image\"><img width=\"2560\" height=\"2211\" src=\"https:\/\/ponistra-schaul.lu\/wp-content\/uploads\/2023\/05\/portfolio-fliegengitter-scaled.jpg\" class=\"attachment-full size-full\" alt=\"\" decoding=\"async\" loading=\"lazy\" srcset=\"https:\/\/ponistra-schaul.lu\/wp-content\/uploads\/2023\/05\/portfolio-fliegengitter-scaled.jpg 2560w, https:\/\/ponistra-schaul.lu\/wp-content\/uploads\/2023\/05\/portfolio-fliegengitter-300x259.jpg 300w, https:\/\/ponistra-schaul.lu\/wp-content\/uploads\/2023\/05\/portfolio-fliegengitter-1024x884.jpg 1024w, https:\/\/ponistra-schaul.lu\/wp-content\/uploads\/2023\/05\/portfolio-fliegengitter-768x663.jpg 768w, https:\/\/ponistra-schaul.lu\/wp-content\/uploads\/2023\/05\/portfolio-fliegengitter-1536x1327.jpg 1536w, https:\/\/ponistra-schaul.lu\/wp-content\/uploads\/2023\/05\/portfolio-fliegengitter-2048x1769.jpg 2048w, https:\/\/ponistra-schaul.lu\/wp-content\/uploads\/2023\/05\/portfolio-fliegengitter-370x320.jpg 370w, https:\/\/ponistra-schaul.lu\/wp-content\/uploads\/2023\/05\/portfolio-fliegengitter-1200x1036.jpg 1200w, https:\/\/ponistra-schaul.lu\/wp-content\/uploads\/2023\/05\/portfolio-fliegengitter-360x311.jpg 360w, https:\/\/ponistra-schaul.lu\/wp-content\/uploads\/2023\/05\/portfolio-fliegengitter-600x518.jpg 600w\" sizes=\"(max-width: 2560px) 100vw, 2560px\" \/><\/div><div class=\"f-content__wrap\"><div class=\"f-content__inner-wrap\"><div class=\"f-content__icon\"><i class=\"fa fa-hand-o-up\"><\/i><\/div><div class=\"f-content__title\">Moustiquaires \/ Protection solaires et visuelle<\/div><div class=\"f-content__divider\"><\/div><\/div><div class=\"f-content__content\"><\/div><\/div><\/a><a href=\"leistungen\/reparaturservice\/\" class=\"f-content f-content--style-1\"><div class=\"f-content__image\"><img width=\"2560\" height=\"2211\" src=\"https:\/\/ponistra-schaul.lu\/wp-content\/uploads\/2023\/05\/portfolio-reparatur-1-scaled.jpg\" class=\"attachment-full size-full\" alt=\"\" decoding=\"async\" loading=\"lazy\" srcset=\"https:\/\/ponistra-schaul.lu\/wp-content\/uploads\/2023\/05\/portfolio-reparatur-1-scaled.jpg 2560w, https:\/\/ponistra-schaul.lu\/wp-content\/uploads\/2023\/05\/portfolio-reparatur-1-300x259.jpg 300w, https:\/\/ponistra-schaul.lu\/wp-content\/uploads\/2023\/05\/portfolio-reparatur-1-1024x884.jpg 1024w, https:\/\/ponistra-schaul.lu\/wp-content\/uploads\/2023\/05\/portfolio-reparatur-1-768x663.jpg 768w, https:\/\/ponistra-schaul.lu\/wp-content\/uploads\/2023\/05\/portfolio-reparatur-1-1536x1327.jpg 1536w, https:\/\/ponistra-schaul.lu\/wp-content\/uploads\/2023\/05\/portfolio-reparatur-1-2048x1769.jpg 2048w, https:\/\/ponistra-schaul.lu\/wp-content\/uploads\/2023\/05\/portfolio-reparatur-1-370x320.jpg 370w, https:\/\/ponistra-schaul.lu\/wp-content\/uploads\/2023\/05\/portfolio-reparatur-1-1200x1036.jpg 1200w, https:\/\/ponistra-schaul.lu\/wp-content\/uploads\/2023\/05\/portfolio-reparatur-1-360x311.jpg 360w, https:\/\/ponistra-schaul.lu\/wp-content\/uploads\/2023\/05\/portfolio-reparatur-1-600x518.jpg 600w\" sizes=\"(max-width: 2560px) 100vw, 2560px\" \/><\/div><div class=\"f-content__wrap\"><div class=\"f-content__inner-wrap\"><div class=\"f-content__icon\"><i class=\"fa fa-hand-o-up\"><\/i><\/div><div class=\"f-content__title\">Service de r\u00e9paration<\/div><div class=\"f-content__divider\"><\/div><\/div><div class=\"f-content__content\"><\/div><\/div><\/a>[\/vc_column_inner][\/vc_row_inner][\/vc_column][\/vc_row][vc_row full_width=\u00a0\u00bbstretch_row\u00a0\u00bb css=\u00a0\u00bb.vc_custom_1436374471742{margin-top: 50px !important;padding-top: 30px !important;padding-bottom: 50px !important;background-color: #262626 !important;}\u00a0\u00bb has_content=\u00a0\u00bbinside\u00a0\u00bb][vc_column]<div class='container'><div class='row owly'><div class='col-md-6 col-xs-6'><h2 style='color:#c1c1c1;'>Nos projets<\/h2><\/div><div class='col-xs-6 col-md-6 align-right'><a class='owlprev' style='background:#3d3d3d;'><i class='fa fa-chevron-left' style='color:#c1c1c1;'><\/i><\/a><a class='owlnext' style='background:#3d3d3d;'><i class='fa fa-chevron-right' style='color:#c1c1c1;'><\/i><\/a><\/div><\/div><\/div><ul class='owl-carousel recentportfolio clearfix' data-col=4><li class='item item-type-line'><a class='item-hover' href=https:\/\/ponistra-schaul.lu\/fr\/portfolio\/sicherheitsturen-blindo\/><div class='mask'><\/div><div class='item-info'><div class='headline'><h2>Sicherheitst\u00fcren (Blindo)<\/h2><\/div><\/div><\/a><div class='item-img'><img width=\"360\" height=\"267\" src=\"https:\/\/ponistra-schaul.lu\/wp-content\/uploads\/2023\/06\/maxdoor-blindo-1-360x267.jpg\" class=\"attachment-post-thumb size-post-thumb wp-post-image\" alt=\"\" decoding=\"async\" loading=\"lazy\" \/><\/div><\/li><li class='item item-type-line'><a class='item-hover' href=https:\/\/ponistra-schaul.lu\/fr\/portfolio\/aussenanlage\/><div class='mask'><\/div><div class='item-info'><div class='headline'><h2>Garagentore<\/h2><\/div><\/div><\/a><div class='item-img'><img width=\"360\" height=\"267\" src=\"https:\/\/ponistra-schaul.lu\/wp-content\/uploads\/2018\/09\/houston-3288450-360x267.jpg\" class=\"attachment-post-thumb size-post-thumb wp-post-image\" alt=\"\" decoding=\"async\" loading=\"lazy\" \/><\/div><\/li><li class='item item-type-line'><a class='item-hover' href=https:\/\/ponistra-schaul.lu\/fr\/portfolio\/eingangstor\/><div class='mask'><\/div><div class='item-info'><div class='headline'><h2>Fenster<\/h2><\/div><\/div><\/a><div class='item-img'><img width=\"360\" height=\"267\" src=\"https:\/\/ponistra-schaul.lu\/wp-content\/uploads\/2022\/10\/Rolladen-360x267.jpg\" class=\"attachment-post-thumb size-post-thumb wp-post-image\" alt=\"\" decoding=\"async\" loading=\"lazy\" \/><\/div><\/li><li class='item item-type-line'><a class='item-hover' href=https:\/\/ponistra-schaul.lu\/fr\/portfolio\/badmobel-und-einbauschrank\/><div class='mask'><\/div><div class='item-info'><div class='headline'><h2>Neubau komplett<\/h2><\/div><\/div><\/a><div class='item-img'><img width=\"360\" height=\"267\" src=\"https:\/\/ponistra-schaul.lu\/wp-content\/uploads\/2022\/10\/garagentor-4-360x267.jpg\" class=\"attachment-post-thumb size-post-thumb wp-post-image\" alt=\"\" decoding=\"async\" loading=\"lazy\" \/><\/div><\/li><li class='item item-type-line'><a class='item-hover' href=https:\/\/ponistra-schaul.lu\/fr\/portfolio\/empfangsbereich-sideboards\/><div class='mask'><\/div><div class='item-info'><div class='headline'><h2>Briefkastenanlagen<\/h2><\/div><\/div><\/a><div class='item-img'><img width=\"360\" height=\"267\" src=\"https:\/\/ponistra-schaul.lu\/wp-content\/uploads\/2022\/10\/briefkasten-2-360x267.jpg\" class=\"attachment-post-thumb size-post-thumb wp-post-image\" alt=\"\" decoding=\"async\" loading=\"lazy\" \/><\/div><\/li><\/ul>[\/vc_column][\/vc_row][vc_row][vc_column width=\u00a0\u00bb1\/2&Prime;][vc_empty_space height=\u00a0\u00bb64px\u00a0\u00bb]<h3 class='heading-content  style-1' ><span>PLUS DE 25 ANS D&rsquo;EXPERIENCE<\/span><\/h3>[vc_column_text]Nous sommes des experts dans la fabrication et l&rsquo;installation de fen\u00eatres en PVC, en aluminium et en bois, de portes d&rsquo;entr\u00e9e, de portes blind\u00e9es, de portes de garage, de volets roulants dans toutes leurs variations, de pergolas, de stores, ainsi que de protections solaires et anti-insectes. Vous pouvez \u00e9galement compter sur notre service de r\u00e9paration.[\/vc_column_text][vc_empty_space height=\u00a0\u00bb24px\u00a0\u00bb]<a target=\"_self\" href=\"uber-uns\/\" class=\"btn btn-md style-1\" id=\"custom-id-0\" style=\"background-color: #6da34d;\">Weiterlesen<\/a>[\/vc_column][vc_column width=\u00a0\u00bb1\/2&Prime;][vc_empty_space height=\u00a0\u00bb64px\u00a0\u00bb][vc_single_image image=\u00a0\u00bb2913&Prime; img_size=\u00a0\u00bbfull\u00a0\u00bb][\/vc_column][\/vc_row][vc_row has_content=\u00a0\u00bbtrue\u00a0\u00bb][vc_column][vc_empty_space height=\u00a0\u00bb64px\u00a0\u00bb]<h3 class='heading-middle  divider-sm' ><span>NOS PARTENAIRES<\/span><\/h3>[vc_empty_space][vc_empty_space height=\u00a0\u00bb64px\u00a0\u00bb][vc_single_image image=\u00a0\u00bb3257&Prime; img_size=\u00a0\u00bblarge\u00a0\u00bb][\/vc_column][\/vc_row]<\/p>\n","protected":false},"excerpt":{"rendered":"<p>[vc_row has_content=\u00a0\u00bbtrue\u00a0\u00bb][vc_column][rev_slider_vc alias=\u00a0\u00bbmain-slider-1&Prime;][vc_empty_space][vc_row_inner][vc_column_inner width=\u00a0\u00bb1\/3&Prime;][\/vc_column_inner][vc_column_inner width=\u00a0\u00bb1\/3&Prime;][\/vc_column_inner][vc_column_inner width=\u00a0\u00bb1\/3&Prime;][\/vc_column_inner][\/vc_row_inner][vc_row_inner][vc_column_inner width=\u00a0\u00bb1\/3&Prime;][\/vc_column_inner][vc_column_inner width=\u00a0\u00bb1\/3&Prime;][\/vc_column_inner][vc_column_inner width=\u00a0\u00bb1\/3&Prime;][\/vc_column_inner][\/vc_row_inner][\/vc_column][\/vc_row][vc_row full_width=\u00a0\u00bbstretch_row\u00a0\u00bb css=\u00a0\u00bb.vc_custom_1436374471742{margin-top: 50px !important;padding-top: 30px !important;padding-bottom: 50px !important;background-color: #262626 !important;}\u00a0\u00bb has_content=\u00a0\u00bbinside\u00a0\u00bb][vc_column][\/vc_column][\/vc_row][vc_row][vc_column width=\u00a0\u00bb1\/2&Prime;][vc_empty_space height=\u00a0\u00bb64px\u00a0\u00bb][vc_column_text]Wir sind Experten in der Herstellung und Montage von PVC, Alu und Holzfenstern, Haust\u00fcren, Blindot\u00fcren, Garagentoren, Rolladen in allen&#8230;<\/p>\n","protected":false},"author":1,"featured_media":0,"parent":0,"menu_order":0,"comment_status":"open","ping_status":"open","template":"","meta":[],"_links":{"self":[{"href":"https:\/\/ponistra-schaul.lu\/fr\/wp-json\/wp\/v2\/pages\/597"}],"collection":[{"href":"https:\/\/ponistra-schaul.lu\/fr\/wp-json\/wp\/v2\/pages"}],"about":[{"href":"https:\/\/ponistra-schaul.lu\/fr\/wp-json\/wp\/v2\/types\/page"}],"author":[{"embeddable":true,"href":"https:\/\/ponistra-schaul.lu\/fr\/wp-json\/wp\/v2\/users\/1"}],"replies":[{"embeddable":true,"href":"https:\/\/ponistra-schaul.lu\/fr\/wp-json\/wp\/v2\/comments?post=597"}],"version-history":[{"count":61,"href":"https:\/\/ponistra-schaul.lu\/fr\/wp-json\/wp\/v2\/pages\/597\/revisions"}],"predecessor-version":[{"id":3258,"href":"https:\/\/ponistra-schaul.lu\/fr\/wp-json\/wp\/v2\/pages\/597\/revisions\/3258"}],"wp:attachment":[{"href":"https:\/\/ponistra-schaul.lu\/fr\/wp-json\/wp\/v2\/media?parent=597"}],"curies":[{"name":"wp","href":"https:\/\/api.w.org\/{rel}","templated":true}]}}