
{"id":3234,"date":"2023-06-30T17:36:28","date_gmt":"2023-06-30T17:36:28","guid":{"rendered":"https:\/\/ponistra-schaul.lu\/?page_id=3234"},"modified":"2025-03-28T18:09:25","modified_gmt":"2025-03-28T18:09:25","slug":"hausturen","status":"publish","type":"page","link":"https:\/\/ponistra-schaul.lu\/fr\/prestations\/portesdentree\/confponistra\/","title":{"rendered":"Configurateur PONISTRA"},"content":{"rendered":"\r\n<div class=\"wp-block-media-text alignwide is-stacked-on-mobile\">\r\n<figure class=\"wp-block-media-text__media\"><a href=\"https:\/\/ponistra-schaul.tueren-designer.com\" target=\"_blank\" rel=\"noopener\"><img decoding=\"async\" loading=\"lazy\" width=\"1024\" height=\"611\" class=\"wp-image-3240 size-full\" src=\"https:\/\/ponistra-schaul.lu\/wp-content\/uploads\/2023\/06\/tuerenkofigurator-D-screen-1024x611.jpg\" alt=\"\" srcset=\"https:\/\/ponistra-schaul.lu\/wp-content\/uploads\/2023\/06\/tuerenkofigurator-D-screen-1024x611.jpg 1024w, https:\/\/ponistra-schaul.lu\/wp-content\/uploads\/2023\/06\/tuerenkofigurator-D-screen-300x179.jpg 300w, https:\/\/ponistra-schaul.lu\/wp-content\/uploads\/2023\/06\/tuerenkofigurator-D-screen-768x458.jpg 768w, https:\/\/ponistra-schaul.lu\/wp-content\/uploads\/2023\/06\/tuerenkofigurator-D-screen-370x221.jpg 370w, https:\/\/ponistra-schaul.lu\/wp-content\/uploads\/2023\/06\/tuerenkofigurator-D-screen-1200x716.jpg 1200w, https:\/\/ponistra-schaul.lu\/wp-content\/uploads\/2023\/06\/tuerenkofigurator-D-screen-360x215.jpg 360w, https:\/\/ponistra-schaul.lu\/wp-content\/uploads\/2023\/06\/tuerenkofigurator-D-screen-600x358.jpg 600w, https:\/\/ponistra-schaul.lu\/wp-content\/uploads\/2023\/06\/tuerenkofigurator-D-screen.jpg 1426w\" sizes=\"(max-width: 1024px) 100vw, 1024px\" \/><\/a><\/figure>\r\n<div class=\"wp-block-media-text__content\">\r\n<p class=\"has-large-font-size\">Haust\u00fcr nach Ihren W\u00fcnschen<\/p>\r\n\r\n Stellen Sie Ihre individuelle Haust\u00fcr ganz einfach und schnell online mit Hilfe unseres Haust\u00fcrenkonfigurators zusammen.\r\n\r\n W\u00e4hlen Sie Modell, Farbe, Konstruktion, Glas, T\u00fcrgriffe und vieles mehr&#8230;\r\n\r\n<\/div>\r\n<\/div>\r\n","protected":false},"excerpt":{"rendered":"<p>Haust\u00fcr nach Ihren W\u00fcnschen Stellen Sie Ihre individuelle Haust\u00fcr ganz einfach und schnell online mit Hilfe unseres Haust\u00fcrenkonfigurators zusammen. W\u00e4hlen Sie Modell, Farbe, Konstruktion, Glas, T\u00fcrgriffe und vieles mehr&#8230;<\/p>\n","protected":false},"author":1,"featured_media":0,"parent":1656,"menu_order":0,"comment_status":"closed","ping_status":"closed","template":"","meta":[],"_links":{"self":[{"href":"https:\/\/ponistra-schaul.lu\/fr\/wp-json\/wp\/v2\/pages\/3234"}],"collection":[{"href":"https:\/\/ponistra-schaul.lu\/fr\/wp-json\/wp\/v2\/pages"}],"about":[{"href":"https:\/\/ponistra-schaul.lu\/fr\/wp-json\/wp\/v2\/types\/page"}],"author":[{"embeddable":true,"href":"https:\/\/ponistra-schaul.lu\/fr\/wp-json\/wp\/v2\/users\/1"}],"replies":[{"embeddable":true,"href":"https:\/\/ponistra-schaul.lu\/fr\/wp-json\/wp\/v2\/comments?post=3234"}],"version-history":[{"count":6,"href":"https:\/\/ponistra-schaul.lu\/fr\/wp-json\/wp\/v2\/pages\/3234\/revisions"}],"predecessor-version":[{"id":3342,"href":"https:\/\/ponistra-schaul.lu\/fr\/wp-json\/wp\/v2\/pages\/3234\/revisions\/3342"}],"up":[{"embeddable":true,"href":"https:\/\/ponistra-schaul.lu\/fr\/wp-json\/wp\/v2\/pages\/1656"}],"wp:attachment":[{"href":"https:\/\/ponistra-schaul.lu\/fr\/wp-json\/wp\/v2\/media?parent=3234"}],"curies":[{"name":"wp","href":"https:\/\/api.w.org\/{rel}","templated":true}]}}