
{"id":2810,"date":"2023-05-19T11:58:24","date_gmt":"2023-05-19T11:58:24","guid":{"rendered":"https:\/\/ponistra-schaul.lu\/?page_id=2810"},"modified":"2025-04-04T15:51:29","modified_gmt":"2025-04-04T15:51:29","slug":"blindoturen","status":"publish","type":"page","link":"https:\/\/ponistra-schaul.lu\/fr\/prestations\/blindoturen\/","title":{"rendered":"Portes blind\u00e9es"},"content":{"rendered":"[vc_row][vc_column][vc_column_text]&nbsp;\r\n<h3>Pr\u00e9venez les cambriolages !<\/h3>\r\nLa s\u00e9curit\u00e9 de votre maison ou de votre appartement est notre priorit\u00e9 absolue. C&rsquo;est pourquoi nos portes de s\u00e9curit\u00e9 blind\u00e9es constituent un \u00e9l\u00e9ment essentiel de l&rsquo;am\u00e9nagement de l&rsquo;entr\u00e9e de votre espace de vie.<img decoding=\"async\" loading=\"lazy\" class=\"alignleft wp-image-2952 size-medium\" src=\"https:\/\/ponistra-schaul.lu\/wp-content\/uploads\/2023\/06\/maxdoor-blindo-300x286.jpg\" alt=\"\" width=\"300\" height=\"286\" srcset=\"https:\/\/ponistra-schaul.lu\/wp-content\/uploads\/2023\/06\/maxdoor-blindo-300x286.jpg 300w, https:\/\/ponistra-schaul.lu\/wp-content\/uploads\/2023\/06\/maxdoor-blindo-370x352.jpg 370w, https:\/\/ponistra-schaul.lu\/wp-content\/uploads\/2023\/06\/maxdoor-blindo-360x343.jpg 360w, https:\/\/ponistra-schaul.lu\/wp-content\/uploads\/2023\/06\/maxdoor-blindo-600x571.jpg 600w, https:\/\/ponistra-schaul.lu\/wp-content\/uploads\/2023\/06\/maxdoor-blindo.jpg 684w\" sizes=\"(max-width: 300px) 100vw, 300px\" \/>\r\n\r\nParticuli\u00e8rement pendant les mois d&rsquo;\u00e9t\u00e9, le nombre de cambriolages dans les appartements et maisons au Luxembourg augmente consid\u00e9rablement chaque ann\u00e9e. Mais m\u00eame tout au long de l&rsquo;ann\u00e9e, le nombre d&rsquo;appels de clients ayant subi un cambriolage et ayant besoin de r\u00e9parations montre qu&rsquo;il est judicieux d&rsquo;installer une porte blind\u00e9e.\r\n\r\n<a href=\"mailto: info@ponistra-schaul.lu\">N&rsquo;h\u00e9sitez pas \u00e0 nous contacter<\/a> pour une consultation plus d\u00e9taill\u00e9e.\r\n\r\n[\/vc_column_text][vc_column_text][\/vc_column_text][vc_separator][vc_column_text]\r\n<h5>Ci-dessous, quelques exemples. Des adaptations personnalis\u00e9es sont bien s\u00fbr possibles. Nous serions ravis de vous envoyer notre catalogue.<\/h5>\r\n[\/vc_column_text][\/vc_column][\/vc_row][vc_row][vc_column][vc_row_inner][vc_column_inner][vc_separator color=\u00a0\u00bbsandy_brown\u00a0\u00bb border_width=\u00a0\u00bb3&Prime;][\/vc_column_inner][\/vc_row_inner][vc_column_text]\r\n\r\n\r\n<figure class=\"wp-block-image size-large\"><img decoding=\"async\" loading=\"lazy\" class=\"alignnone wp-image-2948 size-large\" src=\"https:\/\/ponistra-schaul.lu\/wp-content\/uploads\/2023\/06\/maxdoor1-1024x567.jpg\" alt=\"\" width=\"967\" height=\"535\" srcset=\"https:\/\/ponistra-schaul.lu\/wp-content\/uploads\/2023\/06\/maxdoor1-1024x567.jpg 1024w, https:\/\/ponistra-schaul.lu\/wp-content\/uploads\/2023\/06\/maxdoor1-300x166.jpg 300w, https:\/\/ponistra-schaul.lu\/wp-content\/uploads\/2023\/06\/maxdoor1-768x425.jpg 768w, https:\/\/ponistra-schaul.lu\/wp-content\/uploads\/2023\/06\/maxdoor1-370x205.jpg 370w, https:\/\/ponistra-schaul.lu\/wp-content\/uploads\/2023\/06\/maxdoor1-360x199.jpg 360w, https:\/\/ponistra-schaul.lu\/wp-content\/uploads\/2023\/06\/maxdoor1-600x332.jpg 600w, https:\/\/ponistra-schaul.lu\/wp-content\/uploads\/2023\/06\/maxdoor1.jpg 1092w\" sizes=\"(max-width: 967px) 100vw, 967px\" \/><\/figure>\r\n\r\n\r\n\r\n<figure class=\"wp-block-image size-large\"><img decoding=\"async\" loading=\"lazy\" class=\"alignnone wp-image-2949 size-large\" src=\"https:\/\/ponistra-schaul.lu\/wp-content\/uploads\/2023\/06\/maxdoor2-1024x568.jpg\" alt=\"\" width=\"967\" height=\"536\" srcset=\"https:\/\/ponistra-schaul.lu\/wp-content\/uploads\/2023\/06\/maxdoor2-1024x568.jpg 1024w, https:\/\/ponistra-schaul.lu\/wp-content\/uploads\/2023\/06\/maxdoor2-300x166.jpg 300w, https:\/\/ponistra-schaul.lu\/wp-content\/uploads\/2023\/06\/maxdoor2-768x426.jpg 768w, https:\/\/ponistra-schaul.lu\/wp-content\/uploads\/2023\/06\/maxdoor2-370x205.jpg 370w, https:\/\/ponistra-schaul.lu\/wp-content\/uploads\/2023\/06\/maxdoor2-360x200.jpg 360w, https:\/\/ponistra-schaul.lu\/wp-content\/uploads\/2023\/06\/maxdoor2-600x333.jpg 600w, https:\/\/ponistra-schaul.lu\/wp-content\/uploads\/2023\/06\/maxdoor2.jpg 1080w\" sizes=\"(max-width: 967px) 100vw, 967px\" \/><\/figure>\r\n\r\n\r\n\r\n<figure class=\"wp-block-image size-large\"><img decoding=\"async\" loading=\"lazy\" class=\"alignnone wp-image-2950 size-large\" src=\"https:\/\/ponistra-schaul.lu\/wp-content\/uploads\/2023\/06\/maxdoor3-1024x579.jpg\" alt=\"\" width=\"967\" height=\"547\" srcset=\"https:\/\/ponistra-schaul.lu\/wp-content\/uploads\/2023\/06\/maxdoor3-1024x579.jpg 1024w, https:\/\/ponistra-schaul.lu\/wp-content\/uploads\/2023\/06\/maxdoor3-300x170.jpg 300w, https:\/\/ponistra-schaul.lu\/wp-content\/uploads\/2023\/06\/maxdoor3-768x434.jpg 768w, https:\/\/ponistra-schaul.lu\/wp-content\/uploads\/2023\/06\/maxdoor3-370x209.jpg 370w, https:\/\/ponistra-schaul.lu\/wp-content\/uploads\/2023\/06\/maxdoor3-360x203.jpg 360w, https:\/\/ponistra-schaul.lu\/wp-content\/uploads\/2023\/06\/maxdoor3-600x339.jpg 600w, https:\/\/ponistra-schaul.lu\/wp-content\/uploads\/2023\/06\/maxdoor3.jpg 1058w\" sizes=\"(max-width: 967px) 100vw, 967px\" \/><\/figure>\r\n\r\n\r\n&nbsp;","protected":false},"excerpt":{"rendered":"<p>[vc_row][vc_column][vc_column_text]&nbsp; Pr\u00e9venez les cambriolages ! La s\u00e9curit\u00e9 de votre maison ou de votre appartement est notre priorit\u00e9 absolue. C&rsquo;est pourquoi nos portes de s\u00e9curit\u00e9 blind\u00e9es constituent un \u00e9l\u00e9ment essentiel de l&rsquo;am\u00e9nagement de l&rsquo;entr\u00e9e de votre espace de vie. Particuli\u00e8rement pendant&#8230;<\/p>\n","protected":false},"author":1,"featured_media":0,"parent":747,"menu_order":0,"comment_status":"closed","ping_status":"closed","template":"","meta":[],"_links":{"self":[{"href":"https:\/\/ponistra-schaul.lu\/fr\/wp-json\/wp\/v2\/pages\/2810"}],"collection":[{"href":"https:\/\/ponistra-schaul.lu\/fr\/wp-json\/wp\/v2\/pages"}],"about":[{"href":"https:\/\/ponistra-schaul.lu\/fr\/wp-json\/wp\/v2\/types\/page"}],"author":[{"embeddable":true,"href":"https:\/\/ponistra-schaul.lu\/fr\/wp-json\/wp\/v2\/users\/1"}],"replies":[{"embeddable":true,"href":"https:\/\/ponistra-schaul.lu\/fr\/wp-json\/wp\/v2\/comments?post=2810"}],"version-history":[{"count":32,"href":"https:\/\/ponistra-schaul.lu\/fr\/wp-json\/wp\/v2\/pages\/2810\/revisions"}],"predecessor-version":[{"id":3358,"href":"https:\/\/ponistra-schaul.lu\/fr\/wp-json\/wp\/v2\/pages\/2810\/revisions\/3358"}],"up":[{"embeddable":true,"href":"https:\/\/ponistra-schaul.lu\/fr\/wp-json\/wp\/v2\/pages\/747"}],"wp:attachment":[{"href":"https:\/\/ponistra-schaul.lu\/fr\/wp-json\/wp\/v2\/media?parent=2810"}],"curies":[{"name":"wp","href":"https:\/\/api.w.org\/{rel}","templated":true}]}}