
{"id":2784,"date":"2023-05-19T09:43:53","date_gmt":"2023-05-19T09:43:53","guid":{"rendered":"https:\/\/ponistra-schaul.lu\/?page_id=2784"},"modified":"2025-04-04T16:41:55","modified_gmt":"2025-04-04T16:41:55","slug":"marquisen-pergolas","status":"publish","type":"page","link":"https:\/\/ponistra-schaul.lu\/fr\/prestations\/marquisespergolas\/","title":{"rendered":"Marquises \/ Pergolas"},"content":{"rendered":"\r\n<h3 class=\"wp-block-heading\">Solutions de couverture avec style<\/h3>\r\n Les marquises et les pergolas ne sont pas seulement des solutions populaires pour obtenir une protection solaire optimale pour le balcon ou la terrasse. Ils constituent \u00e9galement une am\u00e9lioration visuelle de votre maison ou de votre appartement. Des \u00e9l\u00e9ments \u00e9lectroniques modernes, des solutions polyvalentes de protection solaire et contre la pluie (toit \u00e0 lames, stores, voiles solaires) et des mod\u00e8les attrayants sont \u00e0 votre disposition.\r\n\r\n Nous vous conseillons avec plaisir et examinons avec vous l&rsquo;espace dont vous disposez.\r\n\r\n <a href=\"mailto: info@ponistra-schaul.lu\">Contactez-nous <\/a>.\r\n\r\n \r\n<figure class=\"wp-block-image size-large\"><img decoding=\"async\" loading=\"lazy\" width=\"1024\" height=\"695\" class=\"wp-image-2990\" src=\"https:\/\/ponistra-schaul.lu\/wp-content\/uploads\/2023\/06\/Pergola-1024x695.jpg\" alt=\"\" srcset=\"https:\/\/ponistra-schaul.lu\/wp-content\/uploads\/2023\/06\/Pergola-1024x695.jpg 1024w, https:\/\/ponistra-schaul.lu\/wp-content\/uploads\/2023\/06\/Pergola-300x204.jpg 300w, https:\/\/ponistra-schaul.lu\/wp-content\/uploads\/2023\/06\/Pergola-768x522.jpg 768w, https:\/\/ponistra-schaul.lu\/wp-content\/uploads\/2023\/06\/Pergola-1536x1043.jpg 1536w, https:\/\/ponistra-schaul.lu\/wp-content\/uploads\/2023\/06\/Pergola-2048x1391.jpg 2048w, https:\/\/ponistra-schaul.lu\/wp-content\/uploads\/2023\/06\/Pergola-370x251.jpg 370w, https:\/\/ponistra-schaul.lu\/wp-content\/uploads\/2023\/06\/Pergola-1200x815.jpg 1200w, https:\/\/ponistra-schaul.lu\/wp-content\/uploads\/2023\/06\/Pergola-360x244.jpg 360w, https:\/\/ponistra-schaul.lu\/wp-content\/uploads\/2023\/06\/Pergola-600x407.jpg 600w\" sizes=\"(max-width: 1024px) 100vw, 1024px\" \/><\/figure>\r\n <strong>Solution parfaite pour votre terrasse<\/strong>\r\n\r\n &nbsp;\r\n\r\n \r\n<figure class=\"wp-block-image size-large is-resized\"><img decoding=\"async\" loading=\"lazy\" class=\"wp-image-3176\" src=\"https:\/\/ponistra-schaul.lu\/wp-content\/uploads\/2023\/06\/weinor-1-1-1024x730.jpg\" alt=\"\" width=\"930\" height=\"662\" srcset=\"https:\/\/ponistra-schaul.lu\/wp-content\/uploads\/2023\/06\/weinor-1-1-1024x730.jpg 1024w, https:\/\/ponistra-schaul.lu\/wp-content\/uploads\/2023\/06\/weinor-1-1-300x214.jpg 300w, https:\/\/ponistra-schaul.lu\/wp-content\/uploads\/2023\/06\/weinor-1-1-768x547.jpg 768w, https:\/\/ponistra-schaul.lu\/wp-content\/uploads\/2023\/06\/weinor-1-1-1536x1095.jpg 1536w, https:\/\/ponistra-schaul.lu\/wp-content\/uploads\/2023\/06\/weinor-1-1-2048x1460.jpg 2048w, https:\/\/ponistra-schaul.lu\/wp-content\/uploads\/2023\/06\/weinor-1-1-370x264.jpg 370w, https:\/\/ponistra-schaul.lu\/wp-content\/uploads\/2023\/06\/weinor-1-1-1200x855.jpg 1200w, https:\/\/ponistra-schaul.lu\/wp-content\/uploads\/2023\/06\/weinor-1-1-360x257.jpg 360w, https:\/\/ponistra-schaul.lu\/wp-content\/uploads\/2023\/06\/weinor-1-1-600x428.jpg 600w\" sizes=\"(max-width: 930px) 100vw, 930px\" \/><\/figure>\r\n","protected":false},"excerpt":{"rendered":"<p>Solutions de couverture avec style Les marquises et les pergolas ne sont pas seulement des solutions populaires pour obtenir une protection solaire optimale pour le balcon ou la terrasse. Ils constituent \u00e9galement une am\u00e9lioration visuelle de votre maison ou de&#8230;<\/p>\n","protected":false},"author":1,"featured_media":0,"parent":747,"menu_order":0,"comment_status":"closed","ping_status":"closed","template":"","meta":[],"_links":{"self":[{"href":"https:\/\/ponistra-schaul.lu\/fr\/wp-json\/wp\/v2\/pages\/2784"}],"collection":[{"href":"https:\/\/ponistra-schaul.lu\/fr\/wp-json\/wp\/v2\/pages"}],"about":[{"href":"https:\/\/ponistra-schaul.lu\/fr\/wp-json\/wp\/v2\/types\/page"}],"author":[{"embeddable":true,"href":"https:\/\/ponistra-schaul.lu\/fr\/wp-json\/wp\/v2\/users\/1"}],"replies":[{"embeddable":true,"href":"https:\/\/ponistra-schaul.lu\/fr\/wp-json\/wp\/v2\/comments?post=2784"}],"version-history":[{"count":13,"href":"https:\/\/ponistra-schaul.lu\/fr\/wp-json\/wp\/v2\/pages\/2784\/revisions"}],"predecessor-version":[{"id":3372,"href":"https:\/\/ponistra-schaul.lu\/fr\/wp-json\/wp\/v2\/pages\/2784\/revisions\/3372"}],"up":[{"embeddable":true,"href":"https:\/\/ponistra-schaul.lu\/fr\/wp-json\/wp\/v2\/pages\/747"}],"wp:attachment":[{"href":"https:\/\/ponistra-schaul.lu\/fr\/wp-json\/wp\/v2\/media?parent=2784"}],"curies":[{"name":"wp","href":"https:\/\/api.w.org\/{rel}","templated":true}]}}