
{"id":254,"date":"2022-10-10T07:17:00","date_gmt":"2022-10-10T07:17:00","guid":{"rendered":"http:\/\/anpsthemes.com\/constructo\/?page_id=254"},"modified":"2025-04-04T15:50:58","modified_gmt":"2025-04-04T15:50:58","slug":"fenster","status":"publish","type":"page","link":"https:\/\/ponistra-schaul.lu\/fr\/prestations\/fenetre\/","title":{"rendered":"Fen\u00eatre\u00a0"},"content":{"rendered":"[vc_row][vc_column][vc_single_image image=\u00a0\u00bb3130&Prime; img_size=\u00a0\u00bblarge\u00a0\u00bb title=\u00a0\u00bbFen\u00eatres de toutes formes et mat\u00e9riaux\u00a0\u00bb][vc_column_text]\r\n\r\nQue ce soit en aluminium, en PVC ou en bois, nous travaillons avec des mat\u00e9riaux de haute qualit\u00e9 et nous sommes heureux de vous conseiller dans le choix des fen\u00eatres appropri\u00e9es pour votre nouvelle construction ou dans le cadre de la r\u00e9novation de votre espace de vie.\r\n\r\nNous utilisons des profils VEKA et fabriquons des fen\u00eatres et des portes dans notre propre atelier. Les ferrures sont de la marque SIGENIA-AUBI. Demandez un devis gratuit et b\u00e9n\u00e9ficiez d&rsquo;une consultation personnalis\u00e9e avec le chef lui-m\u00eame. L&rsquo;installation est effectu\u00e9e par notre personnel qualifi\u00e9 et form\u00e9.\r\n\r\nAppelez-nous au : 58 41 84\r\n\r\nou envoyez un e-mail \u00e0 : <a href=\"mailto:info@ponistra-schaul.lu\">info@ponistra-schaul.lu<\/a>\r\n\r\n\r\n\r\n\r\n<figure class=\"wp-block-gallery columns-0 is-cropped wp-block-gallery-1 is-layout-flex\"><\/figure>\r\n\r\n\r\n[\/vc_column_text][\/vc_column][\/vc_row][vc_row][vc_column][vc_single_image image=\u00a0\u00bb2941&Prime; img_size=\u00a0\u00bblarge\u00a0\u00bb title=\u00a0\u00bbUne s\u00e9lection de profiles diff\u00e9rents\u00a0\u00bb][\/vc_column][\/vc_row][vc_row][vc_column][\/vc_column][\/vc_row]\r\n\r\n<strong>Des fen\u00eatres de toutes formes et de tous mat\u00e9riaux<\/strong>\r\n\r\n \r\n<figure class=\"wp-block-image size-full is-resized\"><img decoding=\"async\" loading=\"lazy\" class=\"wp-image-3130\" src=\"https:\/\/ponistra-schaul.lu\/wp-content\/uploads\/2023\/06\/thermosliede-fenster.jpg\" alt=\"\" width=\"888\" height=\"696\" srcset=\"https:\/\/ponistra-schaul.lu\/wp-content\/uploads\/2023\/06\/thermosliede-fenster.jpg 903w, https:\/\/ponistra-schaul.lu\/wp-content\/uploads\/2023\/06\/thermosliede-fenster-300x235.jpg 300w, https:\/\/ponistra-schaul.lu\/wp-content\/uploads\/2023\/06\/thermosliede-fenster-768x602.jpg 768w, https:\/\/ponistra-schaul.lu\/wp-content\/uploads\/2023\/06\/thermosliede-fenster-370x290.jpg 370w, https:\/\/ponistra-schaul.lu\/wp-content\/uploads\/2023\/06\/thermosliede-fenster-360x282.jpg 360w, https:\/\/ponistra-schaul.lu\/wp-content\/uploads\/2023\/06\/thermosliede-fenster-554x433.jpg 554w, https:\/\/ponistra-schaul.lu\/wp-content\/uploads\/2023\/06\/thermosliede-fenster-600x470.jpg 600w\" sizes=\"(max-width: 888px) 100vw, 888px\" \/><\/figure>\r\n &nbsp;\r\n\r\n \r\n<p class=\"has-small-font-size\">Que ce soit en aluminium, en PVC ou en bois, nous travaillons avec des mat\u00e9riaux de haute qualit\u00e9 et nous sommes heureux de vous conseiller dans le choix des fen\u00eatres appropri\u00e9es pour votre nouvelle construction ou dans le cadre de la r\u00e9novation de votre espace de vie.<\/p>\r\n \r\n<p class=\"has-small-font-size\">Nous utilisons des profils VEKA et fabriquons des fen\u00eatres et des portes dans notre propre atelier. Les ferrures sont de la marque SIGENIA-AUBI.<\/p>\r\n \r\n<p class=\"has-small-font-size\">Demandez un devis gratuit et b\u00e9n\u00e9ficiez d&rsquo;une consultation personnalis\u00e9e avec le chef lui-m\u00eame. L&rsquo;installation est effectu\u00e9e par notre personnel qualifi\u00e9 et form\u00e9.<\/p>\r\n \r\n<p class=\"has-small-font-size\">Appelez-nous au : 58 41 84<\/p>\r\n \r\n<p class=\"has-small-font-size\">ou envoyez un e-mail \u00e0 :<strong> info@ponistra-schaul.lu<\/strong><\/p>\r\n \r\n<figure class=\"wp-block-image size-large\"><\/figure>\r\n","protected":false},"excerpt":{"rendered":"<p>[vc_row][vc_column][vc_single_image image=\u00a0\u00bb3130&Prime; img_size=\u00a0\u00bblarge\u00a0\u00bb title=\u00a0\u00bbFen\u00eatres de toutes formes et mat\u00e9riaux\u00a0\u00bb][vc_column_text] Que ce soit en aluminium, en PVC ou en bois, nous travaillons avec des mat\u00e9riaux de haute qualit\u00e9 et nous sommes heureux de vous conseiller dans le choix des fen\u00eatres appropri\u00e9es&#8230;<\/p>\n","protected":false},"author":1,"featured_media":2689,"parent":747,"menu_order":0,"comment_status":"open","ping_status":"closed","template":"","meta":[],"_links":{"self":[{"href":"https:\/\/ponistra-schaul.lu\/fr\/wp-json\/wp\/v2\/pages\/254"}],"collection":[{"href":"https:\/\/ponistra-schaul.lu\/fr\/wp-json\/wp\/v2\/pages"}],"about":[{"href":"https:\/\/ponistra-schaul.lu\/fr\/wp-json\/wp\/v2\/types\/page"}],"author":[{"embeddable":true,"href":"https:\/\/ponistra-schaul.lu\/fr\/wp-json\/wp\/v2\/users\/1"}],"replies":[{"embeddable":true,"href":"https:\/\/ponistra-schaul.lu\/fr\/wp-json\/wp\/v2\/comments?post=254"}],"version-history":[{"count":37,"href":"https:\/\/ponistra-schaul.lu\/fr\/wp-json\/wp\/v2\/pages\/254\/revisions"}],"predecessor-version":[{"id":3355,"href":"https:\/\/ponistra-schaul.lu\/fr\/wp-json\/wp\/v2\/pages\/254\/revisions\/3355"}],"up":[{"embeddable":true,"href":"https:\/\/ponistra-schaul.lu\/fr\/wp-json\/wp\/v2\/pages\/747"}],"wp:featuredmedia":[{"embeddable":true,"href":"https:\/\/ponistra-schaul.lu\/fr\/wp-json\/wp\/v2\/media\/2689"}],"wp:attachment":[{"href":"https:\/\/ponistra-schaul.lu\/fr\/wp-json\/wp\/v2\/media?parent=254"}],"curies":[{"name":"wp","href":"https:\/\/api.w.org\/{rel}","templated":true}]}}