
{"id":2339,"date":"2018-06-17T09:54:28","date_gmt":"2018-06-17T09:54:28","guid":{"rendered":"http:\/\/schreinerei-kolar.eu\/?page_id=2339"},"modified":"2025-04-04T16:28:22","modified_gmt":"2025-04-04T16:28:22","slug":"datenschutz","status":"publish","type":"page","link":"https:\/\/ponistra-schaul.lu\/fr\/protectiondonnees\/","title":{"rendered":"Protection des donn\u00e9es"},"content":{"rendered":"[vc_row][vc_column]<h5 class='heading-content  style-1' ><span>Datenschutzinformation<\/span><\/h5>[vc_column_text]\r\n<p class=\"has-small-font-size\"><strong>Information sur la protection des donn\u00e9es<\/strong><\/p>\r\n \r\n<p class=\"has-small-font-size\">Remarque g\u00e9n\u00e9rale et informations obligatoires<\/p>\r\n \r\n<p class=\"has-small-font-size\"><strong>D\u00e9signation de la personne responsable<\/strong><\/p>\r\n \r\n<p class=\"has-small-font-size\">La personne responsable du traitement des donn\u00e9es sur ce site web est :<\/p>\r\n \r\n<p class=\"has-small-font-size\">Ponistra Schaul<\/p>\r\n \r\n<p class=\"has-small-font-size\">Tomislav Brkan, g\u00e9rant<\/p>\r\n \r\n<p class=\"has-small-font-size\">5, Zone Industrielle Hanneboesch<\/p>\r\n \r\n<p class=\"has-small-font-size\">L-4562 Niederkorn \/ Differdange<\/p>\r\n \r\n<p class=\"has-small-font-size\">La personne responsable d\u00e9cide seule ou en collaboration avec d&rsquo;autres des finalit\u00e9s et des moyens du traitement des donn\u00e9es \u00e0 caract\u00e8re personnel (par exemple, noms, coordonn\u00e9es, etc.).<\/p>\r\n \r\n<p class=\"has-small-font-size\"><strong>R\u00e9vocation de votre consentement au traitement des donn\u00e9es<\/strong><\/p>\r\n \r\n<p class=\"has-small-font-size\">Certains processus de traitement des donn\u00e9es ne sont possibles qu&rsquo;avec votre consentement explicite. Vous pouvez r\u00e9voquer votre consentement d\u00e9j\u00e0 donn\u00e9 \u00e0 tout moment. Une simple notification par e-mail suffit pour r\u00e9voquer. La l\u00e9galit\u00e9 du traitement des donn\u00e9es effectu\u00e9 avant la r\u00e9vocation n&rsquo;est pas affect\u00e9e par la r\u00e9vocation.<\/p>\r\n \r\n<p class=\"has-small-font-size\"><strong>Droit de porter plainte aupr\u00e8s de l&rsquo;autorit\u00e9 de contr\u00f4le comp\u00e9tente<\/strong><\/p>\r\n \r\n<p class=\"has-small-font-size\">En cas de violation de la protection des donn\u00e9es, vous avez en tant que personne concern\u00e9e le droit de d\u00e9poser une plainte aupr\u00e8s de l&rsquo;autorit\u00e9 de contr\u00f4le comp\u00e9tente.<\/p>\r\n \r\n<p class=\"has-small-font-size\"><strong>Droit \u00e0 la portabilit\u00e9 des donn\u00e9es<\/strong><\/p>\r\n \r\n<p class=\"has-small-font-size\">Vous avez le droit de faire livrer les donn\u00e9es que nous traitons automatiquement sur la base de votre consentement ou dans le cadre de l&rsquo;ex\u00e9cution d&rsquo;un contrat \u00e0 vous-m\u00eame ou \u00e0 un tiers. La fourniture est faite dans un format lisible par machine. Si vous demandez le transfert direct des donn\u00e9es \u00e0 un autre responsable du traitement, cela n&rsquo;est fait que dans la mesure o\u00f9 cela est techniquement possible.<\/p>\r\n \r\n<p class=\"has-small-font-size\"><strong>Droit \u00e0 l&rsquo;information, \u00e0 la correction, au blocage, \u00e0 la suppression<\/strong><\/p>\r\n \r\n<p class=\"has-small-font-size\">Vous avez \u00e0 tout moment, dans le cadre des dispositions l\u00e9gales applicables, le droit \u00e0 une information gratuite sur vos donn\u00e9es personnelles stock\u00e9es, l&rsquo;origine des donn\u00e9es, leur destinataire et la finalit\u00e9 du traitement des donn\u00e9es, ainsi qu&rsquo;un droit de rectification, de blocage ou de suppression de ces donn\u00e9es. \u00c0 cet \u00e9gard et pour toute autre question concernant les donn\u00e9es personnelles, vous pouvez nous contacter \u00e0 tout moment via les coordonn\u00e9es indiqu\u00e9es dans les mentions l\u00e9gales.<\/p>\r\n \r\n<p class=\"has-small-font-size\"><strong>Transfert de donn\u00e9es lors de la conclusion du contrat d&rsquo;achat et d&rsquo;exp\u00e9dition de marchandises<\/strong><\/p>\r\n \r\n<p class=\"has-small-font-size\">Les donn\u00e9es personnelles ne sont transf\u00e9r\u00e9es \u00e0 des tiers que si cela est n\u00e9cessaire dans le cadre du traitement du contrat. Les tiers peuvent \u00eatre, par exemple, les prestataires de services de paiement ou les entreprises logistiques. Un transfert ult\u00e9rieur des donn\u00e9es n&rsquo;a pas lieu, sauf si vous y avez express\u00e9ment consenti.<\/p>\r\n \r\n<p class=\"has-small-font-size\"><strong>Formulaire de contact<\/strong><\/p>\r\n \r\n<p class=\"has-small-font-size\">Les donn\u00e9es transmises via le formulaire de contact, y compris vos coordonn\u00e9es, seront stock\u00e9es afin de traiter votre demande ou de r\u00e9pondre \u00e0 d&rsquo;\u00e9ventuelles questions de suivi. Ces donn\u00e9es ne seront pas transmises sans votre consentement.<\/p>\r\n \r\n<p class=\"has-small-font-size\">Le traitement des donn\u00e9es saisies dans le formulaire de contact est donc effectu\u00e9 exclusivement sur la base de votre consentement. Vous pouvez r\u00e9voquer \u00e0 tout moment le consentement que vous avez d\u00e9j\u00e0 donn\u00e9. Une simple notification par e-mail suffit pour r\u00e9voquer. La l\u00e9galit\u00e9 du traitement des donn\u00e9es effectu\u00e9 jusqu&rsquo;\u00e0 la r\u00e9vocation n&rsquo;est pas affect\u00e9e par la r\u00e9vocation.<\/p>\r\n \r\n<p class=\"has-small-font-size\">Les donn\u00e9es transmises via le formulaire de contact resteront en notre possession jusqu&rsquo;\u00e0 ce que vous nous demandiez de les supprimer, r\u00e9voquiez votre consentement au stockage ou que la finalit\u00e9 du stockage des donn\u00e9es ne s&rsquo;applique plus. Les dispositions l\u00e9gales obligatoires, en particulier les d\u00e9lais de conservation, restent inchang\u00e9es.<\/p>\r\n \r\n<p class=\"has-small-font-size\"><strong>YouTube<\/strong><\/p>\r\n \r\n<p class=\"has-small-font-size\">Notre site web utilise des plugins du site web YouTube pour l&rsquo;int\u00e9gration et l&rsquo;affichage de contenus vid\u00e9o. Le fournisseur de la plateforme vid\u00e9o est YouTube, LLC, 901 Cherry Ave., San Bruno, CA 94066, USA.<\/p>\r\n \r\n<p class=\"has-small-font-size\">Lorsque vous consultez une page avec un plugin YouTube int\u00e9gr\u00e9, une connexion est \u00e9tablie avec les serveurs de YouTube. YouTube est ainsi inform\u00e9 des pages que vous avez consult\u00e9es.<\/p>\r\n \r\n<p class=\"has-small-font-size\">Si vous \u00eates connect\u00e9 \u00e0 votre compte YouTube, YouTube peut directement associer votre comportement de navigation \u00e0 votre profil personnel. Vous avez la possibilit\u00e9 d&#8217;emp\u00eacher cela en vous d\u00e9connectant au pr\u00e9alable.<\/p>\r\n \r\n<p class=\"has-small-font-size\">L&rsquo;utilisation de YouTube est dans l&rsquo;int\u00e9r\u00eat d&rsquo;une pr\u00e9sentation attrayante de nos offres en ligne. Cela repr\u00e9sente un int\u00e9r\u00eat l\u00e9gitime au sens de l&rsquo;article 6, paragraphe 1, lettre f du RGPD.<\/p>\r\n \r\n<p class=\"has-small-font-size\">Pour plus d&rsquo;informations sur la mani\u00e8re dont les donn\u00e9es utilisateur sont trait\u00e9es, veuillez consulter la politique de confidentialit\u00e9 de YouTube : https:\/\/www.google.de\/intl\/de\/policies\/privacy. Source : G\u00e9n\u00e9rateur de politique de confidentialit\u00e9 de mein-datenschutzbeauftragter.de\u00a0\u00bb<\/p>\r\n","protected":false},"excerpt":{"rendered":"<p>[vc_row][vc_column]Datenschutzinformation[vc_column_text] Information sur la protection des donn\u00e9es Remarque g\u00e9n\u00e9rale et informations obligatoires D\u00e9signation de la personne responsable La personne responsable du traitement des donn\u00e9es sur ce site web est : Ponistra Schaul Tomislav Brkan, g\u00e9rant 5, Zone Industrielle Hanneboesch L-4562&#8230;<\/p>\n","protected":false},"author":1,"featured_media":0,"parent":0,"menu_order":0,"comment_status":"closed","ping_status":"closed","template":"","meta":[],"_links":{"self":[{"href":"https:\/\/ponistra-schaul.lu\/fr\/wp-json\/wp\/v2\/pages\/2339"}],"collection":[{"href":"https:\/\/ponistra-schaul.lu\/fr\/wp-json\/wp\/v2\/pages"}],"about":[{"href":"https:\/\/ponistra-schaul.lu\/fr\/wp-json\/wp\/v2\/types\/page"}],"author":[{"embeddable":true,"href":"https:\/\/ponistra-schaul.lu\/fr\/wp-json\/wp\/v2\/users\/1"}],"replies":[{"embeddable":true,"href":"https:\/\/ponistra-schaul.lu\/fr\/wp-json\/wp\/v2\/comments?post=2339"}],"version-history":[{"count":6,"href":"https:\/\/ponistra-schaul.lu\/fr\/wp-json\/wp\/v2\/pages\/2339\/revisions"}],"predecessor-version":[{"id":3368,"href":"https:\/\/ponistra-schaul.lu\/fr\/wp-json\/wp\/v2\/pages\/2339\/revisions\/3368"}],"wp:attachment":[{"href":"https:\/\/ponistra-schaul.lu\/fr\/wp-json\/wp\/v2\/media?parent=2339"}],"curies":[{"name":"wp","href":"https:\/\/api.w.org\/{rel}","templated":true}]}}