
{"id":1776,"date":"2018-05-06T12:10:54","date_gmt":"2018-05-06T12:10:54","guid":{"rendered":"http:\/\/localhost\/schreinerei-kolar\/?page_id=1776"},"modified":"2025-04-04T16:17:48","modified_gmt":"2025-04-04T16:17:48","slug":"garagentore","status":"publish","type":"page","link":"https:\/\/ponistra-schaul.lu\/fr\/prestations\/portesdegarage\/","title":{"rendered":"Portes de garage"},"content":{"rendered":"[vc_row][vc_column][vc_column_text]\r\n<h3>Installation et entretien des portes de garage<\/h3>\r\n[\/vc_column_text][vc_column_text]\r\n\r\nLes portes sectionnelles de garage s&rsquo;ouvrent verticalement, n\u00e9cessitent peu d&rsquo;espace au plafond du garage et permettent l&rsquo;utilisation compl\u00e8te de l&rsquo;ouverture du garage. Elles sont tr\u00e8s r\u00e9sistantes aux intemp\u00e9ries, ont une longue dur\u00e9e de vie et sont tr\u00e8s faciles \u00e0 contr\u00f4ler. Contactez-nous pour l&rsquo;installation de portes de garage et, si n\u00e9cessaire, comme dans le projet pr\u00e9sent\u00e9, pour des portes de service suppl\u00e9mentaires. Nous collaborons avec le fabricant allemand H\u00f6rmann.\r\n\r\nChez nous, vous avez un large choix de motifs de portes, de couleurs et de vitrages. Que ce soient des portes sectionnelles en acier ou en bois massif, nous sommes l\u00e0 pour vous conseiller et d\u00e9terminer la variante qui convient le mieux \u00e0 votre b\u00e2timent. Les in\u00e9galit\u00e9s du sol peuvent facilement \u00eatre compens\u00e9es par des rails appropri\u00e9s. Votre ouverture de garage peut \u00e9galement inclure des portes lat\u00e9rales et de service. La technologie et le choix du bon moteur sont \u00e9galement importants.\r\n\r\nPonistra Schaul s&rsquo;occupe bien s\u00fbr \u00e9galement des services, de l&rsquo;entretien et des r\u00e9parations.\r\n\r\nNous serons ravis de vous fournir des <a href=\"mailto: info@ponistra-schaul.lu\">conseils detaill\u00e9s<\/a>.\r\n\r\n&nbsp;\r\n<figure class=\"wp-block-gallery columns-3 is-cropped wp-block-gallery-1 is-layout-flex\">\r\n<ul class=\"blocks-gallery-grid\">\r\n \t<li class=\"blocks-gallery-item\">\r\n<figure><img decoding=\"async\" loading=\"lazy\" width=\"1024\" height=\"768\" class=\"wp-image-2740\" src=\"https:\/\/ponistra-schaul.lu\/wp-content\/uploads\/2022\/10\/garagentor-1-1024x768.jpg\" alt=\"\" data-id=\"2740\" data-full-url=\"https:\/\/ponistra-schaul.lu\/wp-content\/uploads\/2022\/10\/garagentor-1-scaled.jpg\" data-link=\"https:\/\/ponistra-schaul.lu\/was-wir-tun\/ausenanlagen\/garagentor-1\/\" srcset=\"https:\/\/ponistra-schaul.lu\/wp-content\/uploads\/2022\/10\/garagentor-1-1024x768.jpg 1024w, https:\/\/ponistra-schaul.lu\/wp-content\/uploads\/2022\/10\/garagentor-1-300x225.jpg 300w, https:\/\/ponistra-schaul.lu\/wp-content\/uploads\/2022\/10\/garagentor-1-768x576.jpg 768w, https:\/\/ponistra-schaul.lu\/wp-content\/uploads\/2022\/10\/garagentor-1-1536x1152.jpg 1536w, https:\/\/ponistra-schaul.lu\/wp-content\/uploads\/2022\/10\/garagentor-1-2048x1536.jpg 2048w, https:\/\/ponistra-schaul.lu\/wp-content\/uploads\/2022\/10\/garagentor-1-370x278.jpg 370w, https:\/\/ponistra-schaul.lu\/wp-content\/uploads\/2022\/10\/garagentor-1-1200x900.jpg 1200w, https:\/\/ponistra-schaul.lu\/wp-content\/uploads\/2022\/10\/garagentor-1-360x270.jpg 360w, https:\/\/ponistra-schaul.lu\/wp-content\/uploads\/2022\/10\/garagentor-1-600x450.jpg 600w\" sizes=\"(max-width: 1024px) 100vw, 1024px\" \/><\/figure>\r\n<\/li>\r\n \t<li class=\"blocks-gallery-item\">\r\n<figure><img decoding=\"async\" loading=\"lazy\" width=\"1024\" height=\"768\" class=\"wp-image-2741\" src=\"https:\/\/ponistra-schaul.lu\/wp-content\/uploads\/2022\/10\/garagentor-2-1024x768.jpg\" alt=\"\" data-id=\"2741\" data-full-url=\"https:\/\/ponistra-schaul.lu\/wp-content\/uploads\/2022\/10\/garagentor-2.jpg\" data-link=\"https:\/\/ponistra-schaul.lu\/was-wir-tun\/ausenanlagen\/garagentor-2\/\" srcset=\"https:\/\/ponistra-schaul.lu\/wp-content\/uploads\/2022\/10\/garagentor-2-1024x768.jpg 1024w, https:\/\/ponistra-schaul.lu\/wp-content\/uploads\/2022\/10\/garagentor-2-300x225.jpg 300w, https:\/\/ponistra-schaul.lu\/wp-content\/uploads\/2022\/10\/garagentor-2-768x576.jpg 768w, https:\/\/ponistra-schaul.lu\/wp-content\/uploads\/2022\/10\/garagentor-2-1536x1152.jpg 1536w, https:\/\/ponistra-schaul.lu\/wp-content\/uploads\/2022\/10\/garagentor-2-2048x1536.jpg 2048w, https:\/\/ponistra-schaul.lu\/wp-content\/uploads\/2022\/10\/garagentor-2-370x278.jpg 370w, https:\/\/ponistra-schaul.lu\/wp-content\/uploads\/2022\/10\/garagentor-2-1200x900.jpg 1200w, https:\/\/ponistra-schaul.lu\/wp-content\/uploads\/2022\/10\/garagentor-2-360x270.jpg 360w, https:\/\/ponistra-schaul.lu\/wp-content\/uploads\/2022\/10\/garagentor-2-600x450.jpg 600w\" sizes=\"(max-width: 1024px) 100vw, 1024px\" \/><\/figure>\r\n<\/li>\r\n \t<li class=\"blocks-gallery-item\">\r\n<figure><img decoding=\"async\" loading=\"lazy\" width=\"1024\" height=\"768\" class=\"wp-image-2742\" src=\"https:\/\/ponistra-schaul.lu\/wp-content\/uploads\/2022\/10\/garagentor-3-1024x768.jpg\" alt=\"\" data-id=\"2742\" data-full-url=\"https:\/\/ponistra-schaul.lu\/wp-content\/uploads\/2022\/10\/garagentor-3.jpg\" data-link=\"https:\/\/ponistra-schaul.lu\/was-wir-tun\/ausenanlagen\/garagentor-3\/\" srcset=\"https:\/\/ponistra-schaul.lu\/wp-content\/uploads\/2022\/10\/garagentor-3-1024x768.jpg 1024w, https:\/\/ponistra-schaul.lu\/wp-content\/uploads\/2022\/10\/garagentor-3-300x225.jpg 300w, https:\/\/ponistra-schaul.lu\/wp-content\/uploads\/2022\/10\/garagentor-3-768x576.jpg 768w, https:\/\/ponistra-schaul.lu\/wp-content\/uploads\/2022\/10\/garagentor-3-1536x1152.jpg 1536w, https:\/\/ponistra-schaul.lu\/wp-content\/uploads\/2022\/10\/garagentor-3-2048x1536.jpg 2048w, https:\/\/ponistra-schaul.lu\/wp-content\/uploads\/2022\/10\/garagentor-3-370x278.jpg 370w, https:\/\/ponistra-schaul.lu\/wp-content\/uploads\/2022\/10\/garagentor-3-1200x900.jpg 1200w, https:\/\/ponistra-schaul.lu\/wp-content\/uploads\/2022\/10\/garagentor-3-360x270.jpg 360w, https:\/\/ponistra-schaul.lu\/wp-content\/uploads\/2022\/10\/garagentor-3-600x450.jpg 600w\" sizes=\"(max-width: 1024px) 100vw, 1024px\" \/><\/figure>\r\n<\/li>\r\n \t<li class=\"blocks-gallery-item\">\r\n<figure><img decoding=\"async\" loading=\"lazy\" width=\"1024\" height=\"608\" class=\"wp-image-2743\" src=\"https:\/\/ponistra-schaul.lu\/wp-content\/uploads\/2022\/10\/garagentor-4-1024x608.jpg\" alt=\"\" data-id=\"2743\" data-full-url=\"https:\/\/ponistra-schaul.lu\/wp-content\/uploads\/2022\/10\/garagentor-4.jpg\" data-link=\"https:\/\/ponistra-schaul.lu\/was-wir-tun\/ausenanlagen\/garagentor-4\/\" srcset=\"https:\/\/ponistra-schaul.lu\/wp-content\/uploads\/2022\/10\/garagentor-4-1024x608.jpg 1024w, https:\/\/ponistra-schaul.lu\/wp-content\/uploads\/2022\/10\/garagentor-4-300x178.jpg 300w, https:\/\/ponistra-schaul.lu\/wp-content\/uploads\/2022\/10\/garagentor-4-768x456.jpg 768w, https:\/\/ponistra-schaul.lu\/wp-content\/uploads\/2022\/10\/garagentor-4-1536x913.jpg 1536w, https:\/\/ponistra-schaul.lu\/wp-content\/uploads\/2022\/10\/garagentor-4-2048x1217.jpg 2048w, https:\/\/ponistra-schaul.lu\/wp-content\/uploads\/2022\/10\/garagentor-4-370x220.jpg 370w, https:\/\/ponistra-schaul.lu\/wp-content\/uploads\/2022\/10\/garagentor-4-1200x713.jpg 1200w, https:\/\/ponistra-schaul.lu\/wp-content\/uploads\/2022\/10\/garagentor-4-360x214.jpg 360w, https:\/\/ponistra-schaul.lu\/wp-content\/uploads\/2022\/10\/garagentor-4-600x356.jpg 600w\" sizes=\"(max-width: 1024px) 100vw, 1024px\" \/><\/figure>\r\n<\/li>\r\n \t<li class=\"blocks-gallery-item\">\r\n<figure><img decoding=\"async\" loading=\"lazy\" width=\"1024\" height=\"768\" class=\"wp-image-2744\" src=\"https:\/\/ponistra-schaul.lu\/wp-content\/uploads\/2022\/10\/garagentor-5-1024x768.jpg\" alt=\"\" data-id=\"2744\" data-full-url=\"https:\/\/ponistra-schaul.lu\/wp-content\/uploads\/2022\/10\/garagentor-5.jpg\" data-link=\"https:\/\/ponistra-schaul.lu\/was-wir-tun\/ausenanlagen\/garagentor-5\/\" srcset=\"https:\/\/ponistra-schaul.lu\/wp-content\/uploads\/2022\/10\/garagentor-5-1024x768.jpg 1024w, https:\/\/ponistra-schaul.lu\/wp-content\/uploads\/2022\/10\/garagentor-5-300x225.jpg 300w, https:\/\/ponistra-schaul.lu\/wp-content\/uploads\/2022\/10\/garagentor-5-768x576.jpg 768w, https:\/\/ponistra-schaul.lu\/wp-content\/uploads\/2022\/10\/garagentor-5-1536x1152.jpg 1536w, https:\/\/ponistra-schaul.lu\/wp-content\/uploads\/2022\/10\/garagentor-5-2048x1536.jpg 2048w, https:\/\/ponistra-schaul.lu\/wp-content\/uploads\/2022\/10\/garagentor-5-370x278.jpg 370w, https:\/\/ponistra-schaul.lu\/wp-content\/uploads\/2022\/10\/garagentor-5-1200x900.jpg 1200w, https:\/\/ponistra-schaul.lu\/wp-content\/uploads\/2022\/10\/garagentor-5-360x270.jpg 360w, https:\/\/ponistra-schaul.lu\/wp-content\/uploads\/2022\/10\/garagentor-5-600x450.jpg 600w\" sizes=\"(max-width: 1024px) 100vw, 1024px\" \/><\/figure>\r\n<\/li>\r\n \t<li class=\"blocks-gallery-item\">\r\n<figure><img decoding=\"async\" loading=\"lazy\" width=\"1024\" height=\"576\" class=\"wp-image-2745\" src=\"https:\/\/ponistra-schaul.lu\/wp-content\/uploads\/2022\/10\/garagentor-6-1024x576.jpg\" alt=\"\" data-id=\"2745\" data-full-url=\"https:\/\/ponistra-schaul.lu\/wp-content\/uploads\/2022\/10\/garagentor-6-scaled.jpg\" data-link=\"https:\/\/ponistra-schaul.lu\/was-wir-tun\/ausenanlagen\/garagentor-6\/\" srcset=\"https:\/\/ponistra-schaul.lu\/wp-content\/uploads\/2022\/10\/garagentor-6-1024x576.jpg 1024w, https:\/\/ponistra-schaul.lu\/wp-content\/uploads\/2022\/10\/garagentor-6-300x169.jpg 300w, https:\/\/ponistra-schaul.lu\/wp-content\/uploads\/2022\/10\/garagentor-6-768x432.jpg 768w, https:\/\/ponistra-schaul.lu\/wp-content\/uploads\/2022\/10\/garagentor-6-1536x864.jpg 1536w, https:\/\/ponistra-schaul.lu\/wp-content\/uploads\/2022\/10\/garagentor-6-2048x1152.jpg 2048w, https:\/\/ponistra-schaul.lu\/wp-content\/uploads\/2022\/10\/garagentor-6-370x208.jpg 370w, https:\/\/ponistra-schaul.lu\/wp-content\/uploads\/2022\/10\/garagentor-6-1200x675.jpg 1200w, https:\/\/ponistra-schaul.lu\/wp-content\/uploads\/2022\/10\/garagentor-6-360x203.jpg 360w, https:\/\/ponistra-schaul.lu\/wp-content\/uploads\/2022\/10\/garagentor-6-600x338.jpg 600w\" sizes=\"(max-width: 1024px) 100vw, 1024px\" \/><\/figure>\r\n<\/li>\r\n \t<li class=\"blocks-gallery-item\">\r\n<figure><img decoding=\"async\" loading=\"lazy\" width=\"1024\" height=\"647\" class=\"wp-image-2746\" src=\"https:\/\/ponistra-schaul.lu\/wp-content\/uploads\/2022\/10\/garagentor-7-1024x647.jpg\" alt=\"\" data-id=\"2746\" data-full-url=\"https:\/\/ponistra-schaul.lu\/wp-content\/uploads\/2022\/10\/garagentor-7-scaled.jpg\" data-link=\"https:\/\/ponistra-schaul.lu\/was-wir-tun\/ausenanlagen\/garagentor-7\/\" srcset=\"https:\/\/ponistra-schaul.lu\/wp-content\/uploads\/2022\/10\/garagentor-7-1024x647.jpg 1024w, https:\/\/ponistra-schaul.lu\/wp-content\/uploads\/2022\/10\/garagentor-7-300x189.jpg 300w, https:\/\/ponistra-schaul.lu\/wp-content\/uploads\/2022\/10\/garagentor-7-768x485.jpg 768w, https:\/\/ponistra-schaul.lu\/wp-content\/uploads\/2022\/10\/garagentor-7-1536x970.jpg 1536w, https:\/\/ponistra-schaul.lu\/wp-content\/uploads\/2022\/10\/garagentor-7-2048x1293.jpg 2048w, https:\/\/ponistra-schaul.lu\/wp-content\/uploads\/2022\/10\/garagentor-7-370x234.jpg 370w, https:\/\/ponistra-schaul.lu\/wp-content\/uploads\/2022\/10\/garagentor-7-1200x758.jpg 1200w, https:\/\/ponistra-schaul.lu\/wp-content\/uploads\/2022\/10\/garagentor-7-360x227.jpg 360w, https:\/\/ponistra-schaul.lu\/wp-content\/uploads\/2022\/10\/garagentor-7-600x379.jpg 600w\" sizes=\"(max-width: 1024px) 100vw, 1024px\" \/><\/figure>\r\n<\/li>\r\n \t<li class=\"blocks-gallery-item\">\r\n<figure><img decoding=\"async\" loading=\"lazy\" width=\"1024\" height=\"768\" class=\"wp-image-2747\" src=\"https:\/\/ponistra-schaul.lu\/wp-content\/uploads\/2022\/10\/garagentor-8-1024x768.jpg\" alt=\"\" data-id=\"2747\" data-full-url=\"https:\/\/ponistra-schaul.lu\/wp-content\/uploads\/2022\/10\/garagentor-8.jpg\" data-link=\"https:\/\/ponistra-schaul.lu\/was-wir-tun\/ausenanlagen\/garagentor-8\/\" srcset=\"https:\/\/ponistra-schaul.lu\/wp-content\/uploads\/2022\/10\/garagentor-8-1024x768.jpg 1024w, https:\/\/ponistra-schaul.lu\/wp-content\/uploads\/2022\/10\/garagentor-8-300x225.jpg 300w, https:\/\/ponistra-schaul.lu\/wp-content\/uploads\/2022\/10\/garagentor-8-768x576.jpg 768w, https:\/\/ponistra-schaul.lu\/wp-content\/uploads\/2022\/10\/garagentor-8-1536x1152.jpg 1536w, https:\/\/ponistra-schaul.lu\/wp-content\/uploads\/2022\/10\/garagentor-8-2048x1536.jpg 2048w, https:\/\/ponistra-schaul.lu\/wp-content\/uploads\/2022\/10\/garagentor-8-370x278.jpg 370w, https:\/\/ponistra-schaul.lu\/wp-content\/uploads\/2022\/10\/garagentor-8-1200x900.jpg 1200w, https:\/\/ponistra-schaul.lu\/wp-content\/uploads\/2022\/10\/garagentor-8-360x270.jpg 360w, https:\/\/ponistra-schaul.lu\/wp-content\/uploads\/2022\/10\/garagentor-8-600x450.jpg 600w\" sizes=\"(max-width: 1024px) 100vw, 1024px\" \/><\/figure>\r\n<\/li>\r\n<\/ul>\r\n<\/figure>\r\n\r\n\r\n&nbsp;\r\n\r\n&nbsp;","protected":false},"excerpt":{"rendered":"<p>[vc_row][vc_column][vc_column_text] Installation et entretien des portes de garage [\/vc_column_text][vc_column_text] Les portes sectionnelles de garage s&rsquo;ouvrent verticalement, n\u00e9cessitent peu d&rsquo;espace au plafond du garage et permettent l&rsquo;utilisation compl\u00e8te de l&rsquo;ouverture du garage. Elles sont tr\u00e8s r\u00e9sistantes aux intemp\u00e9ries, ont une longue&#8230;<\/p>\n","protected":false},"author":1,"featured_media":0,"parent":747,"menu_order":0,"comment_status":"closed","ping_status":"closed","template":"","meta":[],"_links":{"self":[{"href":"https:\/\/ponistra-schaul.lu\/fr\/wp-json\/wp\/v2\/pages\/1776"}],"collection":[{"href":"https:\/\/ponistra-schaul.lu\/fr\/wp-json\/wp\/v2\/pages"}],"about":[{"href":"https:\/\/ponistra-schaul.lu\/fr\/wp-json\/wp\/v2\/types\/page"}],"author":[{"embeddable":true,"href":"https:\/\/ponistra-schaul.lu\/fr\/wp-json\/wp\/v2\/users\/1"}],"replies":[{"embeddable":true,"href":"https:\/\/ponistra-schaul.lu\/fr\/wp-json\/wp\/v2\/comments?post=1776"}],"version-history":[{"count":12,"href":"https:\/\/ponistra-schaul.lu\/fr\/wp-json\/wp\/v2\/pages\/1776\/revisions"}],"predecessor-version":[{"id":3367,"href":"https:\/\/ponistra-schaul.lu\/fr\/wp-json\/wp\/v2\/pages\/1776\/revisions\/3367"}],"up":[{"embeddable":true,"href":"https:\/\/ponistra-schaul.lu\/fr\/wp-json\/wp\/v2\/pages\/747"}],"wp:attachment":[{"href":"https:\/\/ponistra-schaul.lu\/fr\/wp-json\/wp\/v2\/media?parent=1776"}],"curies":[{"name":"wp","href":"https:\/\/api.w.org\/{rel}","templated":true}]}}