
{"id":1656,"date":"2018-04-08T13:12:02","date_gmt":"2018-04-08T13:12:02","guid":{"rendered":"http:\/\/localhost\/schreinerei-kolar\/?page_id=1656"},"modified":"2025-04-04T16:05:03","modified_gmt":"2025-04-04T16:05:03","slug":"haustueren","status":"publish","type":"page","link":"https:\/\/ponistra-schaul.lu\/fr\/prestations\/portesdentree\/","title":{"rendered":"Portes d\u2019entr\u00e9e"},"content":{"rendered":"[vc_row][vc_column][vc_column_text]\r\n<h3>L\u2019image de votre maison<\/h3>\r\n[\/vc_column_text][vc_column_text]L&rsquo;aluminium est un mat\u00e9riau id\u00e9al pour la fabrication de portes robustes et durables en raison de sa r\u00e9sistance, de sa durabilit\u00e9 et de sa r\u00e9sistance aux intemp\u00e9ries. De plus, l&rsquo;aluminium garantit une excellente isolation thermique. Faites-nous confiance pour l&rsquo;installation de portes de haute qualit\u00e9.\r\n\r\nPonistra Schaul installe votre nouvelle porte d&rsquo;entr\u00e9e (par exemple, en aluminium avec des remplissages recouvrant les deux c\u00f4t\u00e9s des battants) tout en assurant la s\u00e9curit\u00e9 n\u00e9cessaire. Des profils de syst\u00e8me solides, une vitrerie quadruple, des syst\u00e8mes Mul-T-Lock et des syst\u00e8mes de verrouillage sont des \u00e9l\u00e9ments importants \u00e0 cet \u00e9gard.\r\n\r\nLa porte d&rsquo;entr\u00e9e devrait \u00eatre l\u2019image de votre maison. C&rsquo;est pourquoi le design est \u00e9galement tr\u00e8s important. Nous proposons, entre autres, des portes d&rsquo;entr\u00e9e design et collaborons avec des partenaires innovants en Croatie.<!-- \/wp:paragraph -->\r\n\r\n<!-- wp:paragraph -->\r\n\r\nNous serons ravis de vous conseiller. <a href=\"mailto: info@ponistra-schaul.lu\" data-type=\"URL\" data-id=\"info@ponistra-schaul.lu\">Contactez-nous<\/a>, utilisez nos <a href=\"https:\/\/ponistra-schaul.tueren-designer.com\/\" target=\"_blank\" rel=\"noopener\">configurateurs de portes<\/a> et d\u00e9couvrez ci-dessous quelques-unes des variantes que nous avons d\u00e9j\u00e0 install\u00e9es.\r\n\r\n[\/vc_column_text][vc_column_text]<!-- wp:media-text {\"mediaId\":2736,\"mediaLink\":\"https:\/\/ponistra-schaul.lu\/was-wir-tun\/innovativer-ladenbau\/vorher-nachher-haustuere\/\",\"mediaType\":\"image\"} -->\r\n<div class=\"wp-block-media-text alignwide is-stacked-on-mobile\">\r\n<div class=\"wp-block-media-text__content\">\r\n\r\n<!-- wp:paragraph -->\r\n<p style=\"text-align: left;\">&nbsp;<\/p>\r\n<!-- \/wp:paragraph -->\r\n\r\n<\/div>\r\n<\/div>\r\n<!-- \/wp:media-text -->\r\n\r\n<!-- wp:gallery {\"ids\":[2734,2733,2731,2730,2729,2727,2726,2723,2722],\"columns\":4,\"linkTo\":\"none\"} -->\r\n<figure class=\"wp-block-gallery columns-4 is-cropped\">\r\n<ul class=\"blocks-gallery-grid\">\r\n \t<li class=\"blocks-gallery-item\">\r\n<figure><img decoding=\"async\" loading=\"lazy\" width=\"576\" height=\"1024\" class=\"wp-image-2734\" src=\"https:\/\/ponistra-schaul.lu\/wp-content\/uploads\/2022\/10\/hausture-11-576x1024.jpg\" alt=\"\" data-id=\"2734\" data-full-url=\"https:\/\/ponistra-schaul.lu\/wp-content\/uploads\/2022\/10\/hausture-11-scaled.jpg\" data-link=\"https:\/\/ponistra-schaul.lu\/was-wir-tun\/innovativer-ladenbau\/hausture-11\/\" srcset=\"https:\/\/ponistra-schaul.lu\/wp-content\/uploads\/2022\/10\/hausture-11-576x1024.jpg 576w, https:\/\/ponistra-schaul.lu\/wp-content\/uploads\/2022\/10\/hausture-11-169x300.jpg 169w, https:\/\/ponistra-schaul.lu\/wp-content\/uploads\/2022\/10\/hausture-11-768x1365.jpg 768w, https:\/\/ponistra-schaul.lu\/wp-content\/uploads\/2022\/10\/hausture-11-864x1536.jpg 864w, https:\/\/ponistra-schaul.lu\/wp-content\/uploads\/2022\/10\/hausture-11-1152x2048.jpg 1152w, https:\/\/ponistra-schaul.lu\/wp-content\/uploads\/2022\/10\/hausture-11-203x360.jpg 203w, https:\/\/ponistra-schaul.lu\/wp-content\/uploads\/2022\/10\/hausture-11-1200x2133.jpg 1200w, https:\/\/ponistra-schaul.lu\/wp-content\/uploads\/2022\/10\/hausture-11-360x640.jpg 360w, https:\/\/ponistra-schaul.lu\/wp-content\/uploads\/2022\/10\/hausture-11-600x1067.jpg 600w, https:\/\/ponistra-schaul.lu\/wp-content\/uploads\/2022\/10\/hausture-11-scaled.jpg 1440w\" sizes=\"(max-width: 576px) 100vw, 576px\" \/><\/figure>\r\n<\/li>\r\n \t<li class=\"blocks-gallery-item\">\r\n<figure><img decoding=\"async\" loading=\"lazy\" width=\"576\" height=\"1024\" class=\"wp-image-2733\" src=\"https:\/\/ponistra-schaul.lu\/wp-content\/uploads\/2022\/10\/hausture-10-576x1024.jpg\" alt=\"\" data-id=\"2733\" data-full-url=\"https:\/\/ponistra-schaul.lu\/wp-content\/uploads\/2022\/10\/hausture-10-scaled.jpg\" data-link=\"https:\/\/ponistra-schaul.lu\/was-wir-tun\/innovativer-ladenbau\/hausture-10\/\" srcset=\"https:\/\/ponistra-schaul.lu\/wp-content\/uploads\/2022\/10\/hausture-10-576x1024.jpg 576w, https:\/\/ponistra-schaul.lu\/wp-content\/uploads\/2022\/10\/hausture-10-169x300.jpg 169w, https:\/\/ponistra-schaul.lu\/wp-content\/uploads\/2022\/10\/hausture-10-768x1365.jpg 768w, https:\/\/ponistra-schaul.lu\/wp-content\/uploads\/2022\/10\/hausture-10-864x1536.jpg 864w, https:\/\/ponistra-schaul.lu\/wp-content\/uploads\/2022\/10\/hausture-10-1152x2048.jpg 1152w, https:\/\/ponistra-schaul.lu\/wp-content\/uploads\/2022\/10\/hausture-10-203x360.jpg 203w, https:\/\/ponistra-schaul.lu\/wp-content\/uploads\/2022\/10\/hausture-10-1200x2133.jpg 1200w, https:\/\/ponistra-schaul.lu\/wp-content\/uploads\/2022\/10\/hausture-10-360x640.jpg 360w, https:\/\/ponistra-schaul.lu\/wp-content\/uploads\/2022\/10\/hausture-10-600x1067.jpg 600w, https:\/\/ponistra-schaul.lu\/wp-content\/uploads\/2022\/10\/hausture-10-scaled.jpg 1440w\" sizes=\"(max-width: 576px) 100vw, 576px\" \/><\/figure>\r\n<\/li>\r\n \t<li class=\"blocks-gallery-item\">\r\n<figure><img decoding=\"async\" loading=\"lazy\" width=\"576\" height=\"1024\" class=\"wp-image-2731\" src=\"https:\/\/ponistra-schaul.lu\/wp-content\/uploads\/2022\/10\/hausture-9-576x1024.jpg\" alt=\"\" data-id=\"2731\" data-full-url=\"https:\/\/ponistra-schaul.lu\/wp-content\/uploads\/2022\/10\/hausture-9-scaled.jpg\" data-link=\"https:\/\/ponistra-schaul.lu\/was-wir-tun\/innovativer-ladenbau\/hausture-9\/\" srcset=\"https:\/\/ponistra-schaul.lu\/wp-content\/uploads\/2022\/10\/hausture-9-576x1024.jpg 576w, https:\/\/ponistra-schaul.lu\/wp-content\/uploads\/2022\/10\/hausture-9-169x300.jpg 169w, https:\/\/ponistra-schaul.lu\/wp-content\/uploads\/2022\/10\/hausture-9-768x1365.jpg 768w, https:\/\/ponistra-schaul.lu\/wp-content\/uploads\/2022\/10\/hausture-9-864x1536.jpg 864w, https:\/\/ponistra-schaul.lu\/wp-content\/uploads\/2022\/10\/hausture-9-1152x2048.jpg 1152w, https:\/\/ponistra-schaul.lu\/wp-content\/uploads\/2022\/10\/hausture-9-203x360.jpg 203w, https:\/\/ponistra-schaul.lu\/wp-content\/uploads\/2022\/10\/hausture-9-1200x2133.jpg 1200w, https:\/\/ponistra-schaul.lu\/wp-content\/uploads\/2022\/10\/hausture-9-360x640.jpg 360w, https:\/\/ponistra-schaul.lu\/wp-content\/uploads\/2022\/10\/hausture-9-600x1067.jpg 600w, https:\/\/ponistra-schaul.lu\/wp-content\/uploads\/2022\/10\/hausture-9-scaled.jpg 1440w\" sizes=\"(max-width: 576px) 100vw, 576px\" \/><\/figure>\r\n<\/li>\r\n \t<li class=\"blocks-gallery-item\">\r\n<figure><img decoding=\"async\" loading=\"lazy\" width=\"576\" height=\"1024\" class=\"wp-image-2730\" src=\"https:\/\/ponistra-schaul.lu\/wp-content\/uploads\/2022\/10\/hausture-8-576x1024.jpg\" alt=\"\" data-id=\"2730\" data-full-url=\"https:\/\/ponistra-schaul.lu\/wp-content\/uploads\/2022\/10\/hausture-8-scaled.jpg\" data-link=\"https:\/\/ponistra-schaul.lu\/was-wir-tun\/innovativer-ladenbau\/hausture-8\/\" srcset=\"https:\/\/ponistra-schaul.lu\/wp-content\/uploads\/2022\/10\/hausture-8-576x1024.jpg 576w, https:\/\/ponistra-schaul.lu\/wp-content\/uploads\/2022\/10\/hausture-8-169x300.jpg 169w, https:\/\/ponistra-schaul.lu\/wp-content\/uploads\/2022\/10\/hausture-8-768x1365.jpg 768w, https:\/\/ponistra-schaul.lu\/wp-content\/uploads\/2022\/10\/hausture-8-864x1536.jpg 864w, https:\/\/ponistra-schaul.lu\/wp-content\/uploads\/2022\/10\/hausture-8-1152x2048.jpg 1152w, https:\/\/ponistra-schaul.lu\/wp-content\/uploads\/2022\/10\/hausture-8-203x360.jpg 203w, https:\/\/ponistra-schaul.lu\/wp-content\/uploads\/2022\/10\/hausture-8-1200x2133.jpg 1200w, https:\/\/ponistra-schaul.lu\/wp-content\/uploads\/2022\/10\/hausture-8-360x640.jpg 360w, https:\/\/ponistra-schaul.lu\/wp-content\/uploads\/2022\/10\/hausture-8-600x1067.jpg 600w, https:\/\/ponistra-schaul.lu\/wp-content\/uploads\/2022\/10\/hausture-8-scaled.jpg 1440w\" sizes=\"(max-width: 576px) 100vw, 576px\" \/><\/figure>\r\n<\/li>\r\n \t<li class=\"blocks-gallery-item\">\r\n<figure><img decoding=\"async\" loading=\"lazy\" width=\"576\" height=\"1024\" class=\"wp-image-2729\" src=\"https:\/\/ponistra-schaul.lu\/wp-content\/uploads\/2022\/10\/hausture-7-576x1024.jpg\" alt=\"\" data-id=\"2729\" data-full-url=\"https:\/\/ponistra-schaul.lu\/wp-content\/uploads\/2022\/10\/hausture-7-scaled.jpg\" data-link=\"https:\/\/ponistra-schaul.lu\/was-wir-tun\/innovativer-ladenbau\/hausture-7\/\" srcset=\"https:\/\/ponistra-schaul.lu\/wp-content\/uploads\/2022\/10\/hausture-7-576x1024.jpg 576w, https:\/\/ponistra-schaul.lu\/wp-content\/uploads\/2022\/10\/hausture-7-169x300.jpg 169w, https:\/\/ponistra-schaul.lu\/wp-content\/uploads\/2022\/10\/hausture-7-768x1365.jpg 768w, https:\/\/ponistra-schaul.lu\/wp-content\/uploads\/2022\/10\/hausture-7-864x1536.jpg 864w, https:\/\/ponistra-schaul.lu\/wp-content\/uploads\/2022\/10\/hausture-7-1152x2048.jpg 1152w, https:\/\/ponistra-schaul.lu\/wp-content\/uploads\/2022\/10\/hausture-7-203x360.jpg 203w, https:\/\/ponistra-schaul.lu\/wp-content\/uploads\/2022\/10\/hausture-7-1200x2133.jpg 1200w, https:\/\/ponistra-schaul.lu\/wp-content\/uploads\/2022\/10\/hausture-7-360x640.jpg 360w, https:\/\/ponistra-schaul.lu\/wp-content\/uploads\/2022\/10\/hausture-7-600x1067.jpg 600w, https:\/\/ponistra-schaul.lu\/wp-content\/uploads\/2022\/10\/hausture-7-scaled.jpg 1440w\" sizes=\"(max-width: 576px) 100vw, 576px\" \/><\/figure>\r\n<\/li>\r\n \t<li class=\"blocks-gallery-item\">\r\n<figure><img decoding=\"async\" loading=\"lazy\" width=\"576\" height=\"1024\" class=\"wp-image-2727\" src=\"https:\/\/ponistra-schaul.lu\/wp-content\/uploads\/2022\/10\/hausture-5-576x1024.jpg\" alt=\"\" data-id=\"2727\" data-full-url=\"https:\/\/ponistra-schaul.lu\/wp-content\/uploads\/2022\/10\/hausture-5.jpg\" data-link=\"https:\/\/ponistra-schaul.lu\/was-wir-tun\/innovativer-ladenbau\/hausture-5\/\" srcset=\"https:\/\/ponistra-schaul.lu\/wp-content\/uploads\/2022\/10\/hausture-5-576x1024.jpg 576w, https:\/\/ponistra-schaul.lu\/wp-content\/uploads\/2022\/10\/hausture-5-169x300.jpg 169w, https:\/\/ponistra-schaul.lu\/wp-content\/uploads\/2022\/10\/hausture-5-768x1365.jpg 768w, https:\/\/ponistra-schaul.lu\/wp-content\/uploads\/2022\/10\/hausture-5-864x1536.jpg 864w, https:\/\/ponistra-schaul.lu\/wp-content\/uploads\/2022\/10\/hausture-5-203x360.jpg 203w, https:\/\/ponistra-schaul.lu\/wp-content\/uploads\/2022\/10\/hausture-5-360x640.jpg 360w, https:\/\/ponistra-schaul.lu\/wp-content\/uploads\/2022\/10\/hausture-5-600x1067.jpg 600w, https:\/\/ponistra-schaul.lu\/wp-content\/uploads\/2022\/10\/hausture-5.jpg 1152w\" sizes=\"(max-width: 576px) 100vw, 576px\" \/><\/figure>\r\n<\/li>\r\n \t<li class=\"blocks-gallery-item\">\r\n<figure><img decoding=\"async\" loading=\"lazy\" width=\"768\" height=\"1024\" class=\"wp-image-2726\" src=\"https:\/\/ponistra-schaul.lu\/wp-content\/uploads\/2022\/10\/hausture-4-768x1024.jpg\" alt=\"\" data-id=\"2726\" data-full-url=\"https:\/\/ponistra-schaul.lu\/wp-content\/uploads\/2022\/10\/hausture-4.jpg\" data-link=\"https:\/\/ponistra-schaul.lu\/was-wir-tun\/innovativer-ladenbau\/hausture-4\/\" srcset=\"https:\/\/ponistra-schaul.lu\/wp-content\/uploads\/2022\/10\/hausture-4-768x1024.jpg 768w, https:\/\/ponistra-schaul.lu\/wp-content\/uploads\/2022\/10\/hausture-4-225x300.jpg 225w, https:\/\/ponistra-schaul.lu\/wp-content\/uploads\/2022\/10\/hausture-4-1152x1536.jpg 1152w, https:\/\/ponistra-schaul.lu\/wp-content\/uploads\/2022\/10\/hausture-4-1536x2048.jpg 1536w, https:\/\/ponistra-schaul.lu\/wp-content\/uploads\/2022\/10\/hausture-4-270x360.jpg 270w, https:\/\/ponistra-schaul.lu\/wp-content\/uploads\/2022\/10\/hausture-4-1200x1600.jpg 1200w, https:\/\/ponistra-schaul.lu\/wp-content\/uploads\/2022\/10\/hausture-4-360x480.jpg 360w, https:\/\/ponistra-schaul.lu\/wp-content\/uploads\/2022\/10\/hausture-4-600x800.jpg 600w, https:\/\/ponistra-schaul.lu\/wp-content\/uploads\/2022\/10\/hausture-4.jpg 1920w\" sizes=\"(max-width: 768px) 100vw, 768px\" \/><\/figure>\r\n<\/li>\r\n \t<li class=\"blocks-gallery-item\">\r\n<figure><img decoding=\"async\" loading=\"lazy\" width=\"768\" height=\"1024\" class=\"wp-image-2723\" src=\"https:\/\/ponistra-schaul.lu\/wp-content\/uploads\/2022\/10\/hausture-2-768x1024.jpg\" alt=\"\" data-id=\"2723\" data-full-url=\"https:\/\/ponistra-schaul.lu\/wp-content\/uploads\/2022\/10\/hausture-2.jpg\" data-link=\"https:\/\/ponistra-schaul.lu\/was-wir-tun\/innovativer-ladenbau\/hausture-2\/\" srcset=\"https:\/\/ponistra-schaul.lu\/wp-content\/uploads\/2022\/10\/hausture-2-768x1024.jpg 768w, https:\/\/ponistra-schaul.lu\/wp-content\/uploads\/2022\/10\/hausture-2-225x300.jpg 225w, https:\/\/ponistra-schaul.lu\/wp-content\/uploads\/2022\/10\/hausture-2-1152x1536.jpg 1152w, https:\/\/ponistra-schaul.lu\/wp-content\/uploads\/2022\/10\/hausture-2-1536x2048.jpg 1536w, https:\/\/ponistra-schaul.lu\/wp-content\/uploads\/2022\/10\/hausture-2-270x360.jpg 270w, https:\/\/ponistra-schaul.lu\/wp-content\/uploads\/2022\/10\/hausture-2-1200x1600.jpg 1200w, https:\/\/ponistra-schaul.lu\/wp-content\/uploads\/2022\/10\/hausture-2-360x480.jpg 360w, https:\/\/ponistra-schaul.lu\/wp-content\/uploads\/2022\/10\/hausture-2-600x800.jpg 600w, https:\/\/ponistra-schaul.lu\/wp-content\/uploads\/2022\/10\/hausture-2.jpg 1920w\" sizes=\"(max-width: 768px) 100vw, 768px\" \/><\/figure>\r\n<\/li>\r\n \t<li class=\"blocks-gallery-item\">\r\n<figure><img decoding=\"async\" loading=\"lazy\" width=\"1024\" height=\"1008\" class=\"wp-image-2722\" src=\"https:\/\/ponistra-schaul.lu\/wp-content\/uploads\/2022\/10\/hausture-1-1024x1008.jpg\" alt=\"\" data-id=\"2722\" data-full-url=\"https:\/\/ponistra-schaul.lu\/wp-content\/uploads\/2022\/10\/hausture-1.jpg\" data-link=\"https:\/\/ponistra-schaul.lu\/was-wir-tun\/innovativer-ladenbau\/hausture-1\/\" srcset=\"https:\/\/ponistra-schaul.lu\/wp-content\/uploads\/2022\/10\/hausture-1-1024x1008.jpg 1024w, https:\/\/ponistra-schaul.lu\/wp-content\/uploads\/2022\/10\/hausture-1-300x295.jpg 300w, https:\/\/ponistra-schaul.lu\/wp-content\/uploads\/2022\/10\/hausture-1-768x756.jpg 768w, https:\/\/ponistra-schaul.lu\/wp-content\/uploads\/2022\/10\/hausture-1-1536x1511.jpg 1536w, https:\/\/ponistra-schaul.lu\/wp-content\/uploads\/2022\/10\/hausture-1-366x360.jpg 366w, https:\/\/ponistra-schaul.lu\/wp-content\/uploads\/2022\/10\/hausture-1-1200x1181.jpg 1200w, https:\/\/ponistra-schaul.lu\/wp-content\/uploads\/2022\/10\/hausture-1-360x354.jpg 360w, https:\/\/ponistra-schaul.lu\/wp-content\/uploads\/2022\/10\/hausture-1-600x590.jpg 600w, https:\/\/ponistra-schaul.lu\/wp-content\/uploads\/2022\/10\/hausture-1.jpg 1624w\" sizes=\"(max-width: 1024px) 100vw, 1024px\" \/><\/figure>\r\n<\/li>\r\n<\/ul>\r\n<\/figure>\r\n<!-- \/wp:gallery -->","protected":false},"excerpt":{"rendered":"<p>[vc_row][vc_column][vc_column_text] L\u2019image de votre maison [\/vc_column_text][vc_column_text]L&rsquo;aluminium est un mat\u00e9riau id\u00e9al pour la fabrication de portes robustes et durables en raison de sa r\u00e9sistance, de sa durabilit\u00e9 et de sa r\u00e9sistance aux intemp\u00e9ries. De plus, l&rsquo;aluminium garantit une excellente isolation thermique&#8230;.<\/p>\n","protected":false},"author":1,"featured_media":0,"parent":747,"menu_order":0,"comment_status":"closed","ping_status":"closed","template":"","meta":[],"_links":{"self":[{"href":"https:\/\/ponistra-schaul.lu\/fr\/wp-json\/wp\/v2\/pages\/1656"}],"collection":[{"href":"https:\/\/ponistra-schaul.lu\/fr\/wp-json\/wp\/v2\/pages"}],"about":[{"href":"https:\/\/ponistra-schaul.lu\/fr\/wp-json\/wp\/v2\/types\/page"}],"author":[{"embeddable":true,"href":"https:\/\/ponistra-schaul.lu\/fr\/wp-json\/wp\/v2\/users\/1"}],"replies":[{"embeddable":true,"href":"https:\/\/ponistra-schaul.lu\/fr\/wp-json\/wp\/v2\/comments?post=1656"}],"version-history":[{"count":31,"href":"https:\/\/ponistra-schaul.lu\/fr\/wp-json\/wp\/v2\/pages\/1656\/revisions"}],"predecessor-version":[{"id":3360,"href":"https:\/\/ponistra-schaul.lu\/fr\/wp-json\/wp\/v2\/pages\/1656\/revisions\/3360"}],"up":[{"embeddable":true,"href":"https:\/\/ponistra-schaul.lu\/fr\/wp-json\/wp\/v2\/pages\/747"}],"wp:attachment":[{"href":"https:\/\/ponistra-schaul.lu\/fr\/wp-json\/wp\/v2\/media?parent=1656"}],"curies":[{"name":"wp","href":"https:\/\/api.w.org\/{rel}","templated":true}]}}