
{"id":1614,"date":"2018-04-08T12:47:12","date_gmt":"2018-04-08T12:47:12","guid":{"rendered":"http:\/\/localhost\/schreinerei-kolar\/?page_id=1614"},"modified":"2025-04-04T16:43:24","modified_gmt":"2025-04-04T16:43:24","slug":"rolladentechnik","status":"publish","type":"page","link":"https:\/\/ponistra-schaul.lu\/fr\/prestations\/voletroulants\/","title":{"rendered":"Technologie de volet roulant"},"content":{"rendered":"<h3>Volet roulant ou store ext\u00e9rieur<\/h3>\r\n<img decoding=\"async\" loading=\"lazy\" class=\"alignleft wp-image-2979 size-medium\" src=\"https:\/\/ponistra-schaul.lu\/wp-content\/uploads\/2023\/06\/rolladen-grafik-300x196.jpg\" alt=\"\" width=\"300\" height=\"196\" srcset=\"https:\/\/ponistra-schaul.lu\/wp-content\/uploads\/2023\/06\/rolladen-grafik-300x196.jpg 300w, https:\/\/ponistra-schaul.lu\/wp-content\/uploads\/2023\/06\/rolladen-grafik-370x241.jpg 370w, https:\/\/ponistra-schaul.lu\/wp-content\/uploads\/2023\/06\/rolladen-grafik-360x235.jpg 360w, https:\/\/ponistra-schaul.lu\/wp-content\/uploads\/2023\/06\/rolladen-grafik-600x392.jpg 600w, https:\/\/ponistra-schaul.lu\/wp-content\/uploads\/2023\/06\/rolladen-grafik.jpg 662w\" sizes=\"(max-width: 300px) 100vw, 300px\" \/>Lorsque vous optez pour une fen\u00eatre moderne et contemporaine, il est essentiel de choisir \u00e9galement un syst\u00e8me de volet roulant ad\u00e9quat et intelligent. Nous proposons des solutions pour les nouvelles constructions ainsi que pour la modernisation. Enfin, l&rsquo;efficacit\u00e9 \u00e9nerg\u00e9tique et l&rsquo;isolation acoustique sont des facteurs d\u00e9terminants \u00e0 prendre en compte lors de l&rsquo;achat d&rsquo;un syst\u00e8me de volet roulant.\r\n\r\nNous tenons particuli\u00e8rement \u00e0 souligner la technologie des stores ext\u00e9rieurs en aluminium, qui g\u00e8re le contr\u00f4le de l&rsquo;entr\u00e9e de la lumi\u00e8re et vous assure une sensation de bien-\u00eatre.\r\n\r\nPour la question de choisir entre volet roulant ou store ext\u00e9rieur, nous sommes l\u00e0 pour vous conseiller.\r\n\r\n<a href=\"mailto: info@ponistra-schaul.lu\">Contactez-nous.<\/a>\r\n\r\n<img decoding=\"async\" loading=\"lazy\" class=\"alignnone wp-image-2985 size-large\" src=\"https:\/\/ponistra-schaul.lu\/wp-content\/uploads\/2023\/06\/rolladen-grafik3-1024x425.jpg\" alt=\"\" width=\"967\" height=\"401\" srcset=\"https:\/\/ponistra-schaul.lu\/wp-content\/uploads\/2023\/06\/rolladen-grafik3-1024x425.jpg 1024w, https:\/\/ponistra-schaul.lu\/wp-content\/uploads\/2023\/06\/rolladen-grafik3-300x125.jpg 300w, https:\/\/ponistra-schaul.lu\/wp-content\/uploads\/2023\/06\/rolladen-grafik3-768x319.jpg 768w, https:\/\/ponistra-schaul.lu\/wp-content\/uploads\/2023\/06\/rolladen-grafik3-370x154.jpg 370w, https:\/\/ponistra-schaul.lu\/wp-content\/uploads\/2023\/06\/rolladen-grafik3-360x150.jpg 360w, https:\/\/ponistra-schaul.lu\/wp-content\/uploads\/2023\/06\/rolladen-grafik3-600x249.jpg 600w, https:\/\/ponistra-schaul.lu\/wp-content\/uploads\/2023\/06\/rolladen-grafik3.jpg 1098w\" sizes=\"(max-width: 967px) 100vw, 967px\" \/>\r\n\r\n\r\n<figure class=\"wp-block-image size-large\"><img decoding=\"async\" loading=\"lazy\" width=\"1024\" height=\"683\" class=\"wp-image-3230\" src=\"https:\/\/ponistra-schaul.lu\/wp-content\/uploads\/2023\/06\/Rollladen-1024x683.jpg\" alt=\"\" srcset=\"https:\/\/ponistra-schaul.lu\/wp-content\/uploads\/2023\/06\/Rollladen-1024x683.jpg 1024w, https:\/\/ponistra-schaul.lu\/wp-content\/uploads\/2023\/06\/Rollladen-300x200.jpg 300w, https:\/\/ponistra-schaul.lu\/wp-content\/uploads\/2023\/06\/Rollladen-768x512.jpg 768w, https:\/\/ponistra-schaul.lu\/wp-content\/uploads\/2023\/06\/Rollladen-1536x1024.jpg 1536w, https:\/\/ponistra-schaul.lu\/wp-content\/uploads\/2023\/06\/Rollladen-2048x1365.jpg 2048w, https:\/\/ponistra-schaul.lu\/wp-content\/uploads\/2023\/06\/Rollladen-370x247.jpg 370w, https:\/\/ponistra-schaul.lu\/wp-content\/uploads\/2023\/06\/Rollladen-1200x800.jpg 1200w, https:\/\/ponistra-schaul.lu\/wp-content\/uploads\/2023\/06\/Rollladen-360x240.jpg 360w, https:\/\/ponistra-schaul.lu\/wp-content\/uploads\/2023\/06\/Rollladen-600x400.jpg 600w\" sizes=\"(max-width: 1024px) 100vw, 1024px\" \/><\/figure>\r\n \r\n<div class=\"wp-block-cover is-light\">\r\n<div class=\"wp-block-cover__inner-container\">\r\n\r\n\r\n\r\n\r\n\r\n<\/div>\r\n<\/div>\r\n \r\n<figure class=\"wp-block-image size-large\"><img decoding=\"async\" loading=\"lazy\" width=\"1024\" height=\"768\" class=\"wp-image-3141\" src=\"https:\/\/ponistra-schaul.lu\/wp-content\/uploads\/2023\/06\/window-1232371_1920-1024x768.jpg\" alt=\"\" srcset=\"https:\/\/ponistra-schaul.lu\/wp-content\/uploads\/2023\/06\/window-1232371_1920-1024x768.jpg 1024w, https:\/\/ponistra-schaul.lu\/wp-content\/uploads\/2023\/06\/window-1232371_1920-300x225.jpg 300w, https:\/\/ponistra-schaul.lu\/wp-content\/uploads\/2023\/06\/window-1232371_1920-768x576.jpg 768w, https:\/\/ponistra-schaul.lu\/wp-content\/uploads\/2023\/06\/window-1232371_1920-1536x1152.jpg 1536w, https:\/\/ponistra-schaul.lu\/wp-content\/uploads\/2023\/06\/window-1232371_1920-370x278.jpg 370w, https:\/\/ponistra-schaul.lu\/wp-content\/uploads\/2023\/06\/window-1232371_1920-1200x900.jpg 1200w, https:\/\/ponistra-schaul.lu\/wp-content\/uploads\/2023\/06\/window-1232371_1920-360x270.jpg 360w, https:\/\/ponistra-schaul.lu\/wp-content\/uploads\/2023\/06\/window-1232371_1920-600x450.jpg 600w, https:\/\/ponistra-schaul.lu\/wp-content\/uploads\/2023\/06\/window-1232371_1920.jpg 1920w\" sizes=\"(max-width: 1024px) 100vw, 1024px\" \/><\/figure>\r\n","protected":false},"excerpt":{"rendered":"<p>Volet roulant ou store ext\u00e9rieur Lorsque vous optez pour une fen\u00eatre moderne et contemporaine, il est essentiel de choisir \u00e9galement un syst\u00e8me de volet roulant ad\u00e9quat et intelligent. Nous proposons des solutions pour les nouvelles constructions ainsi que pour la&#8230;<\/p>\n","protected":false},"author":1,"featured_media":0,"parent":747,"menu_order":0,"comment_status":"closed","ping_status":"closed","template":"","meta":[],"_links":{"self":[{"href":"https:\/\/ponistra-schaul.lu\/fr\/wp-json\/wp\/v2\/pages\/1614"}],"collection":[{"href":"https:\/\/ponistra-schaul.lu\/fr\/wp-json\/wp\/v2\/pages"}],"about":[{"href":"https:\/\/ponistra-schaul.lu\/fr\/wp-json\/wp\/v2\/types\/page"}],"author":[{"embeddable":true,"href":"https:\/\/ponistra-schaul.lu\/fr\/wp-json\/wp\/v2\/users\/1"}],"replies":[{"embeddable":true,"href":"https:\/\/ponistra-schaul.lu\/fr\/wp-json\/wp\/v2\/comments?post=1614"}],"version-history":[{"count":20,"href":"https:\/\/ponistra-schaul.lu\/fr\/wp-json\/wp\/v2\/pages\/1614\/revisions"}],"predecessor-version":[{"id":3373,"href":"https:\/\/ponistra-schaul.lu\/fr\/wp-json\/wp\/v2\/pages\/1614\/revisions\/3373"}],"up":[{"embeddable":true,"href":"https:\/\/ponistra-schaul.lu\/fr\/wp-json\/wp\/v2\/pages\/747"}],"wp:attachment":[{"href":"https:\/\/ponistra-schaul.lu\/fr\/wp-json\/wp\/v2\/media?parent=1614"}],"curies":[{"name":"wp","href":"https:\/\/api.w.org\/{rel}","templated":true}]}}