
{"id":748,"date":"2014-11-11T11:14:05","date_gmt":"2014-11-11T11:14:05","guid":{"rendered":"http:\/\/anpsthemes.com\/constructo\/?page_id=11"},"modified":"2023-06-08T13:42:35","modified_gmt":"2023-06-08T13:42:35","slug":"uber-uns","status":"publish","type":"page","link":"https:\/\/ponistra-schaul.lu\/de\/uber-uns\/","title":{"rendered":"\u00dcber uns"},"content":{"rendered":"<p>Wir sind Experten in der Herstellung und Montage von PVC, Alu und Holzfenstern, Haust\u00fcren, Blindot\u00fcren, Garagentoren, Rolladen in allen Variationen, Pergolas, Markisen sowie Sonnen- und Insektenschutz. Ebenso k\u00f6nnen Sie sich auf unseren Reparaturservice verlassen.<\/p>\n<p>Ponistra Schaul baut auf mehrere Jahrzehnte Erfahrung. Egal ob f\u00fcr Ihre Privatimmobilie, ein Gesch\u00e4ftsgeb\u00e4ude oder multifunktionale Einheiten, wir sind Ihr zuverl\u00e4ssiger Partner in Luxemburg. Zahlreiche Projekte und Kundenreferenzen stehen hinter uns. Mit der \u00dcbernahme des Luxemburger Traditionsunternehmens Schaul Serge &amp; Cie im Jahr 2020 haben wir einen weiteren zentralen Schritt im Rahmen unserer T\u00e4tigkeit realisiert und Fachwissen mit Erfahrung und der Verwendung von hochwertigen Produkten verbunden.<\/p>\n<p>Das Wort \u201eponistra\u201c stammt aus dem Kroatischen und wird v.a. in der Region Dalmatien verwendet. Es bedeutet \u201eFenster\u201c und ist weiterhin zentraler Bestandteil unseres Firmennamens.<\/p>\n<p>Wir sind ein Ausbildungsbetrieb und arbeiten mit den besten Partnern und Zulieferern zusammen. Unsere Leistungs- und Servicepalette ist stets auf neuestem Stand. Sie finden uns zudem auf allen relevanten regionalen Messen des Fachs. <a href=\"mailto: info@ponistra-schaul.lu\">Kontaktieren Sie uns gerne mit Ihrem Anliegen<\/a>.<\/p>\n\n\n<figure class=\"wp-block-image size-full\"><img decoding=\"async\" loading=\"lazy\" width=\"502\" height=\"133\" src=\"https:\/\/ponistra-schaul.lu\/wp-content\/uploads\/2023\/05\/logo-new-2023-2.jpg\" alt=\"\" class=\"wp-image-2913\" srcset=\"https:\/\/ponistra-schaul.lu\/wp-content\/uploads\/2023\/05\/logo-new-2023-2.jpg 502w, https:\/\/ponistra-schaul.lu\/wp-content\/uploads\/2023\/05\/logo-new-2023-2-300x79.jpg 300w, https:\/\/ponistra-schaul.lu\/wp-content\/uploads\/2023\/05\/logo-new-2023-2-370x98.jpg 370w, https:\/\/ponistra-schaul.lu\/wp-content\/uploads\/2023\/05\/logo-new-2023-2-360x95.jpg 360w\" sizes=\"(max-width: 502px) 100vw, 502px\" \/><\/figure>\n","protected":false},"excerpt":{"rendered":"<p>Wir sind Experten in der Herstellung und Montage von PVC, Alu und Holzfenstern, Haust\u00fcren, Blindot\u00fcren, Garagentoren, Rolladen in allen Variationen, Pergolas, Markisen sowie Sonnen- und Insektenschutz. Ebenso k\u00f6nnen Sie sich auf unseren Reparaturservice verlassen. Ponistra Schaul baut auf mehrere Jahrzehnte&#8230;<\/p>\n","protected":false},"author":1,"featured_media":0,"parent":0,"menu_order":0,"comment_status":"open","ping_status":"open","template":"","meta":[],"_links":{"self":[{"href":"https:\/\/ponistra-schaul.lu\/de\/wp-json\/wp\/v2\/pages\/748"}],"collection":[{"href":"https:\/\/ponistra-schaul.lu\/de\/wp-json\/wp\/v2\/pages"}],"about":[{"href":"https:\/\/ponistra-schaul.lu\/de\/wp-json\/wp\/v2\/types\/page"}],"author":[{"embeddable":true,"href":"https:\/\/ponistra-schaul.lu\/de\/wp-json\/wp\/v2\/users\/1"}],"replies":[{"embeddable":true,"href":"https:\/\/ponistra-schaul.lu\/de\/wp-json\/wp\/v2\/comments?post=748"}],"version-history":[{"count":6,"href":"https:\/\/ponistra-schaul.lu\/de\/wp-json\/wp\/v2\/pages\/748\/revisions"}],"predecessor-version":[{"id":3002,"href":"https:\/\/ponistra-schaul.lu\/de\/wp-json\/wp\/v2\/pages\/748\/revisions\/3002"}],"wp:attachment":[{"href":"https:\/\/ponistra-schaul.lu\/de\/wp-json\/wp\/v2\/media?parent=748"}],"curies":[{"name":"wp","href":"https:\/\/api.w.org\/{rel}","templated":true}]}}