
{"id":747,"date":"2014-11-11T11:13:51","date_gmt":"2014-11-11T11:13:51","guid":{"rendered":"http:\/\/anpsthemes.com\/constructo\/?page_id=9"},"modified":"2025-04-04T16:38:23","modified_gmt":"2025-04-04T16:38:23","slug":"leistungen","status":"publish","type":"page","link":"https:\/\/ponistra-schaul.lu\/de\/leistungen\/","title":{"rendered":"Leistungen"},"content":{"rendered":"<p>[vc_row][vc_column][vc_column_text]Die professionelle Herstellung und Montage von Fenstern und (Haus)T\u00fcren liegt im Mittelpunkt des breiten Leistungsspektrums der Firma Ponistra Schaul. In unserer Werkstatt in der Niederkorner Industriezone Haneboesch produzieren wir Kunststofffenster und -t\u00fcren. Unseren Kunden bieten wir nat\u00fcrlich auch Alu- oder Holzfenster und statten diese selbstverst\u00e4ndlich mit ad\u00e4quaten und intelligenten Rolladensystemen, Raffstore Technologie und Insektenschutz aus.<\/p>\n<p>Auch die Haust\u00fcr als Aush\u00e4ngeschild Ihres Heims haben wir uns zu einer wichtigen Aufgabe gemacht. Wir arbeiten mit namhaften und innovativen Partnern zusammen und finden f\u00fcr Sie eine attraktive, stabile und sichere L\u00f6sung f\u00fcr Ihren Hauseingang. In Verbindung mit einer geeigneten Briefkastenanlage wird dieser \u00fcbrigens noch besser aussehen.<\/p>\n<p>Zu unseren T\u00e4tigkeitsfeldern geh\u00f6rt auch die Montage von Garagen-Sektionaltoren und Servicet\u00fcren unseres Partners\u00a0 H\u00f6rmann, die Ihnen eine optimale Nutzung der vollen Garagen\u00f6ffnung erm\u00f6glichen.<\/p>\n<p>Sehr beliebt sind Sonnenschutze und Pergolas, die in der Regel eine Verbindung zwischen Haus und Terrasse fungieren und aus verschiedenen Materialien angefertigt werden k\u00f6nnen. Besonders im Trend sind bioklimatische Pergolas.<\/p>\n<p>Nicht zuletzt, Ponistra Schaul k\u00fcmmert sich auch um Service, Instandhaltung und Reparaturarbeiten an Fenstern, T\u00fcren, Garagentoren, Roll\u00e4den etc. Wir sind stets f\u00fcr Sie erreichbar, rufen Sie uns an und vereinbaren einen <a href=\"info@ponistra-schaul.lu\">Termin<\/a>.<\/p>\n<p><img decoding=\"async\" loading=\"lazy\" class=\"alignnone size-medium wp-image-2913\" src=\"https:\/\/ponistra-schaul.lu\/wp-content\/uploads\/2023\/05\/logo-new-2023-2-300x79.jpg\" alt=\"\" width=\"300\" height=\"79\" srcset=\"https:\/\/ponistra-schaul.lu\/wp-content\/uploads\/2023\/05\/logo-new-2023-2-300x79.jpg 300w, https:\/\/ponistra-schaul.lu\/wp-content\/uploads\/2023\/05\/logo-new-2023-2-370x98.jpg 370w, https:\/\/ponistra-schaul.lu\/wp-content\/uploads\/2023\/05\/logo-new-2023-2-360x95.jpg 360w, https:\/\/ponistra-schaul.lu\/wp-content\/uploads\/2023\/05\/logo-new-2023-2.jpg 502w\" sizes=\"(max-width: 300px) 100vw, 300px\" \/><\/p>\n","protected":false},"excerpt":{"rendered":"<p>[vc_row][vc_column][vc_column_text]Die professionelle Herstellung und Montage von Fenstern und (Haus)T\u00fcren liegt im Mittelpunkt des breiten Leistungsspektrums der Firma Ponistra Schaul. In unserer Werkstatt in der Niederkorner Industriezone Haneboesch produzieren wir Kunststofffenster und -t\u00fcren. Unseren Kunden bieten wir nat\u00fcrlich auch Alu- oder&#8230;<\/p>\n","protected":false},"author":1,"featured_media":0,"parent":0,"menu_order":0,"comment_status":"open","ping_status":"open","template":"","meta":[],"_links":{"self":[{"href":"https:\/\/ponistra-schaul.lu\/de\/wp-json\/wp\/v2\/pages\/747"}],"collection":[{"href":"https:\/\/ponistra-schaul.lu\/de\/wp-json\/wp\/v2\/pages"}],"about":[{"href":"https:\/\/ponistra-schaul.lu\/de\/wp-json\/wp\/v2\/types\/page"}],"author":[{"embeddable":true,"href":"https:\/\/ponistra-schaul.lu\/de\/wp-json\/wp\/v2\/users\/1"}],"replies":[{"embeddable":true,"href":"https:\/\/ponistra-schaul.lu\/de\/wp-json\/wp\/v2\/comments?post=747"}],"version-history":[{"count":13,"href":"https:\/\/ponistra-schaul.lu\/de\/wp-json\/wp\/v2\/pages\/747\/revisions"}],"predecessor-version":[{"id":3370,"href":"https:\/\/ponistra-schaul.lu\/de\/wp-json\/wp\/v2\/pages\/747\/revisions\/3370"}],"wp:attachment":[{"href":"https:\/\/ponistra-schaul.lu\/de\/wp-json\/wp\/v2\/media?parent=747"}],"curies":[{"name":"wp","href":"https:\/\/api.w.org\/{rel}","templated":true}]}}