
{"id":3340,"date":"2025-03-28T18:08:49","date_gmt":"2025-03-28T18:08:49","guid":{"rendered":"https:\/\/ponistra-schaul.lu\/?page_id=3340"},"modified":"2025-03-28T18:14:29","modified_gmt":"2025-03-28T18:14:29","slug":"konfigurator-adoro","status":"publish","type":"page","link":"https:\/\/ponistra-schaul.lu\/de\/konfigurator-adoro\/","title":{"rendered":"Konfigurator ADORO"},"content":{"rendered":"\n<p class=\"has-large-font-size\">ADORO-Haust\u00fcren Konfigurator<\/p>\n\n\n\n<p>Wir arbeiten mit dem Unternehmen ADORO zusammen, einem Top-Hersteller von Haust\u00fcren. Nutzen Sie den \u00fcbersichtlichen Konfigurator und erstellen Sie Ihre Traumt\u00fcr. <\/p>\n\n\n\n<p>Klicken Sie einfach auf das untere Bild. W\u00e4hlen Sie Modell, Farbe, Konstruktion, Glas, T\u00fcrgriffe und vieles mehr&#8230;<\/p>\n\n\n\n<figure class=\"wp-block-image size-large\"><a href=\"https:\/\/konfigurator.adoro-tueren.com\/?referrer=14460\" target=\"_blank\" rel=\"noreferrer noopener\"><img decoding=\"async\" loading=\"lazy\" width=\"1024\" height=\"541\" src=\"https:\/\/ponistra-schaul.lu\/wp-content\/uploads\/2025\/03\/adoro-konfigurator-1024x541.jpg\" alt=\"\" class=\"wp-image-3344\" srcset=\"https:\/\/ponistra-schaul.lu\/wp-content\/uploads\/2025\/03\/adoro-konfigurator-1024x541.jpg 1024w, https:\/\/ponistra-schaul.lu\/wp-content\/uploads\/2025\/03\/adoro-konfigurator-300x158.jpg 300w, https:\/\/ponistra-schaul.lu\/wp-content\/uploads\/2025\/03\/adoro-konfigurator-768x406.jpg 768w, https:\/\/ponistra-schaul.lu\/wp-content\/uploads\/2025\/03\/adoro-konfigurator-1536x811.jpg 1536w, https:\/\/ponistra-schaul.lu\/wp-content\/uploads\/2025\/03\/adoro-konfigurator-370x195.jpg 370w, https:\/\/ponistra-schaul.lu\/wp-content\/uploads\/2025\/03\/adoro-konfigurator-1200x634.jpg 1200w, https:\/\/ponistra-schaul.lu\/wp-content\/uploads\/2025\/03\/adoro-konfigurator-360x190.jpg 360w, https:\/\/ponistra-schaul.lu\/wp-content\/uploads\/2025\/03\/adoro-konfigurator-600x317.jpg 600w, https:\/\/ponistra-schaul.lu\/wp-content\/uploads\/2025\/03\/adoro-konfigurator.jpg 1785w\" sizes=\"(max-width: 1024px) 100vw, 1024px\" \/><\/a><\/figure>\n","protected":false},"excerpt":{"rendered":"<p>ADORO-Haust\u00fcren Konfigurator Wir arbeiten mit dem Unternehmen ADORO zusammen, einem Top-Hersteller von Haust\u00fcren. Nutzen Sie den \u00fcbersichtlichen Konfigurator und erstellen Sie Ihre Traumt\u00fcr. Klicken Sie einfach auf das untere Bild. W\u00e4hlen Sie Modell, Farbe, Konstruktion, Glas, T\u00fcrgriffe und vieles mehr&#8230;<\/p>\n","protected":false},"author":1,"featured_media":0,"parent":0,"menu_order":0,"comment_status":"closed","ping_status":"closed","template":"","meta":[],"_links":{"self":[{"href":"https:\/\/ponistra-schaul.lu\/de\/wp-json\/wp\/v2\/pages\/3340"}],"collection":[{"href":"https:\/\/ponistra-schaul.lu\/de\/wp-json\/wp\/v2\/pages"}],"about":[{"href":"https:\/\/ponistra-schaul.lu\/de\/wp-json\/wp\/v2\/types\/page"}],"author":[{"embeddable":true,"href":"https:\/\/ponistra-schaul.lu\/de\/wp-json\/wp\/v2\/users\/1"}],"replies":[{"embeddable":true,"href":"https:\/\/ponistra-schaul.lu\/de\/wp-json\/wp\/v2\/comments?post=3340"}],"version-history":[{"count":4,"href":"https:\/\/ponistra-schaul.lu\/de\/wp-json\/wp\/v2\/pages\/3340\/revisions"}],"predecessor-version":[{"id":3347,"href":"https:\/\/ponistra-schaul.lu\/de\/wp-json\/wp\/v2\/pages\/3340\/revisions\/3347"}],"wp:attachment":[{"href":"https:\/\/ponistra-schaul.lu\/de\/wp-json\/wp\/v2\/media?parent=3340"}],"curies":[{"name":"wp","href":"https:\/\/api.w.org\/{rel}","templated":true}]}}