
{"id":2788,"date":"2023-05-19T09:46:00","date_gmt":"2023-05-19T09:46:00","guid":{"rendered":"https:\/\/ponistra-schaul.lu\/?page_id=2788"},"modified":"2025-04-04T16:16:08","modified_gmt":"2025-04-04T16:16:08","slug":"reparaturservice","status":"publish","type":"page","link":"https:\/\/ponistra-schaul.lu\/de\/leistungen\/reparaturservice\/","title":{"rendered":"Reparaturservice"},"content":{"rendered":"<p>[vc_row][vc_column][vc_column_text]<\/p>\n<p>\u00a0<\/p>\n\n\n<\/p>\n<h3>Wir beheben Sch\u00e4den auch nach Einbr\u00fcchen<\/h3>\n<p>Selbstverst\u00e4ndlich geh\u00f6rt auch die Reparatur und Instandhaltung von Fenstern, T\u00fcren, Garagentoren (Programmierung, Motoren, Garagentorfedern&#8230;) u.a. zu unserem Aufgabengebiet. Auch Besch\u00e4digungen nach Einbr\u00fcchen oder Unf\u00e4llen nehmen wir in Griff.<\/p>\n<p>\n\n\n<p><\/p>\n<p><\/p>\n\n\n<\/p>\n<p>Kontaktieren Sie uns.<\/p>\n<p>\n\n\n<p><\/p>\n<p><\/p>\n\n\n<\/p>\n<p>\n\n\n<p><\/p>\n<p><\/p>\n\n\n<\/p>\n<figure class=\"wp-block-image size-large\"><img decoding=\"async\" loading=\"lazy\" width=\"1024\" height=\"683\" class=\"wp-image-2996\" src=\"https:\/\/ponistra-schaul.lu\/wp-content\/uploads\/2023\/06\/tool-2820955-1024x683.jpg\" alt=\"\" srcset=\"https:\/\/ponistra-schaul.lu\/wp-content\/uploads\/2023\/06\/tool-2820955-1024x683.jpg 1024w, https:\/\/ponistra-schaul.lu\/wp-content\/uploads\/2023\/06\/tool-2820955-300x200.jpg 300w, https:\/\/ponistra-schaul.lu\/wp-content\/uploads\/2023\/06\/tool-2820955-768x512.jpg 768w, https:\/\/ponistra-schaul.lu\/wp-content\/uploads\/2023\/06\/tool-2820955-1536x1024.jpg 1536w, https:\/\/ponistra-schaul.lu\/wp-content\/uploads\/2023\/06\/tool-2820955-2048x1365.jpg 2048w, https:\/\/ponistra-schaul.lu\/wp-content\/uploads\/2023\/06\/tool-2820955-370x247.jpg 370w, https:\/\/ponistra-schaul.lu\/wp-content\/uploads\/2023\/06\/tool-2820955-1200x800.jpg 1200w, https:\/\/ponistra-schaul.lu\/wp-content\/uploads\/2023\/06\/tool-2820955-360x240.jpg 360w, https:\/\/ponistra-schaul.lu\/wp-content\/uploads\/2023\/06\/tool-2820955-600x400.jpg 600w\" sizes=\"(max-width: 1024px) 100vw, 1024px\" \/><\/figure>\n<p>\n","protected":false},"excerpt":{"rendered":"<p>[vc_row][vc_column][vc_column_text] \u00a0 Wir beheben Sch\u00e4den auch nach Einbr\u00fcchen Selbstverst\u00e4ndlich geh\u00f6rt auch die Reparatur und Instandhaltung von Fenstern, T\u00fcren, Garagentoren (Programmierung, Motoren, Garagentorfedern&#8230;) u.a. zu unserem Aufgabengebiet. Auch Besch\u00e4digungen nach Einbr\u00fcchen oder Unf\u00e4llen nehmen wir in Griff. Kontaktieren Sie uns.<\/p>\n","protected":false},"author":1,"featured_media":0,"parent":747,"menu_order":0,"comment_status":"closed","ping_status":"closed","template":"","meta":[],"_links":{"self":[{"href":"https:\/\/ponistra-schaul.lu\/de\/wp-json\/wp\/v2\/pages\/2788"}],"collection":[{"href":"https:\/\/ponistra-schaul.lu\/de\/wp-json\/wp\/v2\/pages"}],"about":[{"href":"https:\/\/ponistra-schaul.lu\/de\/wp-json\/wp\/v2\/types\/page"}],"author":[{"embeddable":true,"href":"https:\/\/ponistra-schaul.lu\/de\/wp-json\/wp\/v2\/users\/1"}],"replies":[{"embeddable":true,"href":"https:\/\/ponistra-schaul.lu\/de\/wp-json\/wp\/v2\/comments?post=2788"}],"version-history":[{"count":6,"href":"https:\/\/ponistra-schaul.lu\/de\/wp-json\/wp\/v2\/pages\/2788\/revisions"}],"predecessor-version":[{"id":3365,"href":"https:\/\/ponistra-schaul.lu\/de\/wp-json\/wp\/v2\/pages\/2788\/revisions\/3365"}],"up":[{"embeddable":true,"href":"https:\/\/ponistra-schaul.lu\/de\/wp-json\/wp\/v2\/pages\/747"}],"wp:attachment":[{"href":"https:\/\/ponistra-schaul.lu\/de\/wp-json\/wp\/v2\/media?parent=2788"}],"curies":[{"name":"wp","href":"https:\/\/api.w.org\/{rel}","templated":true}]}}