
{"id":2786,"date":"2023-05-19T09:45:31","date_gmt":"2023-05-19T09:45:31","guid":{"rendered":"https:\/\/ponistra-schaul.lu\/?page_id=2786"},"modified":"2025-04-04T16:07:38","modified_gmt":"2025-04-04T16:07:38","slug":"fliegengitter","status":"publish","type":"page","link":"https:\/\/ponistra-schaul.lu\/de\/leistungen\/fliegengitter\/","title":{"rendered":"Insektenschutz \/ Sicht- und Sonnenschutz"},"content":{"rendered":"<p>[vc_row][vc_column][vc_column_text]<\/p>\n<p>\u00a0<\/p>\n\n\n<\/p>\n<h3>Insekten sollen drau\u00dfen bleiben<\/h3>\n<p>Besonders in den Sommermonaten ist es unangenehm, wenn Moskitos, Fliegen oder andere Insekten ohne Einladung in unsere Wohnung einziehen. Fliegengitter sind eine geeignete L\u00f6sung, um Insekten vorzubeugen. Wir bieten verschiedene L\u00f6sungen nach Ma\u00df (fest, herausnehmbar, Schiebel\u00f6sungen, Rollos, Plissees&#8230;), je nachdem, welche Resultate das Aufma\u00df ergibt.<\/p>\n<p>\n\n\n<p><\/p>\n<p><\/p>\n\n\n<\/p>\n<p>Dasselbe gilt nat\u00fcrlich auch f\u00fcr Sonnen- und Sichtschutz innerhalb des Fensterrahmens.<\/p>\n<p>\n\n\n<p><\/p>\n<p><\/p>\n\n\n<\/p>\n<p>Gerne beraten wir Sie. Schreiben Sie uns eine <a href=\"mailto: info@ponistra-schaul.lu\">E-Mail <\/a>oder rufen Sie an: +352 58 41 84<\/p>\n<p>\n\n\n<p><\/p>\n<p><\/p>\n\n\n<\/p>\n<figure class=\"wp-block-image size-full\"><img decoding=\"async\" loading=\"lazy\" width=\"895\" height=\"424\" class=\"wp-image-2993\" src=\"https:\/\/ponistra-schaul.lu\/wp-content\/uploads\/2023\/06\/insektenschutzgitter1.jpg\" alt=\"\" srcset=\"https:\/\/ponistra-schaul.lu\/wp-content\/uploads\/2023\/06\/insektenschutzgitter1.jpg 895w, https:\/\/ponistra-schaul.lu\/wp-content\/uploads\/2023\/06\/insektenschutzgitter1-300x142.jpg 300w, https:\/\/ponistra-schaul.lu\/wp-content\/uploads\/2023\/06\/insektenschutzgitter1-768x364.jpg 768w, https:\/\/ponistra-schaul.lu\/wp-content\/uploads\/2023\/06\/insektenschutzgitter1-370x175.jpg 370w, https:\/\/ponistra-schaul.lu\/wp-content\/uploads\/2023\/06\/insektenschutzgitter1-360x171.jpg 360w, https:\/\/ponistra-schaul.lu\/wp-content\/uploads\/2023\/06\/insektenschutzgitter1-600x284.jpg 600w\" sizes=\"(max-width: 895px) 100vw, 895px\" \/><\/figure>\n<p>\n\n\n<p>\u00a0<\/p>\n<p>[\/vc_column_text][\/vc_column][\/vc_row][vc_row][vc_column][vc_images_carousel images=&#8220;3180,3183,3186,3189,3193,3195,3199,3209,3217,3215&#8243; img_size=&#8220;full&#8220; title=&#8220;Einige Produktfotos unseres Partners Erfal&#8220;][\/vc_column][\/vc_row]{:}{:fr}<\/p>\n\n\n<p><\/p>\n\n\n\n<figure class=\"wp-block-gallery has-nested-images columns-default is-cropped wp-block-gallery-1 is-layout-flex\">\n<figure class=\"wp-block-image size-large\"><img decoding=\"async\" loading=\"lazy\" width=\"683\" height=\"1024\" data-id=\"3180\"  src=\"https:\/\/ponistra-schaul.lu\/wp-content\/uploads\/2023\/06\/erfal_Insektenschutz_02-683x1024.jpg\" alt=\"\" class=\"wp-image-3180\" srcset=\"https:\/\/ponistra-schaul.lu\/wp-content\/uploads\/2023\/06\/erfal_Insektenschutz_02-683x1024.jpg 683w, https:\/\/ponistra-schaul.lu\/wp-content\/uploads\/2023\/06\/erfal_Insektenschutz_02-200x300.jpg 200w, https:\/\/ponistra-schaul.lu\/wp-content\/uploads\/2023\/06\/erfal_Insektenschutz_02-768x1152.jpg 768w, https:\/\/ponistra-schaul.lu\/wp-content\/uploads\/2023\/06\/erfal_Insektenschutz_02-1024x1536.jpg 1024w, https:\/\/ponistra-schaul.lu\/wp-content\/uploads\/2023\/06\/erfal_Insektenschutz_02-1366x2048.jpg 1366w, https:\/\/ponistra-schaul.lu\/wp-content\/uploads\/2023\/06\/erfal_Insektenschutz_02-240x360.jpg 240w, https:\/\/ponistra-schaul.lu\/wp-content\/uploads\/2023\/06\/erfal_Insektenschutz_02-1200x1800.jpg 1200w, https:\/\/ponistra-schaul.lu\/wp-content\/uploads\/2023\/06\/erfal_Insektenschutz_02-360x540.jpg 360w, https:\/\/ponistra-schaul.lu\/wp-content\/uploads\/2023\/06\/erfal_Insektenschutz_02-600x900.jpg 600w, https:\/\/ponistra-schaul.lu\/wp-content\/uploads\/2023\/06\/erfal_Insektenschutz_02.jpg 1575w\" sizes=\"(max-width: 683px) 100vw, 683px\" \/><\/figure>\n\n\n\n<figure class=\"wp-block-image size-large\"><img decoding=\"async\" loading=\"lazy\" width=\"1024\" height=\"769\" data-id=\"3183\"  src=\"https:\/\/ponistra-schaul.lu\/wp-content\/uploads\/2023\/06\/erfal_Insektenschutz_07-1024x769.jpg\" alt=\"\" class=\"wp-image-3183\" srcset=\"https:\/\/ponistra-schaul.lu\/wp-content\/uploads\/2023\/06\/erfal_Insektenschutz_07-1024x769.jpg 1024w, https:\/\/ponistra-schaul.lu\/wp-content\/uploads\/2023\/06\/erfal_Insektenschutz_07-300x225.jpg 300w, https:\/\/ponistra-schaul.lu\/wp-content\/uploads\/2023\/06\/erfal_Insektenschutz_07-768x576.jpg 768w, https:\/\/ponistra-schaul.lu\/wp-content\/uploads\/2023\/06\/erfal_Insektenschutz_07-1536x1153.jpg 1536w, https:\/\/ponistra-schaul.lu\/wp-content\/uploads\/2023\/06\/erfal_Insektenschutz_07-2048x1537.jpg 2048w, https:\/\/ponistra-schaul.lu\/wp-content\/uploads\/2023\/06\/erfal_Insektenschutz_07-370x278.jpg 370w, https:\/\/ponistra-schaul.lu\/wp-content\/uploads\/2023\/06\/erfal_Insektenschutz_07-1200x901.jpg 1200w, https:\/\/ponistra-schaul.lu\/wp-content\/uploads\/2023\/06\/erfal_Insektenschutz_07-360x270.jpg 360w, https:\/\/ponistra-schaul.lu\/wp-content\/uploads\/2023\/06\/erfal_Insektenschutz_07-600x450.jpg 600w\" sizes=\"(max-width: 1024px) 100vw, 1024px\" \/><figcaption class=\"wp-element-caption\">Studio 3001<\/figcaption><\/figure>\n\n\n\n<figure class=\"wp-block-image size-large\"><img decoding=\"async\" loading=\"lazy\" width=\"1024\" height=\"913\" data-id=\"3186\"  src=\"https:\/\/ponistra-schaul.lu\/wp-content\/uploads\/2023\/06\/erfal_Insektenschutz_12-1024x913.jpg\" alt=\"\" class=\"wp-image-3186\" srcset=\"https:\/\/ponistra-schaul.lu\/wp-content\/uploads\/2023\/06\/erfal_Insektenschutz_12-1024x913.jpg 1024w, https:\/\/ponistra-schaul.lu\/wp-content\/uploads\/2023\/06\/erfal_Insektenschutz_12-300x268.jpg 300w, https:\/\/ponistra-schaul.lu\/wp-content\/uploads\/2023\/06\/erfal_Insektenschutz_12-768x685.jpg 768w, https:\/\/ponistra-schaul.lu\/wp-content\/uploads\/2023\/06\/erfal_Insektenschutz_12-1536x1370.jpg 1536w, https:\/\/ponistra-schaul.lu\/wp-content\/uploads\/2023\/06\/erfal_Insektenschutz_12-2048x1827.jpg 2048w, https:\/\/ponistra-schaul.lu\/wp-content\/uploads\/2023\/06\/erfal_Insektenschutz_12-370x330.jpg 370w, https:\/\/ponistra-schaul.lu\/wp-content\/uploads\/2023\/06\/erfal_Insektenschutz_12-1200x1070.jpg 1200w, https:\/\/ponistra-schaul.lu\/wp-content\/uploads\/2023\/06\/erfal_Insektenschutz_12-360x321.jpg 360w, https:\/\/ponistra-schaul.lu\/wp-content\/uploads\/2023\/06\/erfal_Insektenschutz_12-600x535.jpg 600w\" sizes=\"(max-width: 1024px) 100vw, 1024px\" \/><figcaption class=\"wp-element-caption\">StudioRaum<\/figcaption><\/figure>\n\n\n\n<figure class=\"wp-block-image size-large\"><img decoding=\"async\" loading=\"lazy\" width=\"683\" height=\"1024\" data-id=\"3189\"  src=\"https:\/\/ponistra-schaul.lu\/wp-content\/uploads\/2023\/06\/erfal_Insektenschutz_16-683x1024.jpg\" alt=\"\" class=\"wp-image-3189\" srcset=\"https:\/\/ponistra-schaul.lu\/wp-content\/uploads\/2023\/06\/erfal_Insektenschutz_16-683x1024.jpg 683w, https:\/\/ponistra-schaul.lu\/wp-content\/uploads\/2023\/06\/erfal_Insektenschutz_16-200x300.jpg 200w, https:\/\/ponistra-schaul.lu\/wp-content\/uploads\/2023\/06\/erfal_Insektenschutz_16-768x1152.jpg 768w, https:\/\/ponistra-schaul.lu\/wp-content\/uploads\/2023\/06\/erfal_Insektenschutz_16-1024x1536.jpg 1024w, https:\/\/ponistra-schaul.lu\/wp-content\/uploads\/2023\/06\/erfal_Insektenschutz_16-1366x2048.jpg 1366w, https:\/\/ponistra-schaul.lu\/wp-content\/uploads\/2023\/06\/erfal_Insektenschutz_16-240x360.jpg 240w, https:\/\/ponistra-schaul.lu\/wp-content\/uploads\/2023\/06\/erfal_Insektenschutz_16-1200x1800.jpg 1200w, https:\/\/ponistra-schaul.lu\/wp-content\/uploads\/2023\/06\/erfal_Insektenschutz_16-360x540.jpg 360w, https:\/\/ponistra-schaul.lu\/wp-content\/uploads\/2023\/06\/erfal_Insektenschutz_16-600x900.jpg 600w, https:\/\/ponistra-schaul.lu\/wp-content\/uploads\/2023\/06\/erfal_Insektenschutz_16.jpg 1575w\" sizes=\"(max-width: 683px) 100vw, 683px\" \/><\/figure>\n\n\n\n<figure class=\"wp-block-image size-large\"><img decoding=\"async\" loading=\"lazy\" width=\"1024\" height=\"768\" data-id=\"3193\"  src=\"https:\/\/ponistra-schaul.lu\/wp-content\/uploads\/2023\/06\/erfal_Insektenschutz_24-1024x768.jpg\" alt=\"\" class=\"wp-image-3193\" srcset=\"https:\/\/ponistra-schaul.lu\/wp-content\/uploads\/2023\/06\/erfal_Insektenschutz_24-1024x768.jpg 1024w, https:\/\/ponistra-schaul.lu\/wp-content\/uploads\/2023\/06\/erfal_Insektenschutz_24-300x225.jpg 300w, https:\/\/ponistra-schaul.lu\/wp-content\/uploads\/2023\/06\/erfal_Insektenschutz_24-768x576.jpg 768w, https:\/\/ponistra-schaul.lu\/wp-content\/uploads\/2023\/06\/erfal_Insektenschutz_24-1536x1152.jpg 1536w, https:\/\/ponistra-schaul.lu\/wp-content\/uploads\/2023\/06\/erfal_Insektenschutz_24-2048x1536.jpg 2048w, https:\/\/ponistra-schaul.lu\/wp-content\/uploads\/2023\/06\/erfal_Insektenschutz_24-370x278.jpg 370w, https:\/\/ponistra-schaul.lu\/wp-content\/uploads\/2023\/06\/erfal_Insektenschutz_24-1200x900.jpg 1200w, https:\/\/ponistra-schaul.lu\/wp-content\/uploads\/2023\/06\/erfal_Insektenschutz_24-360x270.jpg 360w, https:\/\/ponistra-schaul.lu\/wp-content\/uploads\/2023\/06\/erfal_Insektenschutz_24-600x450.jpg 600w\" sizes=\"(max-width: 1024px) 100vw, 1024px\" \/><\/figure>\n\n\n\n<figure class=\"wp-block-image size-large\"><img decoding=\"async\" loading=\"lazy\" width=\"1024\" height=\"721\" data-id=\"3195\"  src=\"https:\/\/ponistra-schaul.lu\/wp-content\/uploads\/2023\/06\/erfal_Insektenschutz_27-1024x721.jpg\" alt=\"\" class=\"wp-image-3195\" srcset=\"https:\/\/ponistra-schaul.lu\/wp-content\/uploads\/2023\/06\/erfal_Insektenschutz_27-1024x721.jpg 1024w, https:\/\/ponistra-schaul.lu\/wp-content\/uploads\/2023\/06\/erfal_Insektenschutz_27-300x211.jpg 300w, https:\/\/ponistra-schaul.lu\/wp-content\/uploads\/2023\/06\/erfal_Insektenschutz_27-768x541.jpg 768w, https:\/\/ponistra-schaul.lu\/wp-content\/uploads\/2023\/06\/erfal_Insektenschutz_27-1536x1082.jpg 1536w, https:\/\/ponistra-schaul.lu\/wp-content\/uploads\/2023\/06\/erfal_Insektenschutz_27-2048x1443.jpg 2048w, https:\/\/ponistra-schaul.lu\/wp-content\/uploads\/2023\/06\/erfal_Insektenschutz_27-370x261.jpg 370w, https:\/\/ponistra-schaul.lu\/wp-content\/uploads\/2023\/06\/erfal_Insektenschutz_27-1200x845.jpg 1200w, https:\/\/ponistra-schaul.lu\/wp-content\/uploads\/2023\/06\/erfal_Insektenschutz_27-360x254.jpg 360w, https:\/\/ponistra-schaul.lu\/wp-content\/uploads\/2023\/06\/erfal_Insektenschutz_27-600x423.jpg 600w\" sizes=\"(max-width: 1024px) 100vw, 1024px\" \/><\/figure>\n\n\n\n<figure class=\"wp-block-image size-large\"><img decoding=\"async\" loading=\"lazy\" width=\"929\" height=\"1024\" data-id=\"3199\"  src=\"https:\/\/ponistra-schaul.lu\/wp-content\/uploads\/2023\/06\/erfal_Beschattungsanlagen_01-929x1024.jpg\" alt=\"\" class=\"wp-image-3199\" srcset=\"https:\/\/ponistra-schaul.lu\/wp-content\/uploads\/2023\/06\/erfal_Beschattungsanlagen_01-929x1024.jpg 929w, https:\/\/ponistra-schaul.lu\/wp-content\/uploads\/2023\/06\/erfal_Beschattungsanlagen_01-272x300.jpg 272w, https:\/\/ponistra-schaul.lu\/wp-content\/uploads\/2023\/06\/erfal_Beschattungsanlagen_01-768x846.jpg 768w, https:\/\/ponistra-schaul.lu\/wp-content\/uploads\/2023\/06\/erfal_Beschattungsanlagen_01-1394x1536.jpg 1394w, https:\/\/ponistra-schaul.lu\/wp-content\/uploads\/2023\/06\/erfal_Beschattungsanlagen_01-1858x2048.jpg 1858w, https:\/\/ponistra-schaul.lu\/wp-content\/uploads\/2023\/06\/erfal_Beschattungsanlagen_01-327x360.jpg 327w, https:\/\/ponistra-schaul.lu\/wp-content\/uploads\/2023\/06\/erfal_Beschattungsanlagen_01-1200x1323.jpg 1200w, https:\/\/ponistra-schaul.lu\/wp-content\/uploads\/2023\/06\/erfal_Beschattungsanlagen_01-360x397.jpg 360w, https:\/\/ponistra-schaul.lu\/wp-content\/uploads\/2023\/06\/erfal_Beschattungsanlagen_01-600x661.jpg 600w\" sizes=\"(max-width: 929px) 100vw, 929px\" \/><figcaption class=\"wp-element-caption\">Wintergarten<\/figcaption><\/figure>\n\n\n\n<figure class=\"wp-block-image size-large\"><img decoding=\"async\" loading=\"lazy\" width=\"1024\" height=\"683\" data-id=\"3209\"  src=\"https:\/\/ponistra-schaul.lu\/wp-content\/uploads\/2023\/06\/erfal_Jalousien_01-1024x683.jpg\" alt=\"\" class=\"wp-image-3209\" srcset=\"https:\/\/ponistra-schaul.lu\/wp-content\/uploads\/2023\/06\/erfal_Jalousien_01-1024x683.jpg 1024w, https:\/\/ponistra-schaul.lu\/wp-content\/uploads\/2023\/06\/erfal_Jalousien_01-300x200.jpg 300w, https:\/\/ponistra-schaul.lu\/wp-content\/uploads\/2023\/06\/erfal_Jalousien_01-768x512.jpg 768w, https:\/\/ponistra-schaul.lu\/wp-content\/uploads\/2023\/06\/erfal_Jalousien_01-1536x1024.jpg 1536w, https:\/\/ponistra-schaul.lu\/wp-content\/uploads\/2023\/06\/erfal_Jalousien_01-2048x1366.jpg 2048w, https:\/\/ponistra-schaul.lu\/wp-content\/uploads\/2023\/06\/erfal_Jalousien_01-370x247.jpg 370w, https:\/\/ponistra-schaul.lu\/wp-content\/uploads\/2023\/06\/erfal_Jalousien_01-1200x800.jpg 1200w, https:\/\/ponistra-schaul.lu\/wp-content\/uploads\/2023\/06\/erfal_Jalousien_01-360x240.jpg 360w, https:\/\/ponistra-schaul.lu\/wp-content\/uploads\/2023\/06\/erfal_Jalousien_01-600x400.jpg 600w\" sizes=\"(max-width: 1024px) 100vw, 1024px\" \/><figcaption class=\"wp-element-caption\">Maxi Line Jalousie in einem Wohnzimmer<\/figcaption><\/figure>\n\n\n\n<figure class=\"wp-block-image size-large\"><img decoding=\"async\" loading=\"lazy\" width=\"763\" height=\"1024\" data-id=\"3217\"  src=\"https:\/\/ponistra-schaul.lu\/wp-content\/uploads\/2023\/06\/erfal_SMART_Plissees_01-763x1024.jpg\" alt=\"\" class=\"wp-image-3217\" srcset=\"https:\/\/ponistra-schaul.lu\/wp-content\/uploads\/2023\/06\/erfal_SMART_Plissees_01-763x1024.jpg 763w, https:\/\/ponistra-schaul.lu\/wp-content\/uploads\/2023\/06\/erfal_SMART_Plissees_01-223x300.jpg 223w, https:\/\/ponistra-schaul.lu\/wp-content\/uploads\/2023\/06\/erfal_SMART_Plissees_01-768x1031.jpg 768w, https:\/\/ponistra-schaul.lu\/wp-content\/uploads\/2023\/06\/erfal_SMART_Plissees_01-1144x1536.jpg 1144w, https:\/\/ponistra-schaul.lu\/wp-content\/uploads\/2023\/06\/erfal_SMART_Plissees_01-1525x2048.jpg 1525w, https:\/\/ponistra-schaul.lu\/wp-content\/uploads\/2023\/06\/erfal_SMART_Plissees_01-268x360.jpg 268w, https:\/\/ponistra-schaul.lu\/wp-content\/uploads\/2023\/06\/erfal_SMART_Plissees_01-1200x1611.jpg 1200w, https:\/\/ponistra-schaul.lu\/wp-content\/uploads\/2023\/06\/erfal_SMART_Plissees_01-360x483.jpg 360w, https:\/\/ponistra-schaul.lu\/wp-content\/uploads\/2023\/06\/erfal_SMART_Plissees_01-600x806.jpg 600w, https:\/\/ponistra-schaul.lu\/wp-content\/uploads\/2023\/06\/erfal_SMART_Plissees_01.jpg 1759w\" sizes=\"(max-width: 763px) 100vw, 763px\" \/><\/figure>\n\n\n\n<figure class=\"wp-block-image size-large\"><img decoding=\"async\" loading=\"lazy\" width=\"1024\" height=\"725\" data-id=\"3215\"  src=\"https:\/\/ponistra-schaul.lu\/wp-content\/uploads\/2023\/06\/erfal_Rollos_01-1024x725.jpg\" alt=\"\" class=\"wp-image-3215\" srcset=\"https:\/\/ponistra-schaul.lu\/wp-content\/uploads\/2023\/06\/erfal_Rollos_01-1024x725.jpg 1024w, https:\/\/ponistra-schaul.lu\/wp-content\/uploads\/2023\/06\/erfal_Rollos_01-300x212.jpg 300w, https:\/\/ponistra-schaul.lu\/wp-content\/uploads\/2023\/06\/erfal_Rollos_01-768x544.jpg 768w, https:\/\/ponistra-schaul.lu\/wp-content\/uploads\/2023\/06\/erfal_Rollos_01-1536x1088.jpg 1536w, https:\/\/ponistra-schaul.lu\/wp-content\/uploads\/2023\/06\/erfal_Rollos_01-2048x1451.jpg 2048w, https:\/\/ponistra-schaul.lu\/wp-content\/uploads\/2023\/06\/erfal_Rollos_01-370x262.jpg 370w, https:\/\/ponistra-schaul.lu\/wp-content\/uploads\/2023\/06\/erfal_Rollos_01-1200x850.jpg 1200w, https:\/\/ponistra-schaul.lu\/wp-content\/uploads\/2023\/06\/erfal_Rollos_01-360x255.jpg 360w, https:\/\/ponistra-schaul.lu\/wp-content\/uploads\/2023\/06\/erfal_Rollos_01-600x425.jpg 600w\" sizes=\"(max-width: 1024px) 100vw, 1024px\" \/><figcaption class=\"wp-element-caption\">Rollo 347.02<\/figcaption><\/figure>\n<\/figure>\n\n\n<p>{:}<\/p>","protected":false},"excerpt":{"rendered":"<p>[vc_row][vc_column][vc_column_text] \u00a0 Insekten sollen drau\u00dfen bleiben Besonders in den Sommermonaten ist es unangenehm, wenn Moskitos, Fliegen oder andere Insekten ohne Einladung in unsere Wohnung einziehen. Fliegengitter sind eine geeignete L\u00f6sung, um Insekten vorzubeugen. Wir bieten verschiedene L\u00f6sungen nach Ma\u00df (fest,&#8230;<\/p>\n","protected":false},"author":1,"featured_media":0,"parent":747,"menu_order":0,"comment_status":"closed","ping_status":"closed","template":"","meta":[],"_links":{"self":[{"href":"https:\/\/ponistra-schaul.lu\/de\/wp-json\/wp\/v2\/pages\/2786"}],"collection":[{"href":"https:\/\/ponistra-schaul.lu\/de\/wp-json\/wp\/v2\/pages"}],"about":[{"href":"https:\/\/ponistra-schaul.lu\/de\/wp-json\/wp\/v2\/types\/page"}],"author":[{"embeddable":true,"href":"https:\/\/ponistra-schaul.lu\/de\/wp-json\/wp\/v2\/users\/1"}],"replies":[{"embeddable":true,"href":"https:\/\/ponistra-schaul.lu\/de\/wp-json\/wp\/v2\/comments?post=2786"}],"version-history":[{"count":14,"href":"https:\/\/ponistra-schaul.lu\/de\/wp-json\/wp\/v2\/pages\/2786\/revisions"}],"predecessor-version":[{"id":3362,"href":"https:\/\/ponistra-schaul.lu\/de\/wp-json\/wp\/v2\/pages\/2786\/revisions\/3362"}],"up":[{"embeddable":true,"href":"https:\/\/ponistra-schaul.lu\/de\/wp-json\/wp\/v2\/pages\/747"}],"wp:attachment":[{"href":"https:\/\/ponistra-schaul.lu\/de\/wp-json\/wp\/v2\/media?parent=2786"}],"curies":[{"name":"wp","href":"https:\/\/api.w.org\/{rel}","templated":true}]}}