
{"id":2784,"date":"2023-05-19T09:43:53","date_gmt":"2023-05-19T09:43:53","guid":{"rendered":"https:\/\/ponistra-schaul.lu\/?page_id=2784"},"modified":"2025-04-04T16:41:55","modified_gmt":"2025-04-04T16:41:55","slug":"marquisen-pergolas","status":"publish","type":"page","link":"https:\/\/ponistra-schaul.lu\/de\/leistungen\/marquisen-pergolas\/","title":{"rendered":"Markisen \/ Pergolas"},"content":{"rendered":"\n<h3 class=\"wp-block-heading\">\u00dcberdachungsl\u00f6sungen mit Stil<\/h3>\n\n\n\n<p>Markisen und Pergolas sind nicht nur beliebte L\u00f6sungen, um einen optimalen Sonnenschutz f\u00fcr Balkon oder Terrasse zu erzielen. Vielmehr stellen sie auch optisch eine Bereicherung Ihres Hauses oder Ihrer Wohnung dar. Moderne elektronische Elemente, vielseitige Sonnen- und Regenschutzl\u00f6sungen (Lamellendach, Beschattungen, Sonnensegel) und attraktive Modelle stehen Ihnen zur Auswahl.<\/p>\n\n\n\n<p>Gere beraten wir Sie und sehen uns mit Ihnen zusammen den Ihnen zur Verf\u00fcgung stehenden Raum an.<\/p>\n\n\n\n<p><a href=\"mailto: info@ponistra-schaul.lu\">Kontaktieren <\/a>Sie uns.<\/p>\n\n\n\n<figure class=\"wp-block-image size-large\"><img decoding=\"async\" loading=\"lazy\" width=\"1024\" height=\"695\" src=\"https:\/\/ponistra-schaul.lu\/wp-content\/uploads\/2023\/06\/Pergola-1024x695.jpg\" alt=\"\" class=\"wp-image-2990\" srcset=\"https:\/\/ponistra-schaul.lu\/wp-content\/uploads\/2023\/06\/Pergola-1024x695.jpg 1024w, https:\/\/ponistra-schaul.lu\/wp-content\/uploads\/2023\/06\/Pergola-300x204.jpg 300w, https:\/\/ponistra-schaul.lu\/wp-content\/uploads\/2023\/06\/Pergola-768x522.jpg 768w, https:\/\/ponistra-schaul.lu\/wp-content\/uploads\/2023\/06\/Pergola-1536x1043.jpg 1536w, https:\/\/ponistra-schaul.lu\/wp-content\/uploads\/2023\/06\/Pergola-2048x1391.jpg 2048w, https:\/\/ponistra-schaul.lu\/wp-content\/uploads\/2023\/06\/Pergola-370x251.jpg 370w, https:\/\/ponistra-schaul.lu\/wp-content\/uploads\/2023\/06\/Pergola-1200x815.jpg 1200w, https:\/\/ponistra-schaul.lu\/wp-content\/uploads\/2023\/06\/Pergola-360x244.jpg 360w, https:\/\/ponistra-schaul.lu\/wp-content\/uploads\/2023\/06\/Pergola-600x407.jpg 600w\" sizes=\"(max-width: 1024px) 100vw, 1024px\" \/><\/figure>\n\n\n\n<p><strong>Ideale L\u00f6sung f\u00fcr Ihre Terrasse<\/strong><\/p>\n\n\n\n<p><\/p>\n\n\n\n<figure class=\"wp-block-image size-large is-resized\"><img decoding=\"async\" loading=\"lazy\" src=\"https:\/\/ponistra-schaul.lu\/wp-content\/uploads\/2023\/06\/weinor-1-1-1024x730.jpg\" alt=\"\" class=\"wp-image-3176\" width=\"930\" height=\"662\" srcset=\"https:\/\/ponistra-schaul.lu\/wp-content\/uploads\/2023\/06\/weinor-1-1-1024x730.jpg 1024w, https:\/\/ponistra-schaul.lu\/wp-content\/uploads\/2023\/06\/weinor-1-1-300x214.jpg 300w, https:\/\/ponistra-schaul.lu\/wp-content\/uploads\/2023\/06\/weinor-1-1-768x547.jpg 768w, https:\/\/ponistra-schaul.lu\/wp-content\/uploads\/2023\/06\/weinor-1-1-1536x1095.jpg 1536w, https:\/\/ponistra-schaul.lu\/wp-content\/uploads\/2023\/06\/weinor-1-1-2048x1460.jpg 2048w, https:\/\/ponistra-schaul.lu\/wp-content\/uploads\/2023\/06\/weinor-1-1-370x264.jpg 370w, https:\/\/ponistra-schaul.lu\/wp-content\/uploads\/2023\/06\/weinor-1-1-1200x855.jpg 1200w, https:\/\/ponistra-schaul.lu\/wp-content\/uploads\/2023\/06\/weinor-1-1-360x257.jpg 360w, https:\/\/ponistra-schaul.lu\/wp-content\/uploads\/2023\/06\/weinor-1-1-600x428.jpg 600w\" sizes=\"(max-width: 930px) 100vw, 930px\" \/><\/figure>\n","protected":false},"excerpt":{"rendered":"<p>\u00dcberdachungsl\u00f6sungen mit Stil Markisen und Pergolas sind nicht nur beliebte L\u00f6sungen, um einen optimalen Sonnenschutz f\u00fcr Balkon oder Terrasse zu erzielen. Vielmehr stellen sie auch optisch eine Bereicherung Ihres Hauses oder Ihrer Wohnung dar. Moderne elektronische Elemente, vielseitige Sonnen- und&#8230;<\/p>\n","protected":false},"author":1,"featured_media":0,"parent":747,"menu_order":0,"comment_status":"closed","ping_status":"closed","template":"","meta":[],"_links":{"self":[{"href":"https:\/\/ponistra-schaul.lu\/de\/wp-json\/wp\/v2\/pages\/2784"}],"collection":[{"href":"https:\/\/ponistra-schaul.lu\/de\/wp-json\/wp\/v2\/pages"}],"about":[{"href":"https:\/\/ponistra-schaul.lu\/de\/wp-json\/wp\/v2\/types\/page"}],"author":[{"embeddable":true,"href":"https:\/\/ponistra-schaul.lu\/de\/wp-json\/wp\/v2\/users\/1"}],"replies":[{"embeddable":true,"href":"https:\/\/ponistra-schaul.lu\/de\/wp-json\/wp\/v2\/comments?post=2784"}],"version-history":[{"count":13,"href":"https:\/\/ponistra-schaul.lu\/de\/wp-json\/wp\/v2\/pages\/2784\/revisions"}],"predecessor-version":[{"id":3372,"href":"https:\/\/ponistra-schaul.lu\/de\/wp-json\/wp\/v2\/pages\/2784\/revisions\/3372"}],"up":[{"embeddable":true,"href":"https:\/\/ponistra-schaul.lu\/de\/wp-json\/wp\/v2\/pages\/747"}],"wp:attachment":[{"href":"https:\/\/ponistra-schaul.lu\/de\/wp-json\/wp\/v2\/media?parent=2784"}],"curies":[{"name":"wp","href":"https:\/\/api.w.org\/{rel}","templated":true}]}}