
{"id":254,"date":"2022-10-10T07:17:00","date_gmt":"2022-10-10T07:17:00","guid":{"rendered":"http:\/\/anpsthemes.com\/constructo\/?page_id=254"},"modified":"2025-04-04T15:50:58","modified_gmt":"2025-04-04T15:50:58","slug":"fenster","status":"publish","type":"page","link":"https:\/\/ponistra-schaul.lu\/de\/leistungen\/fenster\/","title":{"rendered":"Fenster"},"content":{"rendered":"{:de}<p>[vc_row][vc_column][vc_single_image image=&#8220;3130&#8243; img_size=&#8220;large&#8220; title=&#8220;Fenster in allen Formen und Materialien&#8220;][vc_column_text]<\/p>\n<p>Wie der erste Teil unseres Firmennamens schon sagt (\u201eponistra\u201c kroat. Dialekt = Fenster), geh\u00f6ren Fenster zu unseren wichtigsten Aufgabenfeldern.<\/p>\n<p>Egal ob Alu, PVC oder Holz, wir arbeiten mit qualitativ hochwertigen Materialien und beraten Sie gerne bei der Auswahl der richtigen Fenster f\u00fcr Ihren Neubau oder Renovierung Ihres bestehenden Wohnraums. Selbstverst\u00e4ndlich sind auch gleich die passenden Rolladensysteme dabei.<\/p>\n<p>Wir verarbeiten VEKA Profile und stellen Fenster und T\u00fcren in unserer eigenen Werkstatt her. Beschl\u00e4ge sind von der Marke SIGENIA-AUBI. Fordern Sie ein gratis Angebot an und werden Sie vom Chef pers\u00f6nlich beraten. Die Montage wird von unserem geschulten Fachpersonal durchgef\u00fchrt.<\/p>\n<p>Rufen Sie uns an: 58 41 84<\/p>\n<p>oder schreiben Sie eine E-Mail: <a href=\"mailto:info@ponistra-schaul.lu\">info@ponistra-schaul.lu<\/a><\/p>\n<p><\/p>\n\n\n<\/p>\n<p>\n\n\n<p><\/p>\n<p><\/p>\n\n\n<\/p>\n<figure class=\"wp-block-gallery columns-0 is-cropped wp-block-gallery-1 is-layout-flex\"><\/figure>\n<p>\n\n\n<p><\/p>\n<p>[\/vc_column_text][\/vc_column][\/vc_row][vc_row][vc_column][vc_single_image image=&#8220;2941&#8243; img_size=&#8220;large&#8220; title=&#8220;Auswahl verschiedener Fensterprofile&#8220;][\/vc_column][\/vc_row][vc_row][vc_column][\/vc_column][\/vc_row]<\/p>{:}{:fr}\n<p><strong>Des fen\u00eatres de toutes formes et de tous mat\u00e9riaux<\/strong><\/p>\n\n\n\n<figure class=\"wp-block-image size-full is-resized\"><img decoding=\"async\" loading=\"lazy\" src=\"https:\/\/ponistra-schaul.lu\/wp-content\/uploads\/2023\/06\/thermosliede-fenster.jpg\" alt=\"\" class=\"wp-image-3130\" width=\"888\" height=\"696\" srcset=\"https:\/\/ponistra-schaul.lu\/wp-content\/uploads\/2023\/06\/thermosliede-fenster.jpg 903w, https:\/\/ponistra-schaul.lu\/wp-content\/uploads\/2023\/06\/thermosliede-fenster-300x235.jpg 300w, https:\/\/ponistra-schaul.lu\/wp-content\/uploads\/2023\/06\/thermosliede-fenster-768x602.jpg 768w, https:\/\/ponistra-schaul.lu\/wp-content\/uploads\/2023\/06\/thermosliede-fenster-370x290.jpg 370w, https:\/\/ponistra-schaul.lu\/wp-content\/uploads\/2023\/06\/thermosliede-fenster-360x282.jpg 360w, https:\/\/ponistra-schaul.lu\/wp-content\/uploads\/2023\/06\/thermosliede-fenster-554x433.jpg 554w, https:\/\/ponistra-schaul.lu\/wp-content\/uploads\/2023\/06\/thermosliede-fenster-600x470.jpg 600w\" sizes=\"(max-width: 888px) 100vw, 888px\" \/><\/figure>\n\n\n\n<p><\/p>\n\n\n\n<p class=\"has-small-font-size\">Que ce soit en aluminium, en PVC ou en bois, nous travaillons avec des mat\u00e9riaux de haute qualit\u00e9 et nous sommes heureux de vous conseiller dans le choix des fen\u00eatres appropri\u00e9es pour votre nouvelle construction ou dans le cadre de la r\u00e9novation de votre espace de vie. <\/p>\n\n\n\n<p class=\"has-small-font-size\">Nous utilisons des profils VEKA et fabriquons des fen\u00eatres et des portes dans notre propre atelier. Les ferrures sont de la marque SIGENIA-AUBI. <\/p>\n\n\n\n<p class=\"has-small-font-size\">Demandez un devis gratuit et b\u00e9n\u00e9ficiez d&#8217;une consultation personnalis\u00e9e avec le chef lui-m\u00eame. L&#8217;installation est effectu\u00e9e par notre personnel qualifi\u00e9 et form\u00e9.<\/p>\n\n\n\n<p class=\"has-small-font-size\">Appelez-nous au : 58 41 84<\/p>\n\n\n\n<p class=\"has-small-font-size\">ou envoyez un e-mail \u00e0 :<strong> info@ponistra-schaul.lu<\/strong><\/p>\n\n\n\n<p class=\"has-small-font-size\">Large choix de profils de fen\u00eatres.<\/p>\n\n\n\n<p><\/p>\n\n\n\n<p>S\u00e9lection de diff\u00e9rents profils de fen\u00eatres<\/p>\n\n\n\n<figure class=\"wp-block-image size-large\"><img decoding=\"async\" loading=\"lazy\" width=\"1024\" height=\"724\" src=\"https:\/\/ponistra-schaul.lu\/wp-content\/uploads\/2023\/06\/fensterprofile-1024x724.jpg\" alt=\"\" class=\"wp-image-2941\" srcset=\"https:\/\/ponistra-schaul.lu\/wp-content\/uploads\/2023\/06\/fensterprofile-1024x724.jpg 1024w, https:\/\/ponistra-schaul.lu\/wp-content\/uploads\/2023\/06\/fensterprofile-300x212.jpg 300w, https:\/\/ponistra-schaul.lu\/wp-content\/uploads\/2023\/06\/fensterprofile-768x543.jpg 768w, https:\/\/ponistra-schaul.lu\/wp-content\/uploads\/2023\/06\/fensterprofile-1536x1086.jpg 1536w, https:\/\/ponistra-schaul.lu\/wp-content\/uploads\/2023\/06\/fensterprofile-2048x1448.jpg 2048w, https:\/\/ponistra-schaul.lu\/wp-content\/uploads\/2023\/06\/fensterprofile-370x262.jpg 370w, https:\/\/ponistra-schaul.lu\/wp-content\/uploads\/2023\/06\/fensterprofile-1200x848.jpg 1200w, https:\/\/ponistra-schaul.lu\/wp-content\/uploads\/2023\/06\/fensterprofile-360x255.jpg 360w, https:\/\/ponistra-schaul.lu\/wp-content\/uploads\/2023\/06\/fensterprofile-600x424.jpg 600w\" sizes=\"(max-width: 1024px) 100vw, 1024px\" \/><\/figure>\n{:}","protected":false},"excerpt":{"rendered":"<p>{:de} [vc_row][vc_column][vc_single_image image=&#8220;3130&#8243; img_size=&#8220;large&#8220; title=&#8220;Fenster in allen Formen und Materialien&#8220;][vc_column_text] Wie der erste Teil unseres Firmennamens schon sagt (\u201eponistra\u201c kroat. Dialekt = Fenster), geh\u00f6ren Fenster zu unseren wichtigsten Aufgabenfeldern. Egal ob Alu, PVC oder Holz, wir arbeiten mit qualitativ hochwertigen&#8230;<\/p>\n","protected":false},"author":1,"featured_media":2689,"parent":747,"menu_order":0,"comment_status":"open","ping_status":"closed","template":"","meta":[],"_links":{"self":[{"href":"https:\/\/ponistra-schaul.lu\/de\/wp-json\/wp\/v2\/pages\/254"}],"collection":[{"href":"https:\/\/ponistra-schaul.lu\/de\/wp-json\/wp\/v2\/pages"}],"about":[{"href":"https:\/\/ponistra-schaul.lu\/de\/wp-json\/wp\/v2\/types\/page"}],"author":[{"embeddable":true,"href":"https:\/\/ponistra-schaul.lu\/de\/wp-json\/wp\/v2\/users\/1"}],"replies":[{"embeddable":true,"href":"https:\/\/ponistra-schaul.lu\/de\/wp-json\/wp\/v2\/comments?post=254"}],"version-history":[{"count":37,"href":"https:\/\/ponistra-schaul.lu\/de\/wp-json\/wp\/v2\/pages\/254\/revisions"}],"predecessor-version":[{"id":3355,"href":"https:\/\/ponistra-schaul.lu\/de\/wp-json\/wp\/v2\/pages\/254\/revisions\/3355"}],"up":[{"embeddable":true,"href":"https:\/\/ponistra-schaul.lu\/de\/wp-json\/wp\/v2\/pages\/747"}],"wp:featuredmedia":[{"embeddable":true,"href":"https:\/\/ponistra-schaul.lu\/de\/wp-json\/wp\/v2\/media\/2689"}],"wp:attachment":[{"href":"https:\/\/ponistra-schaul.lu\/de\/wp-json\/wp\/v2\/media?parent=254"}],"curies":[{"name":"wp","href":"https:\/\/api.w.org\/{rel}","templated":true}]}}