
{"id":1776,"date":"2018-05-06T12:10:54","date_gmt":"2018-05-06T12:10:54","guid":{"rendered":"http:\/\/localhost\/schreinerei-kolar\/?page_id=1776"},"modified":"2025-04-04T16:17:48","modified_gmt":"2025-04-04T16:17:48","slug":"garagentore","status":"publish","type":"page","link":"https:\/\/ponistra-schaul.lu\/de\/leistungen\/garagentore\/","title":{"rendered":"Garagentore"},"content":{"rendered":"<p>[vc_row][vc_column][vc_column_text]<\/p>\n<h3>Einbau und Instandhaltung von Garagentoren<\/h3>\n<p>[\/vc_column_text][vc_column_text]<\/p>\n<p>Garagen-Sektionaltore \u00f6ffnen sich senkrecht, ben\u00f6tigen wenig Platz an der Garagendecke und erm\u00f6glichen die Nutzung der vollen Garagen\u00f6ffnung. Sie sind sehr wetterbest\u00e4ndig, haben eine lange Betriebsdauer und sehr bequem zu steuern. Kontaktieren Sie uns zum Einbau von Garagentoren und, bei Bedarf, wie im angezeigten Projekt, zus\u00e4tzlichen Servicet\u00fcren. Wir arbeiten mit dem deutschen Hersteller H\u00f6rmann.<\/p>\n<p>Sie haben bei uns eine gro\u00dfe Auswahl an Tormotiven, Farbgestaltungen und Verglasungen. Egal ob Sektionaltore aus Stahl oder Massivholz, wir beraten Sie gerne und sehen uns an, welche Variante am besten zu Ihrem Geb\u00e4ude passt. Unebenheiten des Bodens k\u00f6nnen leicht durch entsprechende Schienen ausgeglichen werden. Ihre Garagen\u00f6ffnung kann auch Neben- und Servicet\u00fcren enthalten. Auch die Technik und die Entscheidung f\u00fcr den richtigen Antrieb ist wichtig.<\/p>\n<p>Ponistra Schaul k\u00fcmmert sich nat\u00fcrlich auch um Service, Instandhaltung und Reparaturarbeiten.<\/p>\n<p>Gerne geben wir Ihnen <a href=\"mailto: info@ponistra-schaul.lu\">ausf\u00fchrliche Ratschl\u00e4ge<\/a>.<\/p>\n<p>\u00a0<\/p>\n\n\n<\/p>\n<figure class=\"wp-block-gallery columns-3 is-cropped wp-block-gallery-1 is-layout-flex\">\n<ul class=\"blocks-gallery-grid\">\n<li class=\"blocks-gallery-item\">\n<figure><img decoding=\"async\" loading=\"lazy\" width=\"1024\" height=\"768\" class=\"wp-image-2740\" src=\"https:\/\/ponistra-schaul.lu\/wp-content\/uploads\/2022\/10\/garagentor-1-1024x768.jpg\" alt=\"\" data-id=\"2740\" data-full-url=\"https:\/\/ponistra-schaul.lu\/wp-content\/uploads\/2022\/10\/garagentor-1-scaled.jpg\" data-link=\"https:\/\/ponistra-schaul.lu\/was-wir-tun\/ausenanlagen\/garagentor-1\/\" srcset=\"https:\/\/ponistra-schaul.lu\/wp-content\/uploads\/2022\/10\/garagentor-1-1024x768.jpg 1024w, https:\/\/ponistra-schaul.lu\/wp-content\/uploads\/2022\/10\/garagentor-1-300x225.jpg 300w, https:\/\/ponistra-schaul.lu\/wp-content\/uploads\/2022\/10\/garagentor-1-768x576.jpg 768w, https:\/\/ponistra-schaul.lu\/wp-content\/uploads\/2022\/10\/garagentor-1-1536x1152.jpg 1536w, https:\/\/ponistra-schaul.lu\/wp-content\/uploads\/2022\/10\/garagentor-1-2048x1536.jpg 2048w, https:\/\/ponistra-schaul.lu\/wp-content\/uploads\/2022\/10\/garagentor-1-370x278.jpg 370w, https:\/\/ponistra-schaul.lu\/wp-content\/uploads\/2022\/10\/garagentor-1-1200x900.jpg 1200w, https:\/\/ponistra-schaul.lu\/wp-content\/uploads\/2022\/10\/garagentor-1-360x270.jpg 360w, https:\/\/ponistra-schaul.lu\/wp-content\/uploads\/2022\/10\/garagentor-1-600x450.jpg 600w\" sizes=\"(max-width: 1024px) 100vw, 1024px\" \/><\/figure>\n<\/li>\n<li class=\"blocks-gallery-item\">\n<figure><img decoding=\"async\" loading=\"lazy\" width=\"1024\" height=\"768\" class=\"wp-image-2741\" src=\"https:\/\/ponistra-schaul.lu\/wp-content\/uploads\/2022\/10\/garagentor-2-1024x768.jpg\" alt=\"\" data-id=\"2741\" data-full-url=\"https:\/\/ponistra-schaul.lu\/wp-content\/uploads\/2022\/10\/garagentor-2.jpg\" data-link=\"https:\/\/ponistra-schaul.lu\/was-wir-tun\/ausenanlagen\/garagentor-2\/\" srcset=\"https:\/\/ponistra-schaul.lu\/wp-content\/uploads\/2022\/10\/garagentor-2-1024x768.jpg 1024w, https:\/\/ponistra-schaul.lu\/wp-content\/uploads\/2022\/10\/garagentor-2-300x225.jpg 300w, https:\/\/ponistra-schaul.lu\/wp-content\/uploads\/2022\/10\/garagentor-2-768x576.jpg 768w, https:\/\/ponistra-schaul.lu\/wp-content\/uploads\/2022\/10\/garagentor-2-1536x1152.jpg 1536w, https:\/\/ponistra-schaul.lu\/wp-content\/uploads\/2022\/10\/garagentor-2-2048x1536.jpg 2048w, https:\/\/ponistra-schaul.lu\/wp-content\/uploads\/2022\/10\/garagentor-2-370x278.jpg 370w, https:\/\/ponistra-schaul.lu\/wp-content\/uploads\/2022\/10\/garagentor-2-1200x900.jpg 1200w, https:\/\/ponistra-schaul.lu\/wp-content\/uploads\/2022\/10\/garagentor-2-360x270.jpg 360w, https:\/\/ponistra-schaul.lu\/wp-content\/uploads\/2022\/10\/garagentor-2-600x450.jpg 600w\" sizes=\"(max-width: 1024px) 100vw, 1024px\" \/><\/figure>\n<\/li>\n<li class=\"blocks-gallery-item\">\n<figure><img decoding=\"async\" loading=\"lazy\" width=\"1024\" height=\"768\" class=\"wp-image-2742\" src=\"https:\/\/ponistra-schaul.lu\/wp-content\/uploads\/2022\/10\/garagentor-3-1024x768.jpg\" alt=\"\" data-id=\"2742\" data-full-url=\"https:\/\/ponistra-schaul.lu\/wp-content\/uploads\/2022\/10\/garagentor-3.jpg\" data-link=\"https:\/\/ponistra-schaul.lu\/was-wir-tun\/ausenanlagen\/garagentor-3\/\" srcset=\"https:\/\/ponistra-schaul.lu\/wp-content\/uploads\/2022\/10\/garagentor-3-1024x768.jpg 1024w, https:\/\/ponistra-schaul.lu\/wp-content\/uploads\/2022\/10\/garagentor-3-300x225.jpg 300w, https:\/\/ponistra-schaul.lu\/wp-content\/uploads\/2022\/10\/garagentor-3-768x576.jpg 768w, https:\/\/ponistra-schaul.lu\/wp-content\/uploads\/2022\/10\/garagentor-3-1536x1152.jpg 1536w, https:\/\/ponistra-schaul.lu\/wp-content\/uploads\/2022\/10\/garagentor-3-2048x1536.jpg 2048w, https:\/\/ponistra-schaul.lu\/wp-content\/uploads\/2022\/10\/garagentor-3-370x278.jpg 370w, https:\/\/ponistra-schaul.lu\/wp-content\/uploads\/2022\/10\/garagentor-3-1200x900.jpg 1200w, https:\/\/ponistra-schaul.lu\/wp-content\/uploads\/2022\/10\/garagentor-3-360x270.jpg 360w, https:\/\/ponistra-schaul.lu\/wp-content\/uploads\/2022\/10\/garagentor-3-600x450.jpg 600w\" sizes=\"(max-width: 1024px) 100vw, 1024px\" \/><\/figure>\n<\/li>\n<li class=\"blocks-gallery-item\">\n<figure><img decoding=\"async\" loading=\"lazy\" width=\"1024\" height=\"608\" class=\"wp-image-2743\" src=\"https:\/\/ponistra-schaul.lu\/wp-content\/uploads\/2022\/10\/garagentor-4-1024x608.jpg\" alt=\"\" data-id=\"2743\" data-full-url=\"https:\/\/ponistra-schaul.lu\/wp-content\/uploads\/2022\/10\/garagentor-4.jpg\" data-link=\"https:\/\/ponistra-schaul.lu\/was-wir-tun\/ausenanlagen\/garagentor-4\/\" srcset=\"https:\/\/ponistra-schaul.lu\/wp-content\/uploads\/2022\/10\/garagentor-4-1024x608.jpg 1024w, https:\/\/ponistra-schaul.lu\/wp-content\/uploads\/2022\/10\/garagentor-4-300x178.jpg 300w, https:\/\/ponistra-schaul.lu\/wp-content\/uploads\/2022\/10\/garagentor-4-768x456.jpg 768w, https:\/\/ponistra-schaul.lu\/wp-content\/uploads\/2022\/10\/garagentor-4-1536x913.jpg 1536w, https:\/\/ponistra-schaul.lu\/wp-content\/uploads\/2022\/10\/garagentor-4-2048x1217.jpg 2048w, https:\/\/ponistra-schaul.lu\/wp-content\/uploads\/2022\/10\/garagentor-4-370x220.jpg 370w, https:\/\/ponistra-schaul.lu\/wp-content\/uploads\/2022\/10\/garagentor-4-1200x713.jpg 1200w, https:\/\/ponistra-schaul.lu\/wp-content\/uploads\/2022\/10\/garagentor-4-360x214.jpg 360w, https:\/\/ponistra-schaul.lu\/wp-content\/uploads\/2022\/10\/garagentor-4-600x356.jpg 600w\" sizes=\"(max-width: 1024px) 100vw, 1024px\" \/><\/figure>\n<\/li>\n<li class=\"blocks-gallery-item\">\n<figure><img decoding=\"async\" loading=\"lazy\" width=\"1024\" height=\"768\" class=\"wp-image-2744\" src=\"https:\/\/ponistra-schaul.lu\/wp-content\/uploads\/2022\/10\/garagentor-5-1024x768.jpg\" alt=\"\" data-id=\"2744\" data-full-url=\"https:\/\/ponistra-schaul.lu\/wp-content\/uploads\/2022\/10\/garagentor-5.jpg\" data-link=\"https:\/\/ponistra-schaul.lu\/was-wir-tun\/ausenanlagen\/garagentor-5\/\" srcset=\"https:\/\/ponistra-schaul.lu\/wp-content\/uploads\/2022\/10\/garagentor-5-1024x768.jpg 1024w, https:\/\/ponistra-schaul.lu\/wp-content\/uploads\/2022\/10\/garagentor-5-300x225.jpg 300w, https:\/\/ponistra-schaul.lu\/wp-content\/uploads\/2022\/10\/garagentor-5-768x576.jpg 768w, https:\/\/ponistra-schaul.lu\/wp-content\/uploads\/2022\/10\/garagentor-5-1536x1152.jpg 1536w, https:\/\/ponistra-schaul.lu\/wp-content\/uploads\/2022\/10\/garagentor-5-2048x1536.jpg 2048w, https:\/\/ponistra-schaul.lu\/wp-content\/uploads\/2022\/10\/garagentor-5-370x278.jpg 370w, https:\/\/ponistra-schaul.lu\/wp-content\/uploads\/2022\/10\/garagentor-5-1200x900.jpg 1200w, https:\/\/ponistra-schaul.lu\/wp-content\/uploads\/2022\/10\/garagentor-5-360x270.jpg 360w, https:\/\/ponistra-schaul.lu\/wp-content\/uploads\/2022\/10\/garagentor-5-600x450.jpg 600w\" sizes=\"(max-width: 1024px) 100vw, 1024px\" \/><\/figure>\n<\/li>\n<li class=\"blocks-gallery-item\">\n<figure><img decoding=\"async\" loading=\"lazy\" width=\"1024\" height=\"576\" class=\"wp-image-2745\" src=\"https:\/\/ponistra-schaul.lu\/wp-content\/uploads\/2022\/10\/garagentor-6-1024x576.jpg\" alt=\"\" data-id=\"2745\" data-full-url=\"https:\/\/ponistra-schaul.lu\/wp-content\/uploads\/2022\/10\/garagentor-6-scaled.jpg\" data-link=\"https:\/\/ponistra-schaul.lu\/was-wir-tun\/ausenanlagen\/garagentor-6\/\" srcset=\"https:\/\/ponistra-schaul.lu\/wp-content\/uploads\/2022\/10\/garagentor-6-1024x576.jpg 1024w, https:\/\/ponistra-schaul.lu\/wp-content\/uploads\/2022\/10\/garagentor-6-300x169.jpg 300w, https:\/\/ponistra-schaul.lu\/wp-content\/uploads\/2022\/10\/garagentor-6-768x432.jpg 768w, https:\/\/ponistra-schaul.lu\/wp-content\/uploads\/2022\/10\/garagentor-6-1536x864.jpg 1536w, https:\/\/ponistra-schaul.lu\/wp-content\/uploads\/2022\/10\/garagentor-6-2048x1152.jpg 2048w, https:\/\/ponistra-schaul.lu\/wp-content\/uploads\/2022\/10\/garagentor-6-370x208.jpg 370w, https:\/\/ponistra-schaul.lu\/wp-content\/uploads\/2022\/10\/garagentor-6-1200x675.jpg 1200w, https:\/\/ponistra-schaul.lu\/wp-content\/uploads\/2022\/10\/garagentor-6-360x203.jpg 360w, https:\/\/ponistra-schaul.lu\/wp-content\/uploads\/2022\/10\/garagentor-6-600x338.jpg 600w\" sizes=\"(max-width: 1024px) 100vw, 1024px\" \/><\/figure>\n<\/li>\n<li class=\"blocks-gallery-item\">\n<figure><img decoding=\"async\" loading=\"lazy\" width=\"1024\" height=\"647\" class=\"wp-image-2746\" src=\"https:\/\/ponistra-schaul.lu\/wp-content\/uploads\/2022\/10\/garagentor-7-1024x647.jpg\" alt=\"\" data-id=\"2746\" data-full-url=\"https:\/\/ponistra-schaul.lu\/wp-content\/uploads\/2022\/10\/garagentor-7-scaled.jpg\" data-link=\"https:\/\/ponistra-schaul.lu\/was-wir-tun\/ausenanlagen\/garagentor-7\/\" srcset=\"https:\/\/ponistra-schaul.lu\/wp-content\/uploads\/2022\/10\/garagentor-7-1024x647.jpg 1024w, https:\/\/ponistra-schaul.lu\/wp-content\/uploads\/2022\/10\/garagentor-7-300x189.jpg 300w, https:\/\/ponistra-schaul.lu\/wp-content\/uploads\/2022\/10\/garagentor-7-768x485.jpg 768w, https:\/\/ponistra-schaul.lu\/wp-content\/uploads\/2022\/10\/garagentor-7-1536x970.jpg 1536w, https:\/\/ponistra-schaul.lu\/wp-content\/uploads\/2022\/10\/garagentor-7-2048x1293.jpg 2048w, https:\/\/ponistra-schaul.lu\/wp-content\/uploads\/2022\/10\/garagentor-7-370x234.jpg 370w, https:\/\/ponistra-schaul.lu\/wp-content\/uploads\/2022\/10\/garagentor-7-1200x758.jpg 1200w, https:\/\/ponistra-schaul.lu\/wp-content\/uploads\/2022\/10\/garagentor-7-360x227.jpg 360w, https:\/\/ponistra-schaul.lu\/wp-content\/uploads\/2022\/10\/garagentor-7-600x379.jpg 600w\" sizes=\"(max-width: 1024px) 100vw, 1024px\" \/><\/figure>\n<\/li>\n<li class=\"blocks-gallery-item\">\n<figure><img decoding=\"async\" loading=\"lazy\" width=\"1024\" height=\"768\" class=\"wp-image-2747\" src=\"https:\/\/ponistra-schaul.lu\/wp-content\/uploads\/2022\/10\/garagentor-8-1024x768.jpg\" alt=\"\" data-id=\"2747\" data-full-url=\"https:\/\/ponistra-schaul.lu\/wp-content\/uploads\/2022\/10\/garagentor-8.jpg\" data-link=\"https:\/\/ponistra-schaul.lu\/was-wir-tun\/ausenanlagen\/garagentor-8\/\" srcset=\"https:\/\/ponistra-schaul.lu\/wp-content\/uploads\/2022\/10\/garagentor-8-1024x768.jpg 1024w, https:\/\/ponistra-schaul.lu\/wp-content\/uploads\/2022\/10\/garagentor-8-300x225.jpg 300w, https:\/\/ponistra-schaul.lu\/wp-content\/uploads\/2022\/10\/garagentor-8-768x576.jpg 768w, https:\/\/ponistra-schaul.lu\/wp-content\/uploads\/2022\/10\/garagentor-8-1536x1152.jpg 1536w, https:\/\/ponistra-schaul.lu\/wp-content\/uploads\/2022\/10\/garagentor-8-2048x1536.jpg 2048w, https:\/\/ponistra-schaul.lu\/wp-content\/uploads\/2022\/10\/garagentor-8-370x278.jpg 370w, https:\/\/ponistra-schaul.lu\/wp-content\/uploads\/2022\/10\/garagentor-8-1200x900.jpg 1200w, https:\/\/ponistra-schaul.lu\/wp-content\/uploads\/2022\/10\/garagentor-8-360x270.jpg 360w, https:\/\/ponistra-schaul.lu\/wp-content\/uploads\/2022\/10\/garagentor-8-600x450.jpg 600w\" sizes=\"(max-width: 1024px) 100vw, 1024px\" \/><\/figure>\n<\/li>\n<\/ul>\n<\/figure>\n<p>\n\n\n<p>\u00a0<\/p>\n<p>\u00a0<\/p>","protected":false},"excerpt":{"rendered":"<p>[vc_row][vc_column][vc_column_text] Einbau und Instandhaltung von Garagentoren [\/vc_column_text][vc_column_text] Garagen-Sektionaltore \u00f6ffnen sich senkrecht, ben\u00f6tigen wenig Platz an der Garagendecke und erm\u00f6glichen die Nutzung der vollen Garagen\u00f6ffnung. Sie sind sehr wetterbest\u00e4ndig, haben eine lange Betriebsdauer und sehr bequem zu steuern. Kontaktieren Sie uns&#8230;<\/p>\n","protected":false},"author":1,"featured_media":0,"parent":747,"menu_order":0,"comment_status":"closed","ping_status":"closed","template":"","meta":[],"_links":{"self":[{"href":"https:\/\/ponistra-schaul.lu\/de\/wp-json\/wp\/v2\/pages\/1776"}],"collection":[{"href":"https:\/\/ponistra-schaul.lu\/de\/wp-json\/wp\/v2\/pages"}],"about":[{"href":"https:\/\/ponistra-schaul.lu\/de\/wp-json\/wp\/v2\/types\/page"}],"author":[{"embeddable":true,"href":"https:\/\/ponistra-schaul.lu\/de\/wp-json\/wp\/v2\/users\/1"}],"replies":[{"embeddable":true,"href":"https:\/\/ponistra-schaul.lu\/de\/wp-json\/wp\/v2\/comments?post=1776"}],"version-history":[{"count":12,"href":"https:\/\/ponistra-schaul.lu\/de\/wp-json\/wp\/v2\/pages\/1776\/revisions"}],"predecessor-version":[{"id":3367,"href":"https:\/\/ponistra-schaul.lu\/de\/wp-json\/wp\/v2\/pages\/1776\/revisions\/3367"}],"up":[{"embeddable":true,"href":"https:\/\/ponistra-schaul.lu\/de\/wp-json\/wp\/v2\/pages\/747"}],"wp:attachment":[{"href":"https:\/\/ponistra-schaul.lu\/de\/wp-json\/wp\/v2\/media?parent=1776"}],"curies":[{"name":"wp","href":"https:\/\/api.w.org\/{rel}","templated":true}]}}