
{"id":1614,"date":"2018-04-08T12:47:12","date_gmt":"2018-04-08T12:47:12","guid":{"rendered":"http:\/\/localhost\/schreinerei-kolar\/?page_id=1614"},"modified":"2025-04-04T16:43:24","modified_gmt":"2025-04-04T16:43:24","slug":"rolladentechnik","status":"publish","type":"page","link":"https:\/\/ponistra-schaul.lu\/de\/leistungen\/rolladentechnik\/","title":{"rendered":"Rolladentechnik"},"content":{"rendered":"<h3>Rolladen oder Raffstore<\/h3>\n<p><img decoding=\"async\" loading=\"lazy\" class=\"alignleft wp-image-2979 size-medium\" src=\"https:\/\/ponistra-schaul.lu\/wp-content\/uploads\/2023\/06\/rolladen-grafik-300x196.jpg\" alt=\"\" width=\"300\" height=\"196\" srcset=\"https:\/\/ponistra-schaul.lu\/wp-content\/uploads\/2023\/06\/rolladen-grafik-300x196.jpg 300w, https:\/\/ponistra-schaul.lu\/wp-content\/uploads\/2023\/06\/rolladen-grafik-370x241.jpg 370w, https:\/\/ponistra-schaul.lu\/wp-content\/uploads\/2023\/06\/rolladen-grafik-360x235.jpg 360w, https:\/\/ponistra-schaul.lu\/wp-content\/uploads\/2023\/06\/rolladen-grafik-600x392.jpg 600w, https:\/\/ponistra-schaul.lu\/wp-content\/uploads\/2023\/06\/rolladen-grafik.jpg 662w\" sizes=\"(max-width: 300px) 100vw, 300px\" \/>Wenn man sich f\u00fcr ein modernes und zeitgem\u00e4\u00dfes Fenster entscheidet, sollte man auch auf ein ad\u00e4quates und intelligentes Rolladensystem setzen. Wir bieten L\u00f6sungen sowohl f\u00fcr Neubau als auch Modernisierung. Nicht zuletzt sind Energieeffizienz und Schallschutz entscheidende Faktoren, die Sie beim Erwerb eines Rolladensystems ber\u00fccksichtigen m\u00fcssen.<\/p>\n<p>Besonders heben wir an dieser Stelle die Alu Raffstore Technologie hervor, die sich um die Regelung des Lichteinfalls k\u00fcmmert und Ihnen ein hervorragendes Wohngef\u00fchl garantiert.<\/p>\n<p>Bei der Frage, ob Rolladen oder Raffstore stehen wir Ihnen gerne mit Rat zur Seite.<\/p>\n<p><a href=\"mailto: info@ponistra-schaul.lu\">Kontaktieren Sie uns.<\/a><\/p>\n<p><img decoding=\"async\" loading=\"lazy\" class=\"alignnone wp-image-2985 size-large\" src=\"https:\/\/ponistra-schaul.lu\/wp-content\/uploads\/2023\/06\/rolladen-grafik3-1024x425.jpg\" alt=\"\" width=\"967\" height=\"401\" srcset=\"https:\/\/ponistra-schaul.lu\/wp-content\/uploads\/2023\/06\/rolladen-grafik3-1024x425.jpg 1024w, https:\/\/ponistra-schaul.lu\/wp-content\/uploads\/2023\/06\/rolladen-grafik3-300x125.jpg 300w, https:\/\/ponistra-schaul.lu\/wp-content\/uploads\/2023\/06\/rolladen-grafik3-768x319.jpg 768w, https:\/\/ponistra-schaul.lu\/wp-content\/uploads\/2023\/06\/rolladen-grafik3-370x154.jpg 370w, https:\/\/ponistra-schaul.lu\/wp-content\/uploads\/2023\/06\/rolladen-grafik3-360x150.jpg 360w, https:\/\/ponistra-schaul.lu\/wp-content\/uploads\/2023\/06\/rolladen-grafik3-600x249.jpg 600w, https:\/\/ponistra-schaul.lu\/wp-content\/uploads\/2023\/06\/rolladen-grafik3.jpg 1098w\" sizes=\"(max-width: 967px) 100vw, 967px\" \/><\/p>\n\n\n<figure class=\"wp-block-image size-large\"><img decoding=\"async\" loading=\"lazy\" width=\"1024\" height=\"683\" src=\"https:\/\/ponistra-schaul.lu\/wp-content\/uploads\/2023\/06\/Rollladen-1024x683.jpg\" alt=\"\" class=\"wp-image-3230\" srcset=\"https:\/\/ponistra-schaul.lu\/wp-content\/uploads\/2023\/06\/Rollladen-1024x683.jpg 1024w, https:\/\/ponistra-schaul.lu\/wp-content\/uploads\/2023\/06\/Rollladen-300x200.jpg 300w, https:\/\/ponistra-schaul.lu\/wp-content\/uploads\/2023\/06\/Rollladen-768x512.jpg 768w, https:\/\/ponistra-schaul.lu\/wp-content\/uploads\/2023\/06\/Rollladen-1536x1024.jpg 1536w, https:\/\/ponistra-schaul.lu\/wp-content\/uploads\/2023\/06\/Rollladen-2048x1365.jpg 2048w, https:\/\/ponistra-schaul.lu\/wp-content\/uploads\/2023\/06\/Rollladen-370x247.jpg 370w, https:\/\/ponistra-schaul.lu\/wp-content\/uploads\/2023\/06\/Rollladen-1200x800.jpg 1200w, https:\/\/ponistra-schaul.lu\/wp-content\/uploads\/2023\/06\/Rollladen-360x240.jpg 360w, https:\/\/ponistra-schaul.lu\/wp-content\/uploads\/2023\/06\/Rollladen-600x400.jpg 600w\" sizes=\"(max-width: 1024px) 100vw, 1024px\" \/><\/figure>\n\n\n\n<div class=\"wp-block-cover is-light\"><span aria-hidden=\"true\" class=\"wp-block-cover__background has-background-dim\"><\/span><img decoding=\"async\" loading=\"lazy\" width=\"662\" height=\"432\" class=\"wp-block-cover__image-background wp-image-2979\" alt=\"\" src=\"https:\/\/ponistra-schaul.lu\/wp-content\/uploads\/2023\/06\/rolladen-grafik.jpg\" data-object-fit=\"cover\" srcset=\"https:\/\/ponistra-schaul.lu\/wp-content\/uploads\/2023\/06\/rolladen-grafik.jpg 662w, https:\/\/ponistra-schaul.lu\/wp-content\/uploads\/2023\/06\/rolladen-grafik-300x196.jpg 300w, https:\/\/ponistra-schaul.lu\/wp-content\/uploads\/2023\/06\/rolladen-grafik-370x241.jpg 370w, https:\/\/ponistra-schaul.lu\/wp-content\/uploads\/2023\/06\/rolladen-grafik-360x235.jpg 360w, https:\/\/ponistra-schaul.lu\/wp-content\/uploads\/2023\/06\/rolladen-grafik-600x392.jpg 600w\" sizes=\"(max-width: 662px) 100vw, 662px\" \/><div class=\"wp-block-cover__inner-container\">\n<p class=\"has-text-align-center has-large-font-size\"><\/p>\n<\/div><\/div>\n\n\n\n<figure class=\"wp-block-image size-large\"><img decoding=\"async\" loading=\"lazy\" width=\"1024\" height=\"768\" src=\"https:\/\/ponistra-schaul.lu\/wp-content\/uploads\/2023\/06\/window-1232371_1920-1024x768.jpg\" alt=\"\" class=\"wp-image-3141\" srcset=\"https:\/\/ponistra-schaul.lu\/wp-content\/uploads\/2023\/06\/window-1232371_1920-1024x768.jpg 1024w, https:\/\/ponistra-schaul.lu\/wp-content\/uploads\/2023\/06\/window-1232371_1920-300x225.jpg 300w, https:\/\/ponistra-schaul.lu\/wp-content\/uploads\/2023\/06\/window-1232371_1920-768x576.jpg 768w, https:\/\/ponistra-schaul.lu\/wp-content\/uploads\/2023\/06\/window-1232371_1920-1536x1152.jpg 1536w, https:\/\/ponistra-schaul.lu\/wp-content\/uploads\/2023\/06\/window-1232371_1920-370x278.jpg 370w, https:\/\/ponistra-schaul.lu\/wp-content\/uploads\/2023\/06\/window-1232371_1920-1200x900.jpg 1200w, https:\/\/ponistra-schaul.lu\/wp-content\/uploads\/2023\/06\/window-1232371_1920-360x270.jpg 360w, https:\/\/ponistra-schaul.lu\/wp-content\/uploads\/2023\/06\/window-1232371_1920-600x450.jpg 600w, https:\/\/ponistra-schaul.lu\/wp-content\/uploads\/2023\/06\/window-1232371_1920.jpg 1920w\" sizes=\"(max-width: 1024px) 100vw, 1024px\" \/><\/figure>\n","protected":false},"excerpt":{"rendered":"<p>Rolladen oder Raffstore Wenn man sich f\u00fcr ein modernes und zeitgem\u00e4\u00dfes Fenster entscheidet, sollte man auch auf ein ad\u00e4quates und intelligentes Rolladensystem setzen. Wir bieten L\u00f6sungen sowohl f\u00fcr Neubau als auch Modernisierung. Nicht zuletzt sind Energieeffizienz und Schallschutz entscheidende Faktoren,&#8230;<\/p>\n","protected":false},"author":1,"featured_media":0,"parent":747,"menu_order":0,"comment_status":"closed","ping_status":"closed","template":"","meta":[],"_links":{"self":[{"href":"https:\/\/ponistra-schaul.lu\/de\/wp-json\/wp\/v2\/pages\/1614"}],"collection":[{"href":"https:\/\/ponistra-schaul.lu\/de\/wp-json\/wp\/v2\/pages"}],"about":[{"href":"https:\/\/ponistra-schaul.lu\/de\/wp-json\/wp\/v2\/types\/page"}],"author":[{"embeddable":true,"href":"https:\/\/ponistra-schaul.lu\/de\/wp-json\/wp\/v2\/users\/1"}],"replies":[{"embeddable":true,"href":"https:\/\/ponistra-schaul.lu\/de\/wp-json\/wp\/v2\/comments?post=1614"}],"version-history":[{"count":20,"href":"https:\/\/ponistra-schaul.lu\/de\/wp-json\/wp\/v2\/pages\/1614\/revisions"}],"predecessor-version":[{"id":3373,"href":"https:\/\/ponistra-schaul.lu\/de\/wp-json\/wp\/v2\/pages\/1614\/revisions\/3373"}],"up":[{"embeddable":true,"href":"https:\/\/ponistra-schaul.lu\/de\/wp-json\/wp\/v2\/pages\/747"}],"wp:attachment":[{"href":"https:\/\/ponistra-schaul.lu\/de\/wp-json\/wp\/v2\/media?parent=1614"}],"curies":[{"name":"wp","href":"https:\/\/api.w.org\/{rel}","templated":true}]}}